{"id":818,"date":"2021-03-22T12:55:03","date_gmt":"2021-03-22T17:55:03","guid":{"rendered":"http:\/\/etagro.com\/new\/?post_type=product&#038;p=818"},"modified":"2025-10-22T01:32:13","modified_gmt":"2025-10-22T06:32:13","slug":"secadoras-tipo-silo-para-cafe-sc","status":"publish","type":"product","link":"https:\/\/etagro.com\/?product=secadoras-tipo-silo-para-cafe-sc","title":{"rendered":"Secadoras Tipo Silo Para Caf\u00e9 SC"},"content":{"rendered":"<h4>Descripci\u00f3n del Producto<\/h4>\n<p>Las secadoras tipo silo SC Penagos presentan un dise\u00f1o especial con materiales de la m\u00e1s alta calidad, pintura electroest\u00e1tica y cuenta con una compuerta inferior para la descarga del caf\u00e9 lo que permite que sea f\u00e1cil de operar.<\/p>\n<p>Su secador de tres mallas mejora la calidad del secado dando una mayor homogeneidad al grano, requiere de una menor \u00e1rea y tiempo de secado disminuyendo as\u00ed los costos por mano de obra.<\/p>\n<h2 id=\"fancy-title-6058d7bd52115\" class=\"mk-shortcode mk-fancy-title fancy-title-align-left pattern-style \">Ventajas<\/h2>\n<div class=\"clearboth\"><\/div>\n<div id=\"list-style-6058d7bd521b3\" class=\"mk-list-styles mk-shortcode mk-align-none \">\n<ul>\n<li>F\u00e1cil de operar.<\/li>\n<li>Menor \u00e1rea requerida para secado.<\/li>\n<li>Secador de tres mallas.<\/li>\n<li>Reducci\u00f3n de costos por mano de obra.<\/li>\n<li>Bajo consumo de potencia.<\/li>\n<li>V\u00e1lvula solenoide de seguridad para gas.<\/li>\n<\/ul>\n<table width=\"100%\">\n<thead>\n<tr>\n<th>REFERENCIA<\/th>\n<th><strong>CAPACIDAD<\/strong><\/th>\n<\/tr>\n<\/thead>\n<tbody>\n<tr>\n<td>SC \u2013 5<\/td>\n<td>5 arrobas de caf\u00e9 pergamino seco<\/td>\n<\/tr>\n<tr>\n<td>SC \u2013 7.5<\/td>\n<td>7.5 arrobas de caf\u00e9 pergamino seco<\/td>\n<\/tr>\n<tr>\n<td>SC \u2013 10<\/td>\n<td>10 arrobas de caf\u00e9 pergamino seco<\/td>\n<\/tr>\n<tr>\n<td>SC \u2013 15<\/td>\n<td>15 arrobas de caf\u00e9 pergamino seco<\/td>\n<\/tr>\n<tr>\n<td>SC \u2013 20<\/td>\n<td>20 arrobas de caf\u00e9 pergamino seco<\/td>\n<\/tr>\n<tr>\n<td>SC \u2013 25<\/td>\n<td>25 arrobas de caf\u00e9 pergamino seco<\/td>\n<\/tr>\n<tr>\n<td>SC \u2013 40<\/td>\n<td>40 arrobas de caf\u00e9 pergamino seco<\/td>\n<\/tr>\n<\/tbody>\n<\/table>\n<\/div>\n","protected":false},"excerpt":{"rendered":"<h4>Descripci\u00f3n del Producto<\/h4>\n<p>Las secadoras tipo silo SC Penagos presentan un dise\u00f1o especial con materiales de la m\u00e1s alta calidad, pintura electroest\u00e1tica y cuenta con una compuerta inferior para la descarga del caf\u00e9 lo que permite que sea f\u00e1cil de operar.<\/p>\n<p>Su secador de tres mallas mejora la calidad del secado dando una mayor homogeneidad al grano, requiere de una menor \u00e1rea y tiempo de secado disminuyendo as\u00ed los costos por mano de obra.<\/p>\n<h2 id=\"fancy-title-6058d7bd52115\" class=\"mk-shortcode mk-fancy-title fancy-title-align-left pattern-style \">Ventajas<\/h2>\n<div class=\"clearboth\"><\/div>\n<div id=\"list-style-6058d7bd521b3\" class=\"mk-list-styles mk-shortcode mk-align-none \">\n<ul>\n<li>F\u00e1cil de operar.<\/li>\n<li>Menor \u00e1rea requerida para secado.<\/li>\n<li>Secador de tres mallas.<\/li>\n<li>Reducci\u00f3n de costos por mano de obra.<\/li>\n<li>Bajo consumo de potencia.<\/li>\n<li>V\u00e1lvula solenoide de seguridad para gas.<\/li>\n<\/ul>\n<\/div>\n","protected":false},"featured_media":819,"comment_status":"open","ping_status":"closed","template":"","meta":{"_joinchat":[]},"product_brand":[],"product_cat":[30],"product_tag":[],"class_list":{"0":"post-818","1":"product","2":"type-product","3":"status-publish","4":"has-post-thumbnail","6":"product_cat-cafe-y-panela","8":"first","9":"instock","10":"taxable","11":"shipping-taxable","12":"purchasable","13":"product-type-simple"},"_links":{"self":[{"href":"https:\/\/etagro.com\/index.php?rest_route=\/wp\/v2\/product\/818","targetHints":{"allow":["GET"]}}],"collection":[{"href":"https:\/\/etagro.com\/index.php?rest_route=\/wp\/v2\/product"}],"about":[{"href":"https:\/\/etagro.com\/index.php?rest_route=\/wp\/v2\/types\/product"}],"replies":[{"embeddable":true,"href":"https:\/\/etagro.com\/index.php?rest_route=%2Fwp%2Fv2%2Fcomments&post=818"}],"wp:featuredmedia":[{"embeddable":true,"href":"https:\/\/etagro.com\/index.php?rest_route=\/wp\/v2\/media\/819"}],"wp:attachment":[{"href":"https:\/\/etagro.com\/index.php?rest_route=%2Fwp%2Fv2%2Fmedia&parent=818"}],"wp:term":[{"taxonomy":"product_brand","embeddable":true,"href":"https:\/\/etagro.com\/index.php?rest_route=%2Fwp%2Fv2%2Fproduct_brand&post=818"},{"taxonomy":"product_cat","embeddable":true,"href":"https:\/\/etagro.com\/index.php?rest_route=%2Fwp%2Fv2%2Fproduct_cat&post=818"},{"taxonomy":"product_tag","embeddable":true,"href":"https:\/\/etagro.com\/index.php?rest_route=%2Fwp%2Fv2%2Fproduct_tag&post=818"}],"curies":[{"name":"wp","href":"https:\/\/api.w.org\/{rel}","templated":true}]}}