{"id":799,"date":"2021-03-22T00:30:57","date_gmt":"2021-03-22T05:30:57","guid":{"rendered":"http:\/\/etagro.com\/new\/?post_type=product&#038;p=799"},"modified":"2025-10-22T01:33:31","modified_gmt":"2025-10-22T06:33:31","slug":"despulpadora-vertical-de-cafe-dv-255","status":"publish","type":"product","link":"https:\/\/etagro.com\/?product=despulpadora-vertical-de-cafe-dv-255","title":{"rendered":"Despulpadora Vertical De Caf\u00e9 DV-255CM"},"content":{"rendered":"<table width=\"100%\">\n<thead>\n<tr>\n<th>DESCRIPCI\u00d3N<\/th>\n<th>DV 255<\/th>\n<\/tr>\n<\/thead>\n<tbody>\n<tr>\n<td>Capacidad kg cereza \/ hora<\/td>\n<td>2200 a 2500<\/td>\n<\/tr>\n<tr>\n<td>RPM del volante<\/td>\n<td>500<\/td>\n<\/tr>\n<tr>\n<td>Potencia requerida en H.P. Motor el\u00e9ctrico<\/td>\n<td>2.0 HP<\/td>\n<\/tr>\n<tr>\n<td>Potencia requerida en H.P. Motor gasolina<\/td>\n<td>3.5 HP<\/td>\n<\/tr>\n<tr>\n<td>Chorros<\/td>\n<td>5<\/td>\n<\/tr>\n<tr>\n<td>Peso kg<\/td>\n<td>70<\/td>\n<\/tr>\n<tr>\n<td>Dimensiones generales L*A*A (cm)<\/td>\n<td>64 x 71 x 71<\/td>\n<\/tr>\n<\/tbody>\n<\/table>\n","protected":false},"excerpt":{"rendered":"<h4>Descripci\u00f3n del Producto<\/h4>\n<p>La despulpadora vertical DV 255 despulpa sin agua caf\u00e9 cereza maduro del mismo d\u00eda de recolecci\u00f3n, con porcentajes de da\u00f1o mec\u00e1nico y cascareo inferiores al 2%, y adem\u00e1s garantizando la NO presencia de granos en la pulpa.<\/p>\n<p>Posee una resistente camisa preformada de acero inoxidable, y\u00a0 cinco pecheros fundidos en hierro gris.<\/p>\n<h2 id=\"fancy-title-605828ee59ba5\" class=\"mk-shortcode mk-fancy-title fancy-title-align-left pattern-style \">Ventajas<\/h2>\n<div class=\"clearboth\"><\/div>\n<div id=\"list-style-605828ee59c44\" class=\"mk-list-styles mk-shortcode mk-align-none \">\n<ul>\n<li>Equipo que ocupa un m\u00ednimo espacio para su instalaci\u00f3n ofreciendo una gran capacidad de producci\u00f3n.<\/li>\n<li>El dise\u00f1o de los canales del pechero y la camisa permiten alta eficiencia en el despulpado y cero p\u00e9rdidas de grano en la pulpa<\/li>\n<li>Despulpa sin usar agua<\/li>\n<li>Bajo cascareo<\/li>\n<li>Aumenta la productividad<\/li>\n<li>Bajo da\u00f1o mec\u00e1nico<\/li>\n<\/ul>\n<\/div>\n","protected":false},"featured_media":800,"comment_status":"open","ping_status":"closed","template":"","meta":{"_joinchat":[]},"product_brand":[],"product_cat":[30],"product_tag":[],"class_list":{"0":"post-799","1":"product","2":"type-product","3":"status-publish","4":"has-post-thumbnail","6":"product_cat-cafe-y-panela","8":"first","9":"instock","10":"taxable","11":"shipping-taxable","12":"purchasable","13":"product-type-simple"},"_links":{"self":[{"href":"https:\/\/etagro.com\/index.php?rest_route=\/wp\/v2\/product\/799","targetHints":{"allow":["GET"]}}],"collection":[{"href":"https:\/\/etagro.com\/index.php?rest_route=\/wp\/v2\/product"}],"about":[{"href":"https:\/\/etagro.com\/index.php?rest_route=\/wp\/v2\/types\/product"}],"replies":[{"embeddable":true,"href":"https:\/\/etagro.com\/index.php?rest_route=%2Fwp%2Fv2%2Fcomments&post=799"}],"wp:featuredmedia":[{"embeddable":true,"href":"https:\/\/etagro.com\/index.php?rest_route=\/wp\/v2\/media\/800"}],"wp:attachment":[{"href":"https:\/\/etagro.com\/index.php?rest_route=%2Fwp%2Fv2%2Fmedia&parent=799"}],"wp:term":[{"taxonomy":"product_brand","embeddable":true,"href":"https:\/\/etagro.com\/index.php?rest_route=%2Fwp%2Fv2%2Fproduct_brand&post=799"},{"taxonomy":"product_cat","embeddable":true,"href":"https:\/\/etagro.com\/index.php?rest_route=%2Fwp%2Fv2%2Fproduct_cat&post=799"},{"taxonomy":"product_tag","embeddable":true,"href":"https:\/\/etagro.com\/index.php?rest_route=%2Fwp%2Fv2%2Fproduct_tag&post=799"}],"curies":[{"name":"wp","href":"https:\/\/api.w.org\/{rel}","templated":true}]}}