{"id":794,"date":"2021-03-22T00:14:48","date_gmt":"2021-03-22T05:14:48","guid":{"rendered":"http:\/\/etagro.com\/new\/?post_type=product&#038;p=794"},"modified":"2025-10-22T01:34:12","modified_gmt":"2025-10-22T06:34:12","slug":"despulpadora-horizontal-de-cafe-dh-6","status":"publish","type":"product","link":"https:\/\/etagro.com\/?product=despulpadora-horizontal-de-cafe-dh-6","title":{"rendered":"Despulpadora Horizontal De Caf\u00e9 DH-6"},"content":{"rendered":"<h4>Descripci\u00f3n del Producto<\/h4>\n<p>Concepto de despulpadora muy liviana y vers\u00e1til que posee una resistente camisa preformada de acero inoxidable<\/p>\n<p><b>Facilidad en el cambio de la camisa:\u00a0<\/b>Posee un novedoso sistema para encamisar dado que la camisa es un cilindro enterizo de l\u00e1mina de acero inoxidable calibre 22, el cual trae un refuerzo en cloruro de polivinilo (PVC) que no se oxida ni se deforma con la humedad y tiene una durabilidad tres veces mayor a la camisa de cobre bajo condiciones normales de trabajo.<\/p>\n<p>Esta camisa se cambia f\u00e1cilmente sin necesidad de clavos ni tacos.<\/p>\n<p><b>Gran desempe\u00f1o tanto manual como con motor debido a la ubicaci\u00f3n del manubrio:\u00a0<\/b>El manubrio se encuentra en el eje alimentador por lo tanto cuando se opera manualmente se obtiene una velocidad de cilindro igual a cuando se trabaja con motor, teniendo una f\u00e1cil adaptaci\u00f3n para motor a gasolina<\/p>\n<p><b>Facilidad para ajustar o calibrar el pechero:<\/b>\u00a0Se ajusta con solo 8 tuercas: 4 atr\u00e1s y 4\u00a0 al frente del pechero.<\/p>\n<h2 id=\"fancy-title-6057d0d21e51b\" class=\"mk-shortcode mk-fancy-title fancy-title-align-left pattern-style \">Ventajas<\/h2>\n<div class=\"clearboth\"><\/div>\n<div id=\"list-style-6057d0d21e5c0\" class=\"mk-list-styles mk-shortcode mk-align-none \">\n<ul>\n<li>El dise\u00f1o de los canales del pechero y la camisa permiten alta eficiencia en el despulpado y cero p\u00e9rdidas de grano en la pulpa.<\/li>\n<li>Despulpa sin usar agua.<\/li>\n<li>Bajo cascareo<\/li>\n<li>Aumenta la productividad<\/li>\n<li>Bajo da\u00f1o mec\u00e1nico<\/li>\n<li>Tolva de mayor capacidad de almacenamiento<\/li>\n<\/ul>\n<\/div>\n","protected":false},"excerpt":{"rendered":"<p>Beneficios ecol\u00f3gicos de caf\u00e9, Despulpadoras de caf\u00e9, Despulpadoras Horizontales, LineaCafe.<\/p>\n","protected":false},"featured_media":795,"comment_status":"open","ping_status":"closed","template":"","meta":{"_joinchat":[]},"product_brand":[],"product_cat":[30],"product_tag":[],"class_list":{"0":"post-794","1":"product","2":"type-product","3":"status-publish","4":"has-post-thumbnail","6":"product_cat-cafe-y-panela","8":"first","9":"instock","10":"taxable","11":"shipping-taxable","12":"purchasable","13":"product-type-simple"},"_links":{"self":[{"href":"https:\/\/etagro.com\/index.php?rest_route=\/wp\/v2\/product\/794","targetHints":{"allow":["GET"]}}],"collection":[{"href":"https:\/\/etagro.com\/index.php?rest_route=\/wp\/v2\/product"}],"about":[{"href":"https:\/\/etagro.com\/index.php?rest_route=\/wp\/v2\/types\/product"}],"replies":[{"embeddable":true,"href":"https:\/\/etagro.com\/index.php?rest_route=%2Fwp%2Fv2%2Fcomments&post=794"}],"wp:featuredmedia":[{"embeddable":true,"href":"https:\/\/etagro.com\/index.php?rest_route=\/wp\/v2\/media\/795"}],"wp:attachment":[{"href":"https:\/\/etagro.com\/index.php?rest_route=%2Fwp%2Fv2%2Fmedia&parent=794"}],"wp:term":[{"taxonomy":"product_brand","embeddable":true,"href":"https:\/\/etagro.com\/index.php?rest_route=%2Fwp%2Fv2%2Fproduct_brand&post=794"},{"taxonomy":"product_cat","embeddable":true,"href":"https:\/\/etagro.com\/index.php?rest_route=%2Fwp%2Fv2%2Fproduct_cat&post=794"},{"taxonomy":"product_tag","embeddable":true,"href":"https:\/\/etagro.com\/index.php?rest_route=%2Fwp%2Fv2%2Fproduct_tag&post=794"}],"curies":[{"name":"wp","href":"https:\/\/api.w.org\/{rel}","templated":true}]}}