{"id":459,"date":"2021-03-02T19:23:19","date_gmt":"2021-03-03T00:23:19","guid":{"rendered":"http:\/\/etagro.com\/new\/?post_type=product&#038;p=459"},"modified":"2025-10-22T01:35:35","modified_gmt":"2025-10-22T06:35:35","slug":"picadora-para-ensilaje-penagos-pe1200-pe1200t","status":"publish","type":"product","link":"https:\/\/etagro.com\/?product=picadora-para-ensilaje-penagos-pe1200-pe1200t","title":{"rendered":"Picadora Para Ensilaje PENAGOS PE1200 \/ PE1200T"},"content":{"rendered":"<div class=\"product-description\">\n<div class=\"product-ldesc\">\n<ul>\n<li>Picadora ensiladora estacionaria y de campo cuando se acciona con el toma fuerza del tractor en sus tres puntos.<\/li>\n<\/ul>\n<div id=\"list-style-5dc06e30781b7\" class=\"mk-list-styles mk-shortcode mk-align-none \">\n<ul>\n<li>Pica ca\u00f1a, pasto, sorgo, ma\u00edz, desechos de cosechas y en general todo tipo de forraje.<\/li>\n<\/ul>\n<ul>\n<li>Vers\u00e1til por sus cuatro tama\u00f1os de corte, le permite desde un picado fino para ensilaje, hasta una picado largo ideal para la raci\u00f3n diaria.<\/li>\n<\/ul>\n<ul>\n<li>Sistema de retroceso en la alimentaci\u00f3n en caso de atascamiento por sobrealimentaci\u00f3n o entrada de objetos extra\u00f1os.<\/li>\n<\/ul>\n<ul>\n<li>Variando la posici\u00f3n de dos juegos de engranajes obtendremos cuatro tama\u00f1os de corte 5, 7, 11 y 14mm.<\/li>\n<\/ul>\n<\/div>\n<h3><\/h3>\n<h3>Especificaciones T\u00e9cnicas<\/h3>\n<ul>\n<li>Producci\u00f3n Kg\/h: 2.500 \u2013 5.500*<\/li>\n<\/ul>\n<ul>\n<li>Velocidad de operaci\u00f3n RPM: 1.100 \u2013 1500<\/li>\n<\/ul>\n<ul>\n<li>Potencia requerida HP El\u00e9ctrico: 7.5 \u2013 10<\/li>\n<\/ul>\n<ul>\n<li>Potencia requerida HP Gasolina: 14 \u2013 20<\/li>\n<\/ul>\n<ul>\n<li>N\u00famero de cuchillas m\u00f3viles: 3<\/li>\n<\/ul>\n<ul>\n<li>N\u00famero de cuchillas fijas: 1<\/li>\n<\/ul>\n<ul>\n<li>Longitud de corte en mil\u00edmetros: 5, 7, 11 y 14<\/li>\n<\/ul>\n<ul>\n<li>Di\u00e1metro polea m\u00e1quina: 12\u201d Tipo B<\/li>\n<\/ul>\n<ul>\n<li>Di\u00e1metro polea motor el\u00e9ctrico 1800 RPM en pulgadas: Doble de 8.1\/4\u201d Tipo B<\/li>\n<\/ul>\n<ul>\n<li>Potencia para accionamiento tractor HP: 20 m\u00ednimo<\/li>\n<\/ul>\n<ul>\n<li>Di\u00e1metro polea motor 3600 RPM en pulgadas: Doble de 4\u201d Tipo B<\/li>\n<\/ul>\n<ul>\n<li>Dimensiones. Largo * Ancho * Alto: 140 * 150 * 200 cm<\/li>\n<\/ul>\n<ul>\n<li>Peso en kilogramos: 250<\/li>\n<\/ul>\n<p>&nbsp;<\/p>\n<\/div>\n<\/div>\n<div class=\"product-specs\">\n<table class=\"table table-striped\">\n<tbody>\n<tr>\n<td>Dimensiones (Largo x Ancho x Alto)<\/td>\n<td><span class=\"product-dimensions\">140 x 150 x 200 Centimetre<\/span><\/td>\n<\/tr>\n<tr>\n<td>Peso<\/td>\n<td><span class=\"product-weight\">250 Kilogram<\/span><\/td>\n<\/tr>\n<\/tbody>\n<\/table>\n<\/div>\n","protected":false},"excerpt":{"rendered":"<div class=\"product-description\">\n<div class=\"product-ldesc\">\n<ul>\n<li>Producci\u00f3n Kg\/h: 2.500 \u2013 5.500*<\/li>\n<li>Velocidad de operaci\u00f3n RPM: 1.100 \u2013 1500<\/li>\n<\/ul>\n<ul>\n<li>Potencia requerida HP El\u00e9ctrico: 7.5 \u2013 10<\/li>\n<\/ul>\n<ul>\n<li>Potencia requerida HP Gasolina: 14 \u2013 20<\/li>\n<\/ul>\n<ul>\n<li>N\u00famero de cuchillas m\u00f3viles: 3<\/li>\n<\/ul>\n<ul>\n<li>N\u00famero de cuchillas fijas: 1<\/li>\n<\/ul>\n<ul>\n<li>Longitud de corte en mil\u00edmetros: 5, 7, 11 y 14<\/li>\n<\/ul>\n<ul>\n<li>Di\u00e1metro polea m\u00e1quina: 12\u201d Tipo B<\/li>\n<\/ul>\n<ul>\n<li>Di\u00e1metro polea motor el\u00e9ctrico 1800 RPM en pulgadas: Doble de 8.1\/4\u201d Tipo B<\/li>\n<\/ul>\n<ul>\n<li>Potencia para accionamiento tractor HP: 20 m\u00ednimo<\/li>\n<\/ul>\n<ul>\n<li>Di\u00e1metro polea motor 3600 RPM en pulgadas: Doble de 4\u201d Tipo B<\/li>\n<\/ul>\n<ul>\n<li>Dimensiones. Largo * Ancho * Alto: 140 * 150 * 200 cm<\/li>\n<\/ul>\n<ul>\n<li>Peso en kilogramos: 250<\/li>\n<\/ul>\n<p>&nbsp;<\/p>\n<\/div>\n<\/div>\n","protected":false},"featured_media":460,"comment_status":"open","ping_status":"closed","template":"","meta":{"_joinchat":[]},"product_brand":[],"product_cat":[15],"product_tag":[],"class_list":{"0":"post-459","1":"product","2":"type-product","3":"status-publish","4":"has-post-thumbnail","6":"product_cat-tienda","8":"first","9":"instock","10":"taxable","11":"shipping-taxable","12":"purchasable","13":"product-type-simple"},"_links":{"self":[{"href":"https:\/\/etagro.com\/index.php?rest_route=\/wp\/v2\/product\/459","targetHints":{"allow":["GET"]}}],"collection":[{"href":"https:\/\/etagro.com\/index.php?rest_route=\/wp\/v2\/product"}],"about":[{"href":"https:\/\/etagro.com\/index.php?rest_route=\/wp\/v2\/types\/product"}],"replies":[{"embeddable":true,"href":"https:\/\/etagro.com\/index.php?rest_route=%2Fwp%2Fv2%2Fcomments&post=459"}],"wp:featuredmedia":[{"embeddable":true,"href":"https:\/\/etagro.com\/index.php?rest_route=\/wp\/v2\/media\/460"}],"wp:attachment":[{"href":"https:\/\/etagro.com\/index.php?rest_route=%2Fwp%2Fv2%2Fmedia&parent=459"}],"wp:term":[{"taxonomy":"product_brand","embeddable":true,"href":"https:\/\/etagro.com\/index.php?rest_route=%2Fwp%2Fv2%2Fproduct_brand&post=459"},{"taxonomy":"product_cat","embeddable":true,"href":"https:\/\/etagro.com\/index.php?rest_route=%2Fwp%2Fv2%2Fproduct_cat&post=459"},{"taxonomy":"product_tag","embeddable":true,"href":"https:\/\/etagro.com\/index.php?rest_route=%2Fwp%2Fv2%2Fproduct_tag&post=459"}],"curies":[{"name":"wp","href":"https:\/\/api.w.org\/{rel}","templated":true}]}}