{"id":456,"date":"2021-03-02T19:14:46","date_gmt":"2021-03-03T00:14:46","guid":{"rendered":"http:\/\/etagro.com\/new\/?post_type=product&#038;p=456"},"modified":"2025-10-22T01:36:01","modified_gmt":"2025-10-22T06:36:01","slug":"molino-de-discos-penagos-mdp60","status":"publish","type":"product","link":"https:\/\/etagro.com\/?product=molino-de-discos-penagos-mdp60","title":{"rendered":"Molino De Discos PENAGOS MDP60"},"content":{"rendered":"<p>Los molinos para granos MDP 60 Penagos son de gran utilidad en las industrias grandes o peque\u00f1as.<\/p>\n<p>Tiene gran aceptaci\u00f3n para moler caf\u00e9.<\/p>\n<p>Con \u00e9l se obtiene una molienda fina, mediante el ajuste apropiado de los discos y colocando la fuerza (HP) necesaria. Simple y robusto.<\/p>\n<p>Este molino incluye dos juegos de\u00a0 discos, uno de estriado grueso y otro de estriado fino.<\/p>\n<p>Si el uso del equipo es para moler caf\u00e9, puede solicitar que le entreguen la m\u00e1quina con los dos juegos discos de estriado fino, aclarando que los necesita para moler caf\u00e9.<\/p>\n<p>&nbsp;<\/p>\n<h3>Ventajas<\/h3>\n<ul>\n<li>F\u00e1cil de operar y mantener.<\/li>\n<li>Vers\u00e1til.<\/li>\n<li>Larga vida \u00fatil<\/li>\n<\/ul>\n","protected":false},"excerpt":{"rendered":"<p>Los molinos para granos MDP 60 Penagos son de gran utilidad en las industrias grandes o peque\u00f1as.<\/p>\n<p>Tiene gran aceptaci\u00f3n para moler caf\u00e9.<\/p>\n<p>Con \u00e9l se obtiene una molienda fina, mediante el ajuste apropiado de los discos y colocando la fuerza (HP) necesaria. Simple y robusto.<\/p>\n<p>Este molino incluye dos juegos de\u00a0 discos, uno de estriado grueso y otro de estriado fino.<\/p>\n<p>Si el uso del equipo es para moler caf\u00e9, puede solicitar que le entreguen la m\u00e1quina con los dos juegos discos de estriado fino, aclarando que los necesita para moler caf\u00e9.<\/p>\n","protected":false},"featured_media":457,"comment_status":"open","ping_status":"closed","template":"","meta":{"_joinchat":[]},"product_brand":[],"product_cat":[37],"product_tag":[],"class_list":{"0":"post-456","1":"product","2":"type-product","3":"status-publish","4":"has-post-thumbnail","6":"product_cat-ensiladoras-y-molinos","8":"first","9":"instock","10":"taxable","11":"shipping-taxable","12":"purchasable","13":"product-type-simple"},"_links":{"self":[{"href":"https:\/\/etagro.com\/index.php?rest_route=\/wp\/v2\/product\/456","targetHints":{"allow":["GET"]}}],"collection":[{"href":"https:\/\/etagro.com\/index.php?rest_route=\/wp\/v2\/product"}],"about":[{"href":"https:\/\/etagro.com\/index.php?rest_route=\/wp\/v2\/types\/product"}],"replies":[{"embeddable":true,"href":"https:\/\/etagro.com\/index.php?rest_route=%2Fwp%2Fv2%2Fcomments&post=456"}],"wp:featuredmedia":[{"embeddable":true,"href":"https:\/\/etagro.com\/index.php?rest_route=\/wp\/v2\/media\/457"}],"wp:attachment":[{"href":"https:\/\/etagro.com\/index.php?rest_route=%2Fwp%2Fv2%2Fmedia&parent=456"}],"wp:term":[{"taxonomy":"product_brand","embeddable":true,"href":"https:\/\/etagro.com\/index.php?rest_route=%2Fwp%2Fv2%2Fproduct_brand&post=456"},{"taxonomy":"product_cat","embeddable":true,"href":"https:\/\/etagro.com\/index.php?rest_route=%2Fwp%2Fv2%2Fproduct_cat&post=456"},{"taxonomy":"product_tag","embeddable":true,"href":"https:\/\/etagro.com\/index.php?rest_route=%2Fwp%2Fv2%2Fproduct_tag&post=456"}],"curies":[{"name":"wp","href":"https:\/\/api.w.org\/{rel}","templated":true}]}}