{"id":4318,"date":"2025-10-14T03:47:52","date_gmt":"2025-10-14T08:47:52","guid":{"rendered":"https:\/\/etagro.com\/new\/?product=generador-ge-8500des"},"modified":"2025-10-14T03:47:52","modified_gmt":"2025-10-14T08:47:52","slug":"generador-ge-8500des","status":"publish","type":"product","link":"https:\/\/etagro.com\/?product=generador-ge-8500des","title":{"rendered":"Generador GE 8500DES"},"content":{"rendered":"<p>Generador el\u00e9ctrico GE 8500DES con motor di\u00e9sel de 14 HP, potencia continua de 6000 W y m\u00e1xima de 6500 W. Voltaje 110\/220 V, arranque el\u00e9ctrico, dise\u00f1o robusto y silencioso.<\/p>\n","protected":false},"excerpt":{"rendered":"<p>Generador di\u00e9sel 14 HP, 6000 W continuos, 6500 W m\u00e1x., 110\/220 V<\/p>\n","protected":false},"featured_media":4313,"comment_status":"open","ping_status":"closed","template":"","meta":{"_joinchat":[]},"product_brand":[],"product_cat":[26],"product_tag":[],"class_list":{"0":"post-4318","1":"product","2":"type-product","3":"status-publish","4":"has-post-thumbnail","6":"product_cat-potencia-y-energia","8":"first","9":"instock","10":"taxable","11":"shipping-taxable","12":"purchasable","13":"product-type-simple"},"_links":{"self":[{"href":"https:\/\/etagro.com\/index.php?rest_route=\/wp\/v2\/product\/4318","targetHints":{"allow":["GET"]}}],"collection":[{"href":"https:\/\/etagro.com\/index.php?rest_route=\/wp\/v2\/product"}],"about":[{"href":"https:\/\/etagro.com\/index.php?rest_route=\/wp\/v2\/types\/product"}],"replies":[{"embeddable":true,"href":"https:\/\/etagro.com\/index.php?rest_route=%2Fwp%2Fv2%2Fcomments&post=4318"}],"wp:featuredmedia":[{"embeddable":true,"href":"https:\/\/etagro.com\/index.php?rest_route=\/wp\/v2\/media\/4313"}],"wp:attachment":[{"href":"https:\/\/etagro.com\/index.php?rest_route=%2Fwp%2Fv2%2Fmedia&parent=4318"}],"wp:term":[{"taxonomy":"product_brand","embeddable":true,"href":"https:\/\/etagro.com\/index.php?rest_route=%2Fwp%2Fv2%2Fproduct_brand&post=4318"},{"taxonomy":"product_cat","embeddable":true,"href":"https:\/\/etagro.com\/index.php?rest_route=%2Fwp%2Fv2%2Fproduct_cat&post=4318"},{"taxonomy":"product_tag","embeddable":true,"href":"https:\/\/etagro.com\/index.php?rest_route=%2Fwp%2Fv2%2Fproduct_tag&post=4318"}],"curies":[{"name":"wp","href":"https:\/\/api.w.org\/{rel}","templated":true}]}}