{"id":4309,"date":"2025-10-14T03:44:33","date_gmt":"2025-10-14T08:44:33","guid":{"rendered":"https:\/\/etagro.com\/new\/?product=motobomba-mba-6614dng"},"modified":"2025-10-14T03:44:34","modified_gmt":"2025-10-14T08:44:34","slug":"motobomba-mba-6614dng","status":"publish","type":"product","link":"https:\/\/etagro.com\/?product=motobomba-mba-6614dng","title":{"rendered":"Motobomba MBA 6614DNG"},"content":{"rendered":"<p>Motobomba MBA 6614DNG con motor di\u00e9sel de 14 HP, 3600 RPM. Succi\u00f3n y descarga de 6&#8243; x 6&#8243;, tanque de 5.5 L, altura m\u00e1xima 27 m y caudal m\u00e1ximo de 2270 lpm. Incluye tr\u00e1iler con ruedas.<\/p>\n","protected":false},"excerpt":{"rendered":"<p>Motobomba di\u00e9sel 14 HP, 6&#8243; x 6&#8243;, 2270 lpm, 27 m<\/p>\n","protected":false},"featured_media":4298,"comment_status":"open","ping_status":"closed","template":"","meta":{"_joinchat":[]},"product_brand":[],"product_cat":[25],"product_tag":[],"class_list":{"0":"post-4309","1":"product","2":"type-product","3":"status-publish","4":"has-post-thumbnail","6":"product_cat-motobombas","8":"first","9":"instock","10":"taxable","11":"shipping-taxable","12":"purchasable","13":"product-type-simple"},"_links":{"self":[{"href":"https:\/\/etagro.com\/index.php?rest_route=\/wp\/v2\/product\/4309","targetHints":{"allow":["GET"]}}],"collection":[{"href":"https:\/\/etagro.com\/index.php?rest_route=\/wp\/v2\/product"}],"about":[{"href":"https:\/\/etagro.com\/index.php?rest_route=\/wp\/v2\/types\/product"}],"replies":[{"embeddable":true,"href":"https:\/\/etagro.com\/index.php?rest_route=%2Fwp%2Fv2%2Fcomments&post=4309"}],"wp:featuredmedia":[{"embeddable":true,"href":"https:\/\/etagro.com\/index.php?rest_route=\/wp\/v2\/media\/4298"}],"wp:attachment":[{"href":"https:\/\/etagro.com\/index.php?rest_route=%2Fwp%2Fv2%2Fmedia&parent=4309"}],"wp:term":[{"taxonomy":"product_brand","embeddable":true,"href":"https:\/\/etagro.com\/index.php?rest_route=%2Fwp%2Fv2%2Fproduct_brand&post=4309"},{"taxonomy":"product_cat","embeddable":true,"href":"https:\/\/etagro.com\/index.php?rest_route=%2Fwp%2Fv2%2Fproduct_cat&post=4309"},{"taxonomy":"product_tag","embeddable":true,"href":"https:\/\/etagro.com\/index.php?rest_route=%2Fwp%2Fv2%2Fproduct_tag&post=4309"}],"curies":[{"name":"wp","href":"https:\/\/api.w.org\/{rel}","templated":true}]}}