{"id":4252,"date":"2025-10-14T03:20:58","date_gmt":"2025-10-14T08:20:58","guid":{"rendered":"https:\/\/etagro.com\/new\/?product=dtron-2-35-120"},"modified":"2025-10-14T03:21:30","modified_gmt":"2025-10-14T08:21:30","slug":"dtron-2-35-120","status":"publish","type":"product","link":"https:\/\/etagro.com\/?product=dtron-2-35-120","title":{"rendered":"DTRON 2 35\/120"},"content":{"rendered":"<p>Sistema de presurizaci\u00f3n electr\u00f3nico autom\u00e1tico sumergible On\/Off. No incluye variador de velocidad. Modelo DAB DTRON 2 35\/120 de 0.8 HP, 115V, 1 fase, 10.4A, conexi\u00f3n 1\u00bc\u00bb, presi\u00f3n m\u00e1xima 38 PSI, caudal m\u00e1ximo 120 LPM. Ideal para agua potable, aguas lluvias y riego de jardines.<\/p>\n","protected":false},"excerpt":{"rendered":"<p>Sistema de presurizaci\u00f3n electr\u00f3nico autom\u00e1tico sumergible On\/Off. No incluye variador de velocidad. Modelo DAB DTRON 2 35\/120 de 0.8 HP, 115V, 1 fase, 10.4A, conexi\u00f3n 1\u00bc\u00bb, presi\u00f3n m\u00e1xima 38 PSI, caudal m\u00e1ximo 120 LPM. Ideal para agua potable, aguas lluvias y riego de jardines.<\/p>\n","protected":false},"featured_media":4249,"comment_status":"open","ping_status":"closed","template":"","meta":{"_joinchat":[]},"product_brand":[],"product_cat":[25],"product_tag":[],"class_list":{"0":"post-4252","1":"product","2":"type-product","3":"status-publish","4":"has-post-thumbnail","6":"product_cat-motobombas","8":"first","9":"instock","10":"taxable","11":"shipping-taxable","12":"purchasable","13":"product-type-simple"},"_links":{"self":[{"href":"https:\/\/etagro.com\/index.php?rest_route=\/wp\/v2\/product\/4252","targetHints":{"allow":["GET"]}}],"collection":[{"href":"https:\/\/etagro.com\/index.php?rest_route=\/wp\/v2\/product"}],"about":[{"href":"https:\/\/etagro.com\/index.php?rest_route=\/wp\/v2\/types\/product"}],"replies":[{"embeddable":true,"href":"https:\/\/etagro.com\/index.php?rest_route=%2Fwp%2Fv2%2Fcomments&post=4252"}],"wp:featuredmedia":[{"embeddable":true,"href":"https:\/\/etagro.com\/index.php?rest_route=\/wp\/v2\/media\/4249"}],"wp:attachment":[{"href":"https:\/\/etagro.com\/index.php?rest_route=%2Fwp%2Fv2%2Fmedia&parent=4252"}],"wp:term":[{"taxonomy":"product_brand","embeddable":true,"href":"https:\/\/etagro.com\/index.php?rest_route=%2Fwp%2Fv2%2Fproduct_brand&post=4252"},{"taxonomy":"product_cat","embeddable":true,"href":"https:\/\/etagro.com\/index.php?rest_route=%2Fwp%2Fv2%2Fproduct_cat&post=4252"},{"taxonomy":"product_tag","embeddable":true,"href":"https:\/\/etagro.com\/index.php?rest_route=%2Fwp%2Fv2%2Fproduct_tag&post=4252"}],"curies":[{"name":"wp","href":"https:\/\/api.w.org\/{rel}","templated":true}]}}