{"id":4251,"date":"2025-10-14T03:20:58","date_gmt":"2025-10-14T08:20:58","guid":{"rendered":"https:\/\/etagro.com\/new\/?product=esybox-diver"},"modified":"2025-10-14T03:21:46","modified_gmt":"2025-10-14T08:21:46","slug":"esybox-diver","status":"publish","type":"product","link":"https:\/\/etagro.com\/?product=esybox-diver","title":{"rendered":"ESYBOX DIVER"},"content":{"rendered":"<p>Bomba sumergible DAB ESYBOX DIVER de 1.5 HP, 220V, 1 fase, 5.5A, conexi\u00f3n 1.1\/4\u00bb, presi\u00f3n m\u00e1xima 78 PSI, caudal m\u00e1ximo 120 LPM. Incluye m\u00f3dulo de comunicaci\u00f3n remota DCONNECT BOX 2.<\/p>\n","protected":false},"excerpt":{"rendered":"<p>Bomba sumergible DAB ESYBOX DIVER de 1.5 HP, 220V, 1 fase, 5.5A, conexi\u00f3n 1.1\/4\u00bb, presi\u00f3n m\u00e1xima 78 PSI, caudal m\u00e1ximo 120 LPM. Incluye m\u00f3dulo de comunicaci\u00f3n remota DCONNECT BOX 2.<\/p>\n","protected":false},"featured_media":4248,"comment_status":"open","ping_status":"closed","template":"","meta":{"_joinchat":[]},"product_brand":[],"product_cat":[25],"product_tag":[],"class_list":{"0":"post-4251","1":"product","2":"type-product","3":"status-publish","4":"has-post-thumbnail","6":"product_cat-motobombas","8":"first","9":"instock","10":"taxable","11":"shipping-taxable","12":"purchasable","13":"product-type-simple"},"_links":{"self":[{"href":"https:\/\/etagro.com\/index.php?rest_route=\/wp\/v2\/product\/4251","targetHints":{"allow":["GET"]}}],"collection":[{"href":"https:\/\/etagro.com\/index.php?rest_route=\/wp\/v2\/product"}],"about":[{"href":"https:\/\/etagro.com\/index.php?rest_route=\/wp\/v2\/types\/product"}],"replies":[{"embeddable":true,"href":"https:\/\/etagro.com\/index.php?rest_route=%2Fwp%2Fv2%2Fcomments&post=4251"}],"wp:featuredmedia":[{"embeddable":true,"href":"https:\/\/etagro.com\/index.php?rest_route=\/wp\/v2\/media\/4248"}],"wp:attachment":[{"href":"https:\/\/etagro.com\/index.php?rest_route=%2Fwp%2Fv2%2Fmedia&parent=4251"}],"wp:term":[{"taxonomy":"product_brand","embeddable":true,"href":"https:\/\/etagro.com\/index.php?rest_route=%2Fwp%2Fv2%2Fproduct_brand&post=4251"},{"taxonomy":"product_cat","embeddable":true,"href":"https:\/\/etagro.com\/index.php?rest_route=%2Fwp%2Fv2%2Fproduct_cat&post=4251"},{"taxonomy":"product_tag","embeddable":true,"href":"https:\/\/etagro.com\/index.php?rest_route=%2Fwp%2Fv2%2Fproduct_tag&post=4251"}],"curies":[{"name":"wp","href":"https:\/\/api.w.org\/{rel}","templated":true}]}}