{"id":4246,"date":"2025-10-14T03:17:36","date_gmt":"2025-10-14T08:17:36","guid":{"rendered":"https:\/\/etagro.com\/new\/?product=esybox-max-45-120-esydock-base"},"modified":"2025-10-14T03:17:36","modified_gmt":"2025-10-14T08:17:36","slug":"esybox-max-45-120-esydock-base","status":"publish","type":"product","link":"https:\/\/etagro.com\/?product=esybox-max-45-120-esydock-base","title":{"rendered":"ESYBOX MAX 45\/120 + ESYDOCK (BASE)"},"content":{"rendered":"<p>Kit compuesto por ESYBOX MAX 45\/120 (2.7 HP) y base ESYDOCK. 220V, 9.4A, 1 fase, presi\u00f3n m\u00e1xima 58 PSI, caudal m\u00e1ximo 240 LPM.<\/p>\n","protected":false},"excerpt":{"rendered":"<p>Kit compuesto por ESYBOX MAX 45\/120 (2.7 HP) y base ESYDOCK. 220V, 9.4A, 1 fase, presi\u00f3n m\u00e1xima 58 PSI, caudal m\u00e1ximo 240 LPM.<\/p>\n","protected":false},"featured_media":4241,"comment_status":"open","ping_status":"closed","template":"","meta":{"_joinchat":[]},"product_brand":[],"product_cat":[25],"product_tag":[],"class_list":{"0":"post-4246","1":"product","2":"type-product","3":"status-publish","4":"has-post-thumbnail","6":"product_cat-motobombas","8":"first","9":"instock","10":"taxable","11":"shipping-taxable","12":"purchasable","13":"product-type-simple"},"_links":{"self":[{"href":"https:\/\/etagro.com\/index.php?rest_route=\/wp\/v2\/product\/4246","targetHints":{"allow":["GET"]}}],"collection":[{"href":"https:\/\/etagro.com\/index.php?rest_route=\/wp\/v2\/product"}],"about":[{"href":"https:\/\/etagro.com\/index.php?rest_route=\/wp\/v2\/types\/product"}],"replies":[{"embeddable":true,"href":"https:\/\/etagro.com\/index.php?rest_route=%2Fwp%2Fv2%2Fcomments&post=4246"}],"wp:featuredmedia":[{"embeddable":true,"href":"https:\/\/etagro.com\/index.php?rest_route=\/wp\/v2\/media\/4241"}],"wp:attachment":[{"href":"https:\/\/etagro.com\/index.php?rest_route=%2Fwp%2Fv2%2Fmedia&parent=4246"}],"wp:term":[{"taxonomy":"product_brand","embeddable":true,"href":"https:\/\/etagro.com\/index.php?rest_route=%2Fwp%2Fv2%2Fproduct_brand&post=4246"},{"taxonomy":"product_cat","embeddable":true,"href":"https:\/\/etagro.com\/index.php?rest_route=%2Fwp%2Fv2%2Fproduct_cat&post=4246"},{"taxonomy":"product_tag","embeddable":true,"href":"https:\/\/etagro.com\/index.php?rest_route=%2Fwp%2Fv2%2Fproduct_tag&post=4246"}],"curies":[{"name":"wp","href":"https:\/\/api.w.org\/{rel}","templated":true}]}}