{"id":4209,"date":"2025-10-14T02:43:45","date_gmt":"2025-10-14T07:43:45","guid":{"rendered":"https:\/\/etagro.com\/new\/?product=conexion-5-vias-ar5w82"},"modified":"2025-10-14T02:44:25","modified_gmt":"2025-10-14T07:44:25","slug":"conexion-5-vias-ar5w82","status":"publish","type":"product","link":"https:\/\/etagro.com\/?product=conexion-5-vias-ar5w82","title":{"rendered":"Conexi\u00f3n 5 V\u00edas AR5W82"},"content":{"rendered":"<p>Conexi\u00f3n de 5 v\u00edas en bronce bajo en plomo, modelo AR5W82. Roscas: 1&#8243;M x 1&#8243;F x 1&#8243;F x 1\/4&#8243;F x 1\/4&#8243;M. Cuello largo de 82 mm. Usada para derivaciones y conexiones m\u00faltiples en sistemas de agua.<\/p>\n","protected":false},"excerpt":{"rendered":"<p>Conexi\u00f3n 5 v\u00edas bronce (cuello largo 82mm)<\/p>\n","protected":false},"featured_media":4212,"comment_status":"open","ping_status":"closed","template":"","meta":{"_joinchat":[]},"product_brand":[],"product_cat":[25],"product_tag":[],"class_list":{"0":"post-4209","1":"product","2":"type-product","3":"status-publish","4":"has-post-thumbnail","6":"product_cat-motobombas","8":"first","9":"instock","10":"taxable","11":"shipping-taxable","12":"purchasable","13":"product-type-simple"},"_links":{"self":[{"href":"https:\/\/etagro.com\/index.php?rest_route=\/wp\/v2\/product\/4209","targetHints":{"allow":["GET"]}}],"collection":[{"href":"https:\/\/etagro.com\/index.php?rest_route=\/wp\/v2\/product"}],"about":[{"href":"https:\/\/etagro.com\/index.php?rest_route=\/wp\/v2\/types\/product"}],"replies":[{"embeddable":true,"href":"https:\/\/etagro.com\/index.php?rest_route=%2Fwp%2Fv2%2Fcomments&post=4209"}],"wp:featuredmedia":[{"embeddable":true,"href":"https:\/\/etagro.com\/index.php?rest_route=\/wp\/v2\/media\/4212"}],"wp:attachment":[{"href":"https:\/\/etagro.com\/index.php?rest_route=%2Fwp%2Fv2%2Fmedia&parent=4209"}],"wp:term":[{"taxonomy":"product_brand","embeddable":true,"href":"https:\/\/etagro.com\/index.php?rest_route=%2Fwp%2Fv2%2Fproduct_brand&post=4209"},{"taxonomy":"product_cat","embeddable":true,"href":"https:\/\/etagro.com\/index.php?rest_route=%2Fwp%2Fv2%2Fproduct_cat&post=4209"},{"taxonomy":"product_tag","embeddable":true,"href":"https:\/\/etagro.com\/index.php?rest_route=%2Fwp%2Fv2%2Fproduct_tag&post=4209"}],"curies":[{"name":"wp","href":"https:\/\/api.w.org\/{rel}","templated":true}]}}