{"id":4183,"date":"2025-10-14T01:51:05","date_gmt":"2025-10-14T06:51:05","guid":{"rendered":"https:\/\/etagro.com\/new\/?product=regulador-electronico-mnp-100v"},"modified":"2025-10-14T01:51:05","modified_gmt":"2025-10-14T06:51:05","slug":"regulador-electronico-mnp-100v","status":"publish","type":"product","link":"https:\/\/etagro.com\/?product=regulador-electronico-mnp-100v","title":{"rendered":"Regulador Electr\u00f3nico MNP 100V"},"content":{"rendered":"<p>Tanque vertical ep\u00f3xico + poliuretano, conexi\u00f3n 1\u201dH, precarga 28 PSI. Dise\u00f1o patentado de diafragma.<\/p>\n","protected":false},"excerpt":{"rendered":"<p>Tanque met\u00e1lico vertical de 100 litros.<\/p>\n","protected":false},"featured_media":4172,"comment_status":"open","ping_status":"closed","template":"","meta":{"_joinchat":[]},"product_brand":[],"product_cat":[191],"product_tag":[],"class_list":{"0":"post-4183","1":"product","2":"type-product","3":"status-publish","4":"has-post-thumbnail","6":"product_cat-tanques-metalicos","8":"first","9":"instock","10":"taxable","11":"shipping-taxable","12":"purchasable","13":"product-type-simple"},"_links":{"self":[{"href":"https:\/\/etagro.com\/index.php?rest_route=\/wp\/v2\/product\/4183","targetHints":{"allow":["GET"]}}],"collection":[{"href":"https:\/\/etagro.com\/index.php?rest_route=\/wp\/v2\/product"}],"about":[{"href":"https:\/\/etagro.com\/index.php?rest_route=\/wp\/v2\/types\/product"}],"replies":[{"embeddable":true,"href":"https:\/\/etagro.com\/index.php?rest_route=%2Fwp%2Fv2%2Fcomments&post=4183"}],"wp:featuredmedia":[{"embeddable":true,"href":"https:\/\/etagro.com\/index.php?rest_route=\/wp\/v2\/media\/4172"}],"wp:attachment":[{"href":"https:\/\/etagro.com\/index.php?rest_route=%2Fwp%2Fv2%2Fmedia&parent=4183"}],"wp:term":[{"taxonomy":"product_brand","embeddable":true,"href":"https:\/\/etagro.com\/index.php?rest_route=%2Fwp%2Fv2%2Fproduct_brand&post=4183"},{"taxonomy":"product_cat","embeddable":true,"href":"https:\/\/etagro.com\/index.php?rest_route=%2Fwp%2Fv2%2Fproduct_cat&post=4183"},{"taxonomy":"product_tag","embeddable":true,"href":"https:\/\/etagro.com\/index.php?rest_route=%2Fwp%2Fv2%2Fproduct_tag&post=4183"}],"curies":[{"name":"wp","href":"https:\/\/api.w.org\/{rel}","templated":true}]}}