{"id":4175,"date":"2025-10-14T01:51:04","date_gmt":"2025-10-14T06:51:04","guid":{"rendered":"https:\/\/etagro.com\/new\/?product=regulador-electronico-mnp-e24s"},"modified":"2025-10-14T01:51:04","modified_gmt":"2025-10-14T06:51:04","slug":"regulador-electronico-mnp-e24s","status":"publish","type":"product","link":"https:\/\/etagro.com\/?product=regulador-electronico-mnp-e24s","title":{"rendered":"Regulador Electr\u00f3nico MNP E24S"},"content":{"rendered":"<p>Tanque met\u00e1lico recubierto en polipropileno, pintura ep\u00f3xica + poliuretano. Conexi\u00f3n 1\u201dM. Precarga 28 PSI. Totalmente anti-corrosivo.<\/p>\n","protected":false},"excerpt":{"rendered":"<p>Tanque met\u00e1lico In Line (esf\u00e9rico) de 24 litros.<\/p>\n","protected":false},"featured_media":4172,"comment_status":"open","ping_status":"closed","template":"","meta":{"_joinchat":[]},"product_brand":[],"product_cat":[191],"product_tag":[],"class_list":{"0":"post-4175","1":"product","2":"type-product","3":"status-publish","4":"has-post-thumbnail","6":"product_cat-tanques-metalicos","8":"first","9":"instock","10":"taxable","11":"shipping-taxable","12":"purchasable","13":"product-type-simple"},"_links":{"self":[{"href":"https:\/\/etagro.com\/index.php?rest_route=\/wp\/v2\/product\/4175","targetHints":{"allow":["GET"]}}],"collection":[{"href":"https:\/\/etagro.com\/index.php?rest_route=\/wp\/v2\/product"}],"about":[{"href":"https:\/\/etagro.com\/index.php?rest_route=\/wp\/v2\/types\/product"}],"replies":[{"embeddable":true,"href":"https:\/\/etagro.com\/index.php?rest_route=%2Fwp%2Fv2%2Fcomments&post=4175"}],"wp:featuredmedia":[{"embeddable":true,"href":"https:\/\/etagro.com\/index.php?rest_route=\/wp\/v2\/media\/4172"}],"wp:attachment":[{"href":"https:\/\/etagro.com\/index.php?rest_route=%2Fwp%2Fv2%2Fmedia&parent=4175"}],"wp:term":[{"taxonomy":"product_brand","embeddable":true,"href":"https:\/\/etagro.com\/index.php?rest_route=%2Fwp%2Fv2%2Fproduct_brand&post=4175"},{"taxonomy":"product_cat","embeddable":true,"href":"https:\/\/etagro.com\/index.php?rest_route=%2Fwp%2Fv2%2Fproduct_cat&post=4175"},{"taxonomy":"product_tag","embeddable":true,"href":"https:\/\/etagro.com\/index.php?rest_route=%2Fwp%2Fv2%2Fproduct_tag&post=4175"}],"curies":[{"name":"wp","href":"https:\/\/api.w.org\/{rel}","templated":true}]}}