{"id":4144,"date":"2025-10-14T01:28:43","date_gmt":"2025-10-14T06:28:43","guid":{"rendered":"https:\/\/etagro.com\/new\/?product=regulador-electronico-start16fadv"},"modified":"2025-10-22T02:00:38","modified_gmt":"2025-10-22T07:00:38","slug":"regulador-electronico-start16fadv","status":"publish","type":"product","link":"https:\/\/etagro.com\/?product=regulador-electronico-start16fadv","title":{"rendered":"Regulador Electr\u00f3nico START16F-ADV"},"content":{"rendered":"<p>&#8211; Acciona autom\u00e1ticamente la bomba cuando la presi\u00f3n cae por debajo de la presi\u00f3n de encendido, programada digitalmente. &#8211; Detiene autom\u00e1ticamente la bomba cuando la presi\u00f3n supera la presi\u00f3n de apagado, programada digitalmente. &#8211; Protecci\u00f3n completa de la bomba (sobreamperaje, marcha en seco, ciclos continuos). &#8211; Funciones de rearme autom\u00e1tico. &#8211; Detecci\u00f3n autom\u00e1tica del voltaje de alimentaci\u00f3n. &#8211; Pantalla digital para lectura de par\u00e1metros. &#8211; F\u00e1cil de instalar y programar. &#8211; Fabricaci\u00f3n europea.<\/p>\n","protected":false},"excerpt":{"rendered":"<p>Regulador electr\u00f3nico de presi\u00f3n diferencial.<\/p>\n","protected":false},"featured_media":4150,"comment_status":"open","ping_status":"closed","template":"","meta":{"_joinchat":[]},"product_brand":[],"product_cat":[25],"product_tag":[],"class_list":{"0":"post-4144","1":"product","2":"type-product","3":"status-publish","4":"has-post-thumbnail","6":"product_cat-motobombas","8":"first","9":"instock","10":"taxable","11":"shipping-taxable","12":"purchasable","13":"product-type-simple"},"_links":{"self":[{"href":"https:\/\/etagro.com\/index.php?rest_route=\/wp\/v2\/product\/4144","targetHints":{"allow":["GET"]}}],"collection":[{"href":"https:\/\/etagro.com\/index.php?rest_route=\/wp\/v2\/product"}],"about":[{"href":"https:\/\/etagro.com\/index.php?rest_route=\/wp\/v2\/types\/product"}],"replies":[{"embeddable":true,"href":"https:\/\/etagro.com\/index.php?rest_route=%2Fwp%2Fv2%2Fcomments&post=4144"}],"wp:featuredmedia":[{"embeddable":true,"href":"https:\/\/etagro.com\/index.php?rest_route=\/wp\/v2\/media\/4150"}],"wp:attachment":[{"href":"https:\/\/etagro.com\/index.php?rest_route=%2Fwp%2Fv2%2Fmedia&parent=4144"}],"wp:term":[{"taxonomy":"product_brand","embeddable":true,"href":"https:\/\/etagro.com\/index.php?rest_route=%2Fwp%2Fv2%2Fproduct_brand&post=4144"},{"taxonomy":"product_cat","embeddable":true,"href":"https:\/\/etagro.com\/index.php?rest_route=%2Fwp%2Fv2%2Fproduct_cat&post=4144"},{"taxonomy":"product_tag","embeddable":true,"href":"https:\/\/etagro.com\/index.php?rest_route=%2Fwp%2Fv2%2Fproduct_tag&post=4144"}],"curies":[{"name":"wp","href":"https:\/\/api.w.org\/{rel}","templated":true}]}}