{"id":4142,"date":"2025-10-14T01:28:43","date_gmt":"2025-10-14T06:28:43","guid":{"rendered":"https:\/\/etagro.com\/new\/?product=regulador-electronico-pcnp216f16sadv"},"modified":"2025-10-22T02:00:49","modified_gmt":"2025-10-22T07:00:49","slug":"regulador-electronico-pcnp216f16sadv","status":"publish","type":"product","link":"https:\/\/etagro.com\/?product=regulador-electronico-pcnp216f16sadv","title":{"rendered":"Regulador Electr\u00f3nico PCNP216F16SADV"},"content":{"rendered":"<p>&#8211; Proporciona presi\u00f3n constante. Acciona la bomba al haber demanda en la instalaci\u00f3n, entregando siempre una presi\u00f3n constante. &#8211; Con NEOPRESS ADV se pueden armar grupos de dos bombas (cada una con su NEOPRESS ADV) con adici\u00f3n y alternaci\u00f3n autom\u00e1tica. &#8211; Protecci\u00f3n de la bomba contra marcha en seco. &#8211; Funciones de rearme y antibloqueo autom\u00e1tico. &#8211; Detecci\u00f3n autom\u00e1tica del voltaje de alimentaci\u00f3n. &#8211; Pantalla digital para lectura de par\u00e1metros. &#8211; F\u00e1cil de instalar. &#8211; Fabricaci\u00f3n europea.<\/p>\n","protected":false},"excerpt":{"rendered":"<p>Regulador electr\u00f3nico de presi\u00f3n constante.<\/p>\n","protected":false},"featured_media":4147,"comment_status":"open","ping_status":"closed","template":"","meta":{"_joinchat":[]},"product_brand":[],"product_cat":[25],"product_tag":[],"class_list":{"0":"post-4142","1":"product","2":"type-product","3":"status-publish","4":"has-post-thumbnail","6":"product_cat-motobombas","8":"first","9":"instock","10":"taxable","11":"shipping-taxable","12":"purchasable","13":"product-type-simple"},"_links":{"self":[{"href":"https:\/\/etagro.com\/index.php?rest_route=\/wp\/v2\/product\/4142","targetHints":{"allow":["GET"]}}],"collection":[{"href":"https:\/\/etagro.com\/index.php?rest_route=\/wp\/v2\/product"}],"about":[{"href":"https:\/\/etagro.com\/index.php?rest_route=\/wp\/v2\/types\/product"}],"replies":[{"embeddable":true,"href":"https:\/\/etagro.com\/index.php?rest_route=%2Fwp%2Fv2%2Fcomments&post=4142"}],"wp:featuredmedia":[{"embeddable":true,"href":"https:\/\/etagro.com\/index.php?rest_route=\/wp\/v2\/media\/4147"}],"wp:attachment":[{"href":"https:\/\/etagro.com\/index.php?rest_route=%2Fwp%2Fv2%2Fmedia&parent=4142"}],"wp:term":[{"taxonomy":"product_brand","embeddable":true,"href":"https:\/\/etagro.com\/index.php?rest_route=%2Fwp%2Fv2%2Fproduct_brand&post=4142"},{"taxonomy":"product_cat","embeddable":true,"href":"https:\/\/etagro.com\/index.php?rest_route=%2Fwp%2Fv2%2Fproduct_cat&post=4142"},{"taxonomy":"product_tag","embeddable":true,"href":"https:\/\/etagro.com\/index.php?rest_route=%2Fwp%2Fv2%2Fproduct_tag&post=4142"}],"curies":[{"name":"wp","href":"https:\/\/api.w.org\/{rel}","templated":true}]}}