{"id":4133,"date":"2025-10-14T00:51:12","date_gmt":"2025-10-14T05:51:12","guid":{"rendered":"https:\/\/etagro.com\/new\/?product=regulador-electronico-pcmp08f16s"},"modified":"2025-10-22T02:01:18","modified_gmt":"2025-10-22T07:01:18","slug":"regulador-electronico-pcmp08f16s","status":"publish","type":"product","link":"https:\/\/etagro.com\/?product=regulador-electronico-pcmp08f16s","title":{"rendered":"Regulador Electr\u00f3nico PCMP08F16S"},"content":{"rendered":"<p>&#8211; Acciona la bomba al haber demanda en la instalaci\u00f3n. &#8211; Protecci\u00f3n de la bomba contra marcha en seco. &#8211; Funciones de rearme y antibloqueo autom\u00e1tico. &#8211; Detecci\u00f3n autom\u00e1tica del voltaje de alimentaci\u00f3n. &#8211; F\u00e1cil de instalar. &#8211; Fabricaci\u00f3n europea.<\/p>\n","protected":false},"excerpt":{"rendered":"<p>Regulador electr\u00f3nico de presi\u00f3n.<\/p>\n","protected":false},"featured_media":4138,"comment_status":"open","ping_status":"closed","template":"","meta":{"_joinchat":[]},"product_brand":[],"product_cat":[25],"product_tag":[],"class_list":{"0":"post-4133","1":"product","2":"type-product","3":"status-publish","4":"has-post-thumbnail","6":"product_cat-motobombas","8":"first","9":"instock","10":"taxable","11":"shipping-taxable","12":"purchasable","13":"product-type-simple"},"_links":{"self":[{"href":"https:\/\/etagro.com\/index.php?rest_route=\/wp\/v2\/product\/4133","targetHints":{"allow":["GET"]}}],"collection":[{"href":"https:\/\/etagro.com\/index.php?rest_route=\/wp\/v2\/product"}],"about":[{"href":"https:\/\/etagro.com\/index.php?rest_route=\/wp\/v2\/types\/product"}],"replies":[{"embeddable":true,"href":"https:\/\/etagro.com\/index.php?rest_route=%2Fwp%2Fv2%2Fcomments&post=4133"}],"wp:featuredmedia":[{"embeddable":true,"href":"https:\/\/etagro.com\/index.php?rest_route=\/wp\/v2\/media\/4138"}],"wp:attachment":[{"href":"https:\/\/etagro.com\/index.php?rest_route=%2Fwp%2Fv2%2Fmedia&parent=4133"}],"wp:term":[{"taxonomy":"product_brand","embeddable":true,"href":"https:\/\/etagro.com\/index.php?rest_route=%2Fwp%2Fv2%2Fproduct_brand&post=4133"},{"taxonomy":"product_cat","embeddable":true,"href":"https:\/\/etagro.com\/index.php?rest_route=%2Fwp%2Fv2%2Fproduct_cat&post=4133"},{"taxonomy":"product_tag","embeddable":true,"href":"https:\/\/etagro.com\/index.php?rest_route=%2Fwp%2Fv2%2Fproduct_tag&post=4133"}],"curies":[{"name":"wp","href":"https:\/\/api.w.org\/{rel}","templated":true}]}}