{"id":4131,"date":"2025-10-14T00:51:12","date_gmt":"2025-10-14T05:51:12","guid":{"rendered":"https:\/\/etagro.com\/new\/?product=controlador-pilot-pilot330230v"},"modified":"2025-10-14T00:52:26","modified_gmt":"2025-10-14T05:52:26","slug":"controlador-pilot-pilot330230v","status":"publish","type":"product","link":"https:\/\/etagro.com\/?product=controlador-pilot-pilot330230v","title":{"rendered":"Controlador Pilot PILOT330230V"},"content":{"rendered":"<p>&#8211; Protege la bomba contra alto y bajo voltaje, corto circuito, ca\u00edda de fase, inversi\u00f3n de fase, sobretemperatura y sobreamperaje. &#8211; Protecci\u00f3n contra marcha en seco. &#8211; F\u00e1cil de instalar.<\/p>\n","protected":false},"excerpt":{"rendered":"<p>Controlador electr\u00f3nico de protecci\u00f3n para bombas.<\/p>\n","protected":false},"featured_media":4125,"comment_status":"open","ping_status":"closed","template":"","meta":{"_joinchat":[]},"product_brand":[],"product_cat":[25],"product_tag":[],"class_list":{"0":"post-4131","1":"product","2":"type-product","3":"status-publish","4":"has-post-thumbnail","6":"product_cat-motobombas","8":"first","9":"instock","10":"taxable","11":"shipping-taxable","12":"purchasable","13":"product-type-simple"},"_links":{"self":[{"href":"https:\/\/etagro.com\/index.php?rest_route=\/wp\/v2\/product\/4131","targetHints":{"allow":["GET"]}}],"collection":[{"href":"https:\/\/etagro.com\/index.php?rest_route=\/wp\/v2\/product"}],"about":[{"href":"https:\/\/etagro.com\/index.php?rest_route=\/wp\/v2\/types\/product"}],"replies":[{"embeddable":true,"href":"https:\/\/etagro.com\/index.php?rest_route=%2Fwp%2Fv2%2Fcomments&post=4131"}],"wp:featuredmedia":[{"embeddable":true,"href":"https:\/\/etagro.com\/index.php?rest_route=\/wp\/v2\/media\/4125"}],"wp:attachment":[{"href":"https:\/\/etagro.com\/index.php?rest_route=%2Fwp%2Fv2%2Fmedia&parent=4131"}],"wp:term":[{"taxonomy":"product_brand","embeddable":true,"href":"https:\/\/etagro.com\/index.php?rest_route=%2Fwp%2Fv2%2Fproduct_brand&post=4131"},{"taxonomy":"product_cat","embeddable":true,"href":"https:\/\/etagro.com\/index.php?rest_route=%2Fwp%2Fv2%2Fproduct_cat&post=4131"},{"taxonomy":"product_tag","embeddable":true,"href":"https:\/\/etagro.com\/index.php?rest_route=%2Fwp%2Fv2%2Fproduct_tag&post=4131"}],"curies":[{"name":"wp","href":"https:\/\/api.w.org\/{rel}","templated":true}]}}