{"id":413,"date":"2021-03-01T20:49:39","date_gmt":"2021-03-02T01:49:39","guid":{"rendered":"http:\/\/etagro.com\/new\/?post_type=product&#038;p=413"},"modified":"2025-10-22T01:37:14","modified_gmt":"2025-10-22T06:37:14","slug":"desgranadoras-de-maiz-penagos-dm20b","status":"publish","type":"product","link":"https:\/\/etagro.com\/?product=desgranadoras-de-maiz-penagos-dm20b","title":{"rendered":"Desgranadoras De Ma\u00edz PENAGOS DM &#8211; 20BM"},"content":{"rendered":"<div class=\"product-description\">\n<div class=\"product-ldesc\">\n<p>Desgrana, deshoja, y Limpia<br \/>\nEficiencia en el desgranado; facilidad de uso y movilidad<\/p>\n<p>Las desgranadoras de ma\u00edz Penagos son una combinaci\u00f3n de deshojadora, desgranadora y limpiadora de ma\u00edz, en una sola operaci\u00f3n<\/p>\n<p>\u2013 Alto rendimiento<br \/>\n\u2013 Incluyen base para motor el\u00e9ctrico o de combusti\u00f3n<br \/>\n\u2013 Criba removible para un f\u00e1cil mantenimiento<br \/>\n\u2013 Reducci\u00f3n de mano de obra<br \/>\n\u2013 Vers\u00e1tiles para ser llevados al lote<br \/>\n\u2013 Tiene la opci\u00f3n de ser accionada con tractor.<\/p>\n<p>Beneficios de desgranar con hoja:<br \/>\nFavorece el desgranado y limpieza, evitando la rotura o trilla de ma\u00edz y rotura de tuzas lo que al final repercute en un ma\u00edz limpio.<\/p>\n<p>&nbsp;<\/p>\n<p>&nbsp;<\/p>\n<\/div>\n<\/div>\n<table width=\"434\">\n<tbody>\n<tr>\n<td width=\"227\">Modelo*<\/td>\n<td width=\"207\">DM-20<\/td>\n<\/tr>\n<tr>\n<td width=\"227\">Producci\u00f3n ma\u00edz desgranado**<\/td>\n<td width=\"207\">1300 \u2013 1500 kg\/h<\/td>\n<\/tr>\n<tr>\n<td width=\"227\">Espesor y di\u00e1metro agujero de la criba<\/td>\n<td width=\"207\">3\/16 x 5\/8\u201d<\/td>\n<\/tr>\n<tr>\n<td width=\"227\">Revoluciones del rotor<\/td>\n<td width=\"207\">800 \u2013\u00a0 1200 RPM<\/td>\n<\/tr>\n<tr>\n<td width=\"227\">Potencia requerida motor el\u00e9ctrico<\/td>\n<td width=\"207\">Desgranar sin hoja: 7-8 HP<br \/>\nDesgranar con hoja: 10 \u2013 12 HP<\/td>\n<\/tr>\n<tr>\n<td width=\"227\">Potencia requerida motor estacionario<\/td>\n<td width=\"207\">Desgranar sin hoja: 10 HP<br \/>\nDesgranar con hoja: 16 HP<\/td>\n<\/tr>\n<tr>\n<td width=\"227\">Potencia del tractor<\/td>\n<td width=\"207\">24 HP<\/td>\n<\/tr>\n<tr>\n<td width=\"227\">Peso<\/td>\n<td width=\"207\">112 kgs<\/td>\n<\/tr>\n<\/tbody>\n<\/table>\n<p>&nbsp;<\/p>\n","protected":false},"excerpt":{"rendered":"<p>Desgranadora de ma\u00edz \u2013 deshoja, desgrana y limpia.<\/p>\n<ul>\n<li>Motor El\u00e9ctrico: 8.0 HP.<\/li>\n<li>Motor a Gasolina: 16.0 HP.<\/li>\n<li>Producci\u00f3n en grano saco de 60 Kgr. : 18 a 25\n<p>Desgranadora de ma\u00edz No. 20 con base para motor el\u00e9ctrico o combusti\u00f3n.<\/li>\n<\/ul>\n","protected":false},"featured_media":415,"comment_status":"open","ping_status":"closed","template":"","meta":{"_joinchat":[]},"product_brand":[],"product_cat":[19,32,15],"product_tag":[],"class_list":{"0":"post-413","1":"product","2":"type-product","3":"status-publish","4":"has-post-thumbnail","6":"product_cat-agricola","7":"product_cat-desgranadora","8":"product_cat-tienda","10":"first","11":"instock","12":"taxable","13":"shipping-taxable","14":"purchasable","15":"product-type-simple"},"_links":{"self":[{"href":"https:\/\/etagro.com\/index.php?rest_route=\/wp\/v2\/product\/413","targetHints":{"allow":["GET"]}}],"collection":[{"href":"https:\/\/etagro.com\/index.php?rest_route=\/wp\/v2\/product"}],"about":[{"href":"https:\/\/etagro.com\/index.php?rest_route=\/wp\/v2\/types\/product"}],"replies":[{"embeddable":true,"href":"https:\/\/etagro.com\/index.php?rest_route=%2Fwp%2Fv2%2Fcomments&post=413"}],"wp:featuredmedia":[{"embeddable":true,"href":"https:\/\/etagro.com\/index.php?rest_route=\/wp\/v2\/media\/415"}],"wp:attachment":[{"href":"https:\/\/etagro.com\/index.php?rest_route=%2Fwp%2Fv2%2Fmedia&parent=413"}],"wp:term":[{"taxonomy":"product_brand","embeddable":true,"href":"https:\/\/etagro.com\/index.php?rest_route=%2Fwp%2Fv2%2Fproduct_brand&post=413"},{"taxonomy":"product_cat","embeddable":true,"href":"https:\/\/etagro.com\/index.php?rest_route=%2Fwp%2Fv2%2Fproduct_cat&post=413"},{"taxonomy":"product_tag","embeddable":true,"href":"https:\/\/etagro.com\/index.php?rest_route=%2Fwp%2Fv2%2Fproduct_tag&post=413"}],"curies":[{"name":"wp","href":"https:\/\/api.w.org\/{rel}","templated":true}]}}