{"id":4087,"date":"2025-10-14T00:12:10","date_gmt":"2025-10-14T05:12:10","guid":{"rendered":"https:\/\/etagro.com\/new\/?product=motobomba-vfdatt32h-adv-230-o-460-3v-32a-aire"},"modified":"2025-10-14T00:12:10","modified_gmt":"2025-10-14T05:12:10","slug":"motobomba-vfdatt32h-adv-230-o-460-3v-32a-aire","status":"publish","type":"product","link":"https:\/\/etagro.com\/?product=motobomba-vfdatt32h-adv-230-o-460-3v-32a-aire","title":{"rendered":"Motobomba VFDATT32H-ADV 230 \u00f3 460\/3V 32A AIRE"},"content":{"rendered":"<p>Los variadores de frecuencia Pearl ofrecen control preciso de velocidad, protecci\u00f3n contra sobrecargas y eficiencia energ\u00e9tica en aplicaciones de bombeo de agua y aire. Dise\u00f1ados para uso residencial, agr\u00edcola e industrial con opciones de refrigeraci\u00f3n por agua o aire.<\/p>\n","protected":false},"excerpt":{"rendered":"<p>Variadores de frecuencia Pearl ideales para el control autom\u00e1tico de electrobombas monof\u00e1sicas y trif\u00e1sicas.<\/p>\n","protected":false},"featured_media":4079,"comment_status":"open","ping_status":"closed","template":"","meta":{"_joinchat":[]},"product_brand":[],"product_cat":[25],"product_tag":[],"class_list":{"0":"post-4087","1":"product","2":"type-product","3":"status-publish","4":"has-post-thumbnail","6":"product_cat-motobombas","8":"first","9":"instock","10":"taxable","11":"shipping-taxable","12":"purchasable","13":"product-type-simple"},"_links":{"self":[{"href":"https:\/\/etagro.com\/index.php?rest_route=\/wp\/v2\/product\/4087","targetHints":{"allow":["GET"]}}],"collection":[{"href":"https:\/\/etagro.com\/index.php?rest_route=\/wp\/v2\/product"}],"about":[{"href":"https:\/\/etagro.com\/index.php?rest_route=\/wp\/v2\/types\/product"}],"replies":[{"embeddable":true,"href":"https:\/\/etagro.com\/index.php?rest_route=%2Fwp%2Fv2%2Fcomments&post=4087"}],"wp:featuredmedia":[{"embeddable":true,"href":"https:\/\/etagro.com\/index.php?rest_route=\/wp\/v2\/media\/4079"}],"wp:attachment":[{"href":"https:\/\/etagro.com\/index.php?rest_route=%2Fwp%2Fv2%2Fmedia&parent=4087"}],"wp:term":[{"taxonomy":"product_brand","embeddable":true,"href":"https:\/\/etagro.com\/index.php?rest_route=%2Fwp%2Fv2%2Fproduct_brand&post=4087"},{"taxonomy":"product_cat","embeddable":true,"href":"https:\/\/etagro.com\/index.php?rest_route=%2Fwp%2Fv2%2Fproduct_cat&post=4087"},{"taxonomy":"product_tag","embeddable":true,"href":"https:\/\/etagro.com\/index.php?rest_route=%2Fwp%2Fv2%2Fproduct_tag&post=4087"}],"curies":[{"name":"wp","href":"https:\/\/api.w.org\/{rel}","templated":true}]}}