{"id":406,"date":"2021-03-01T20:19:53","date_gmt":"2021-03-02T01:19:53","guid":{"rendered":"http:\/\/etagro.com\/new\/?post_type=product&#038;p=406"},"modified":"2025-10-22T01:40:54","modified_gmt":"2025-10-22T06:40:54","slug":"desgranadora-de-cereales-penagos-dc-4000","status":"publish","type":"product","link":"https:\/\/etagro.com\/?product=desgranadora-de-cereales-penagos-dc-4000","title":{"rendered":"Desgranadora De Cereales PENAGOS DC-4000"},"content":{"rendered":"<div class=\"product-description\">\n<div class=\"product-ldesc\">\n<h3>Beneficios<\/h3>\n<ul>\n<li>Con zaranda vibratoria que permite una mejor limpieza.<\/li>\n<\/ul>\n<ul>\n<li>Al desgranar el ma\u00edz con todo y hoja, y el fr\u00edjol con la mata facilita la recolecci\u00f3n.<\/li>\n<\/ul>\n<ul>\n<li>Ensacador de doble salida para utilizar dos sacos.<\/li>\n<\/ul>\n<ul>\n<li>Compacta, sencilla y liviana.<\/li>\n<\/ul>\n<ul>\n<li>Accionada por el toma fuerza del tractor y transportada por la suspensi\u00f3n de los tres puntos (Para motores estacionarios, consultar al departamento t\u00e9cnico).<\/li>\n<\/ul>\n<ul>\n<li>Cilindro alimentador que asegura una alimentaci\u00f3n continua y uniforme.<\/li>\n<\/ul>\n<ul>\n<li>La variaci\u00f3n de la producci\u00f3n en la m\u00e1quina se obtiene por el grado de humedad y el rendimiento por hect\u00e1rea del producto.<\/li>\n<\/ul>\n<p>Producci\u00f3n por hora en saco de 60 Kilos<\/p>\n<ul>\n<li>Ma\u00edz: 60 \u2013 80 sacos<\/li>\n<li>Sorgo: 45 \u2013 70 sacos<\/li>\n<li>Arroz: 15 \u2013 25 sacos<\/li>\n<li>Fr\u00edjol: 15 \u2013 30 sacos<\/li>\n<li>Soya: 15 \u2013 35 sacos<\/li>\n<\/ul>\n<p>&nbsp;<\/p>\n<p>Peso neto: 347 kg<\/p>\n<p>Potencia recomendada para el tractor: 20 HP<\/p>\n<p>Dimensiones (L*A*ALT) mt.: 2.5 * 1.5 * 1.3<\/p>\n<p>&nbsp;<\/p>\n<p>&nbsp;<\/p>\n<p>&nbsp;<\/p>\n<\/div>\n<\/div>\n<div class=\"product-specs\">\n<table class=\"table table-striped\">\n<tbody>\n<tr>\n<td>Dimensiones (Largo x Ancho x Alto)<\/td>\n<td><span class=\"product-dimensions\">250 x 150 x 130 Centimetre<\/span><\/td>\n<\/tr>\n<tr>\n<td>Peso<\/td>\n<td><span class=\"product-weight\">347 Kilogram<\/span><\/td>\n<\/tr>\n<\/tbody>\n<\/table>\n<\/div>\n","protected":false},"excerpt":{"rendered":"<p>La desgranadora DC4000 puede ser usada en:<\/p>\n<ul>\n<li>Ma\u00edz con o sin hoja<\/li>\n<li>Fr\u00edjol de enredadera o arbusto<\/li>\n<li>Sorgo<\/li>\n<li>Arroz<\/li>\n<li>Trigo<\/li>\n<li>Cebada<\/li>\n<\/ul>\n","protected":false},"featured_media":407,"comment_status":"open","ping_status":"closed","template":"","meta":{"_joinchat":[]},"product_brand":[],"product_cat":[32],"product_tag":[],"class_list":{"0":"post-406","1":"product","2":"type-product","3":"status-publish","4":"has-post-thumbnail","6":"product_cat-desgranadora","8":"first","9":"instock","10":"taxable","11":"shipping-taxable","12":"purchasable","13":"product-type-simple"},"_links":{"self":[{"href":"https:\/\/etagro.com\/index.php?rest_route=\/wp\/v2\/product\/406","targetHints":{"allow":["GET"]}}],"collection":[{"href":"https:\/\/etagro.com\/index.php?rest_route=\/wp\/v2\/product"}],"about":[{"href":"https:\/\/etagro.com\/index.php?rest_route=\/wp\/v2\/types\/product"}],"replies":[{"embeddable":true,"href":"https:\/\/etagro.com\/index.php?rest_route=%2Fwp%2Fv2%2Fcomments&post=406"}],"wp:featuredmedia":[{"embeddable":true,"href":"https:\/\/etagro.com\/index.php?rest_route=\/wp\/v2\/media\/407"}],"wp:attachment":[{"href":"https:\/\/etagro.com\/index.php?rest_route=%2Fwp%2Fv2%2Fmedia&parent=406"}],"wp:term":[{"taxonomy":"product_brand","embeddable":true,"href":"https:\/\/etagro.com\/index.php?rest_route=%2Fwp%2Fv2%2Fproduct_brand&post=406"},{"taxonomy":"product_cat","embeddable":true,"href":"https:\/\/etagro.com\/index.php?rest_route=%2Fwp%2Fv2%2Fproduct_cat&post=406"},{"taxonomy":"product_tag","embeddable":true,"href":"https:\/\/etagro.com\/index.php?rest_route=%2Fwp%2Fv2%2Fproduct_tag&post=406"}],"curies":[{"name":"wp","href":"https:\/\/api.w.org\/{rel}","templated":true}]}}