{"id":4051,"date":"2025-10-13T23:59:06","date_gmt":"2025-10-14T04:59:06","guid":{"rendered":"https:\/\/etagro.com\/new\/?product=motobomba-cbop05c16s-0-5hp-220v"},"modified":"2025-10-13T23:59:07","modified_gmt":"2025-10-14T04:59:07","slug":"motobomba-cbop05c16s-0-5hp-220v","status":"publish","type":"product","link":"https:\/\/etagro.com\/?product=motobomba-cbop05c16s-0-5hp-220v","title":{"rendered":"Motobomba CBOP05C16S 0.5HP 220V"},"content":{"rendered":"<p>Las bombas sumergibles Pearl 6PWS est\u00e1n dise\u00f1adas para ofrecer gran eficiencia hidr\u00e1ulica, durabilidad y alto rendimiento en pozos profundos. Fabricadas en acero inoxidable AISI 316 bajo pedido especial, con motores de 6\u201d y descargas est\u00e1ndar de 3\u201d o 4\u201d seg\u00fan el modelo.<\/p>\n","protected":false},"excerpt":{"rendered":"<p>Electrobomba sumergible Pearl 6PWS ideal para pozos profundos, aplicaciones industriales y agr\u00edcolas.<\/p>\n","protected":false},"featured_media":4047,"comment_status":"open","ping_status":"closed","template":"","meta":{"_joinchat":[]},"product_brand":[],"product_cat":[25],"product_tag":[],"class_list":{"0":"post-4051","1":"product","2":"type-product","3":"status-publish","4":"has-post-thumbnail","6":"product_cat-motobombas","8":"first","9":"instock","10":"taxable","11":"shipping-taxable","12":"purchasable","13":"product-type-simple"},"_links":{"self":[{"href":"https:\/\/etagro.com\/index.php?rest_route=\/wp\/v2\/product\/4051","targetHints":{"allow":["GET"]}}],"collection":[{"href":"https:\/\/etagro.com\/index.php?rest_route=\/wp\/v2\/product"}],"about":[{"href":"https:\/\/etagro.com\/index.php?rest_route=\/wp\/v2\/types\/product"}],"replies":[{"embeddable":true,"href":"https:\/\/etagro.com\/index.php?rest_route=%2Fwp%2Fv2%2Fcomments&post=4051"}],"wp:featuredmedia":[{"embeddable":true,"href":"https:\/\/etagro.com\/index.php?rest_route=\/wp\/v2\/media\/4047"}],"wp:attachment":[{"href":"https:\/\/etagro.com\/index.php?rest_route=%2Fwp%2Fv2%2Fmedia&parent=4051"}],"wp:term":[{"taxonomy":"product_brand","embeddable":true,"href":"https:\/\/etagro.com\/index.php?rest_route=%2Fwp%2Fv2%2Fproduct_brand&post=4051"},{"taxonomy":"product_cat","embeddable":true,"href":"https:\/\/etagro.com\/index.php?rest_route=%2Fwp%2Fv2%2Fproduct_cat&post=4051"},{"taxonomy":"product_tag","embeddable":true,"href":"https:\/\/etagro.com\/index.php?rest_route=%2Fwp%2Fv2%2Fproduct_tag&post=4051"}],"curies":[{"name":"wp","href":"https:\/\/api.w.org\/{rel}","templated":true}]}}