{"id":3942,"date":"2025-10-13T22:44:15","date_gmt":"2025-10-14T03:44:15","guid":{"rendered":"https:\/\/etagro.com\/new\/?product=electrobomba-gqn-gqnm-50-13-60"},"modified":"2025-10-13T22:44:15","modified_gmt":"2025-10-14T03:44:15","slug":"electrobomba-gqn-gqnm-50-13-60","status":"publish","type":"product","link":"https:\/\/etagro.com\/?product=electrobomba-gqn-gqnm-50-13-60","title":{"rendered":"Electrobomba GQN GQNM 50-13-60"},"content":{"rendered":"<p>Bombas Calpeda GQN dise\u00f1adas para aguas negras con impulsor bicanal. Fabricadas en acero inoxidable con doble sello mec\u00e1nico y flotador el\u00e9ctrico. Alta resistencia y rendimiento confiable.<\/p>\n","protected":false},"excerpt":{"rendered":"<p>Electrobomba de drenaje para aguas negras tipo bicanal con eje en acero inoxidable.<\/p>\n","protected":false},"featured_media":3924,"comment_status":"open","ping_status":"closed","template":"","meta":{"_joinchat":[]},"product_brand":[],"product_cat":[25],"product_tag":[],"class_list":{"0":"post-3942","1":"product","2":"type-product","3":"status-publish","4":"has-post-thumbnail","6":"product_cat-motobombas","8":"first","9":"instock","10":"taxable","11":"shipping-taxable","12":"purchasable","13":"product-type-simple"},"_links":{"self":[{"href":"https:\/\/etagro.com\/index.php?rest_route=\/wp\/v2\/product\/3942","targetHints":{"allow":["GET"]}}],"collection":[{"href":"https:\/\/etagro.com\/index.php?rest_route=\/wp\/v2\/product"}],"about":[{"href":"https:\/\/etagro.com\/index.php?rest_route=\/wp\/v2\/types\/product"}],"replies":[{"embeddable":true,"href":"https:\/\/etagro.com\/index.php?rest_route=%2Fwp%2Fv2%2Fcomments&post=3942"}],"wp:featuredmedia":[{"embeddable":true,"href":"https:\/\/etagro.com\/index.php?rest_route=\/wp\/v2\/media\/3924"}],"wp:attachment":[{"href":"https:\/\/etagro.com\/index.php?rest_route=%2Fwp%2Fv2%2Fmedia&parent=3942"}],"wp:term":[{"taxonomy":"product_brand","embeddable":true,"href":"https:\/\/etagro.com\/index.php?rest_route=%2Fwp%2Fv2%2Fproduct_brand&post=3942"},{"taxonomy":"product_cat","embeddable":true,"href":"https:\/\/etagro.com\/index.php?rest_route=%2Fwp%2Fv2%2Fproduct_cat&post=3942"},{"taxonomy":"product_tag","embeddable":true,"href":"https:\/\/etagro.com\/index.php?rest_route=%2Fwp%2Fv2%2Fproduct_tag&post=3942"}],"curies":[{"name":"wp","href":"https:\/\/api.w.org\/{rel}","templated":true}]}}