{"id":394,"date":"2021-03-01T20:00:18","date_gmt":"2021-03-02T01:00:18","guid":{"rendered":"http:\/\/etagro.com\/new\/?post_type=product&#038;p=394"},"modified":"2025-10-07T17:59:01","modified_gmt":"2025-10-07T22:59:01","slug":"trapiche-horizontal-penagos-th-6","status":"publish","type":"product","link":"https:\/\/etagro.com\/?product=trapiche-horizontal-penagos-th-6","title":{"rendered":"Trapiche horizontal PENAGOS TH-6"},"content":{"rendered":"<p>Equipo con una longitud de molienda de 6\u201d y una capacidad de hasta 950 kg\/hora de ca\u00f1a y una potencia requerida de 6 HP para motor el\u00e9ctrico o de 10 HP para motor gasolina o di\u00e9sel, brindando rendimientos de extracci\u00f3n cercanos al 60%.<\/p>\n<p>Los dise\u00f1os PENAGOS est\u00e1n basados en las \u00faltimas recomendaciones para conseguir el mayor rendimiento tanto de extracci\u00f3n como de potencia, los cuales se obtienen con la combinaci\u00f3n Di\u00e1metro, Velocidad y Rayado de las mazas.<\/p>\n<p>&nbsp;<\/p>\n<p>Las partes constitutivas son en fundici\u00f3n gris de alta resistencia y mecanizadas bajo normas de calidad y precisi\u00f3n que no solo garantizan la vida \u00fatil del molino, sino la facilidad de los recambios.<\/p>\n","protected":false},"excerpt":{"rendered":"<ul>\n<li>Producci\u00f3n Ca\u00f1a: 600 \u2013 950* kg\/h<\/li>\n<\/ul>\n<ul>\n<li>Potencia requerida motor el\u00e9ctrico: 6 HP<\/li>\n<\/ul>\n<ul>\n<li>Potencia requerida motor gasolina o di\u00e9sel: 10 HP<\/li>\n<\/ul>\n<ul>\n<li>Velocidad Maza Mayor R.P.M.: 12<\/li>\n<\/ul>\n<ul>\n<li>Velocidad Polea R.P.M.: 166<\/li>\n<\/ul>\n<ul>\n<li>Di\u00e1metro polea motriz: \u00d838\u2033<\/li>\n<\/ul>\n<ul>\n<li>Peso neto: 600 kilos<\/li>\n<\/ul>\n","protected":false},"featured_media":395,"comment_status":"open","ping_status":"closed","template":"","meta":{"_joinchat":[]},"product_brand":[],"product_cat":[30],"product_tag":[],"class_list":{"0":"post-394","1":"product","2":"type-product","3":"status-publish","4":"has-post-thumbnail","6":"product_cat-cafe-y-panela","8":"first","9":"instock","10":"taxable","11":"shipping-taxable","12":"purchasable","13":"product-type-simple"},"_links":{"self":[{"href":"https:\/\/etagro.com\/index.php?rest_route=\/wp\/v2\/product\/394","targetHints":{"allow":["GET"]}}],"collection":[{"href":"https:\/\/etagro.com\/index.php?rest_route=\/wp\/v2\/product"}],"about":[{"href":"https:\/\/etagro.com\/index.php?rest_route=\/wp\/v2\/types\/product"}],"replies":[{"embeddable":true,"href":"https:\/\/etagro.com\/index.php?rest_route=%2Fwp%2Fv2%2Fcomments&post=394"}],"wp:featuredmedia":[{"embeddable":true,"href":"https:\/\/etagro.com\/index.php?rest_route=\/wp\/v2\/media\/395"}],"wp:attachment":[{"href":"https:\/\/etagro.com\/index.php?rest_route=%2Fwp%2Fv2%2Fmedia&parent=394"}],"wp:term":[{"taxonomy":"product_brand","embeddable":true,"href":"https:\/\/etagro.com\/index.php?rest_route=%2Fwp%2Fv2%2Fproduct_brand&post=394"},{"taxonomy":"product_cat","embeddable":true,"href":"https:\/\/etagro.com\/index.php?rest_route=%2Fwp%2Fv2%2Fproduct_cat&post=394"},{"taxonomy":"product_tag","embeddable":true,"href":"https:\/\/etagro.com\/index.php?rest_route=%2Fwp%2Fv2%2Fproduct_tag&post=394"}],"curies":[{"name":"wp","href":"https:\/\/api.w.org\/{rel}","templated":true}]}}