{"id":3931,"date":"2025-10-13T22:44:14","date_gmt":"2025-10-14T03:44:14","guid":{"rendered":"https:\/\/etagro.com\/new\/?product=electrobomba-slp-slp-05a16a"},"modified":"2025-10-13T22:44:14","modified_gmt":"2025-10-14T03:44:14","slug":"electrobomba-slp-slp-05a16a","status":"publish","type":"product","link":"https:\/\/etagro.com\/?product=electrobomba-slp-slp-05a16a","title":{"rendered":"Electrobomba SLP SLP 05A16A"},"content":{"rendered":"<p>Bombas sumergibles Pearl SLP dise\u00f1adas para el drenaje de aguas limpias. Incorporan impulsor en Nylon, flotador el\u00e9ctrico y 10 metros de cable H05RN-F. Fabricadas en acero inoxidable con protector t\u00e9rmico.<\/p>\n","protected":false},"excerpt":{"rendered":"<p>Electrobomba sumergible para aguas limpias con impulsor en Nylon y flotador el\u00e9ctrico.<\/p>\n","protected":false},"featured_media":3921,"comment_status":"open","ping_status":"closed","template":"","meta":{"_joinchat":[]},"product_brand":[],"product_cat":[25],"product_tag":[],"class_list":{"0":"post-3931","1":"product","2":"type-product","3":"status-publish","4":"has-post-thumbnail","6":"product_cat-motobombas","8":"first","9":"instock","10":"taxable","11":"shipping-taxable","12":"purchasable","13":"product-type-simple"},"_links":{"self":[{"href":"https:\/\/etagro.com\/index.php?rest_route=\/wp\/v2\/product\/3931","targetHints":{"allow":["GET"]}}],"collection":[{"href":"https:\/\/etagro.com\/index.php?rest_route=\/wp\/v2\/product"}],"about":[{"href":"https:\/\/etagro.com\/index.php?rest_route=\/wp\/v2\/types\/product"}],"replies":[{"embeddable":true,"href":"https:\/\/etagro.com\/index.php?rest_route=%2Fwp%2Fv2%2Fcomments&post=3931"}],"wp:featuredmedia":[{"embeddable":true,"href":"https:\/\/etagro.com\/index.php?rest_route=\/wp\/v2\/media\/3921"}],"wp:attachment":[{"href":"https:\/\/etagro.com\/index.php?rest_route=%2Fwp%2Fv2%2Fmedia&parent=3931"}],"wp:term":[{"taxonomy":"product_brand","embeddable":true,"href":"https:\/\/etagro.com\/index.php?rest_route=%2Fwp%2Fv2%2Fproduct_brand&post=3931"},{"taxonomy":"product_cat","embeddable":true,"href":"https:\/\/etagro.com\/index.php?rest_route=%2Fwp%2Fv2%2Fproduct_cat&post=3931"},{"taxonomy":"product_tag","embeddable":true,"href":"https:\/\/etagro.com\/index.php?rest_route=%2Fwp%2Fv2%2Fproduct_tag&post=3931"}],"curies":[{"name":"wp","href":"https:\/\/api.w.org\/{rel}","templated":true}]}}