{"id":3893,"date":"2025-10-13T22:04:57","date_gmt":"2025-10-14T03:04:57","guid":{"rendered":"https:\/\/etagro.com\/new\/?product=electrobomba-de-piscina-inteligente-dab-e-swim-150"},"modified":"2025-10-13T22:10:05","modified_gmt":"2025-10-14T03:10:05","slug":"electrobomba-de-piscina-inteligente-dab-e-swim-150","status":"publish","type":"product","link":"https:\/\/etagro.com\/?product=electrobomba-de-piscina-inteligente-dab-e-swim-150","title":{"rendered":"Electrobomba de Piscina Inteligente DAB E-Swim 150"},"content":{"rendered":"<p>La DAB E-Swim 150 es una electrobomba de piscina inteligente de 1.5 HP equipada con motor de imanes permanentes y refrigeraci\u00f3n por agua. Incluye ocho velocidades programables, sistema antiatrapamiento SVRS y cuerpo en pol\u00edmero reforzado con fibra de vidrio. Extremadamente silenciosa, adecuada para agua salada y l\u00edquidos agresivos. Cumple con norma EN 60335-2-41.<\/p>\n","protected":false},"excerpt":{"rendered":"<p>Electrobomba inteligente de 1.5 HP con motor de imanes permanentes y sistema SVRS.<\/p>\n","protected":false},"featured_media":3895,"comment_status":"open","ping_status":"closed","template":"","meta":{"_joinchat":[]},"product_brand":[],"product_cat":[25],"product_tag":[],"class_list":{"0":"post-3893","1":"product","2":"type-product","3":"status-publish","4":"has-post-thumbnail","6":"product_cat-motobombas","8":"first","9":"instock","10":"taxable","11":"shipping-taxable","12":"purchasable","13":"product-type-simple"},"_links":{"self":[{"href":"https:\/\/etagro.com\/index.php?rest_route=\/wp\/v2\/product\/3893","targetHints":{"allow":["GET"]}}],"collection":[{"href":"https:\/\/etagro.com\/index.php?rest_route=\/wp\/v2\/product"}],"about":[{"href":"https:\/\/etagro.com\/index.php?rest_route=\/wp\/v2\/types\/product"}],"replies":[{"embeddable":true,"href":"https:\/\/etagro.com\/index.php?rest_route=%2Fwp%2Fv2%2Fcomments&post=3893"}],"wp:featuredmedia":[{"embeddable":true,"href":"https:\/\/etagro.com\/index.php?rest_route=\/wp\/v2\/media\/3895"}],"wp:attachment":[{"href":"https:\/\/etagro.com\/index.php?rest_route=%2Fwp%2Fv2%2Fmedia&parent=3893"}],"wp:term":[{"taxonomy":"product_brand","embeddable":true,"href":"https:\/\/etagro.com\/index.php?rest_route=%2Fwp%2Fv2%2Fproduct_brand&post=3893"},{"taxonomy":"product_cat","embeddable":true,"href":"https:\/\/etagro.com\/index.php?rest_route=%2Fwp%2Fv2%2Fproduct_cat&post=3893"},{"taxonomy":"product_tag","embeddable":true,"href":"https:\/\/etagro.com\/index.php?rest_route=%2Fwp%2Fv2%2Fproduct_tag&post=3893"}],"curies":[{"name":"wp","href":"https:\/\/api.w.org\/{rel}","templated":true}]}}