{"id":3892,"date":"2025-10-13T22:04:57","date_gmt":"2025-10-14T03:04:57","guid":{"rendered":"https:\/\/etagro.com\/new\/?product=electrobomba-de-piscina-autocebante-dab-euroswim-300t"},"modified":"2025-10-13T22:11:37","modified_gmt":"2025-10-14T03:11:37","slug":"electrobomba-de-piscina-autocebante-dab-euroswim-300t","status":"publish","type":"product","link":"https:\/\/etagro.com\/?product=electrobomba-de-piscina-autocebante-dab-euroswim-300t","title":{"rendered":"Electrobomba de Piscina Autocebante DAB Euroswim 300T"},"content":{"rendered":"<p>La bomba DAB Euroswim 300T trif\u00e1sica de 3.0 HP combina potencia, eficiencia y resistencia. Dise\u00f1ada para trabajo continuo, fabricada en pol\u00edmero reforzado con fibra de vidrio y con prefiltro incorporado. Adecuada para agua salada y aplicaciones industriales.<\/p>\n","protected":false},"excerpt":{"rendered":"<p>Bomba trif\u00e1sica DAB Euroswim 300T de 3.0 HP, gran rendimiento y durabilidad.<\/p>\n","protected":false},"featured_media":3894,"comment_status":"open","ping_status":"closed","template":"","meta":{"_joinchat":[]},"product_brand":[],"product_cat":[25],"product_tag":[],"class_list":{"0":"post-3892","1":"product","2":"type-product","3":"status-publish","4":"has-post-thumbnail","6":"product_cat-motobombas","8":"first","9":"instock","10":"taxable","11":"shipping-taxable","12":"purchasable","13":"product-type-simple"},"_links":{"self":[{"href":"https:\/\/etagro.com\/index.php?rest_route=\/wp\/v2\/product\/3892","targetHints":{"allow":["GET"]}}],"collection":[{"href":"https:\/\/etagro.com\/index.php?rest_route=\/wp\/v2\/product"}],"about":[{"href":"https:\/\/etagro.com\/index.php?rest_route=\/wp\/v2\/types\/product"}],"replies":[{"embeddable":true,"href":"https:\/\/etagro.com\/index.php?rest_route=%2Fwp%2Fv2%2Fcomments&post=3892"}],"wp:featuredmedia":[{"embeddable":true,"href":"https:\/\/etagro.com\/index.php?rest_route=\/wp\/v2\/media\/3894"}],"wp:attachment":[{"href":"https:\/\/etagro.com\/index.php?rest_route=%2Fwp%2Fv2%2Fmedia&parent=3892"}],"wp:term":[{"taxonomy":"product_brand","embeddable":true,"href":"https:\/\/etagro.com\/index.php?rest_route=%2Fwp%2Fv2%2Fproduct_brand&post=3892"},{"taxonomy":"product_cat","embeddable":true,"href":"https:\/\/etagro.com\/index.php?rest_route=%2Fwp%2Fv2%2Fproduct_cat&post=3892"},{"taxonomy":"product_tag","embeddable":true,"href":"https:\/\/etagro.com\/index.php?rest_route=%2Fwp%2Fv2%2Fproduct_tag&post=3892"}],"curies":[{"name":"wp","href":"https:\/\/api.w.org\/{rel}","templated":true}]}}