{"id":3891,"date":"2025-10-13T22:04:56","date_gmt":"2025-10-14T03:04:56","guid":{"rendered":"https:\/\/etagro.com\/new\/?product=electrobomba-de-piscina-autocebante-dab-euroswim-300m"},"modified":"2025-10-13T22:06:26","modified_gmt":"2025-10-14T03:06:26","slug":"electrobomba-de-piscina-autocebante-dab-euroswim-300m","status":"publish","type":"product","link":"https:\/\/etagro.com\/?product=electrobomba-de-piscina-autocebante-dab-euroswim-300m","title":{"rendered":"Electrobomba de Piscina Autocebante DAB Euroswim 300M"},"content":{"rendered":"<p>La DAB Euroswim 300M es una bomba autocebante monof\u00e1sica de 3.0 HP, fabricada con materiales resistentes a la corrosi\u00f3n. Ofrece alto caudal, funcionamiento silencioso y durabilidad para piscinas de gran tama\u00f1o. Apta para agua salada.<\/p>\n","protected":false},"excerpt":{"rendered":"<p>Electrobomba DAB Euroswim 300M de 3.0 HP, alto caudal y resistencia extrema.<\/p>\n","protected":false},"featured_media":3894,"comment_status":"open","ping_status":"closed","template":"","meta":{"_joinchat":[]},"product_brand":[],"product_cat":[25],"product_tag":[],"class_list":{"0":"post-3891","1":"product","2":"type-product","3":"status-publish","4":"has-post-thumbnail","6":"product_cat-motobombas","8":"first","9":"instock","10":"taxable","11":"shipping-taxable","12":"purchasable","13":"product-type-simple"},"_links":{"self":[{"href":"https:\/\/etagro.com\/index.php?rest_route=\/wp\/v2\/product\/3891","targetHints":{"allow":["GET"]}}],"collection":[{"href":"https:\/\/etagro.com\/index.php?rest_route=\/wp\/v2\/product"}],"about":[{"href":"https:\/\/etagro.com\/index.php?rest_route=\/wp\/v2\/types\/product"}],"replies":[{"embeddable":true,"href":"https:\/\/etagro.com\/index.php?rest_route=%2Fwp%2Fv2%2Fcomments&post=3891"}],"wp:featuredmedia":[{"embeddable":true,"href":"https:\/\/etagro.com\/index.php?rest_route=\/wp\/v2\/media\/3894"}],"wp:attachment":[{"href":"https:\/\/etagro.com\/index.php?rest_route=%2Fwp%2Fv2%2Fmedia&parent=3891"}],"wp:term":[{"taxonomy":"product_brand","embeddable":true,"href":"https:\/\/etagro.com\/index.php?rest_route=%2Fwp%2Fv2%2Fproduct_brand&post=3891"},{"taxonomy":"product_cat","embeddable":true,"href":"https:\/\/etagro.com\/index.php?rest_route=%2Fwp%2Fv2%2Fproduct_cat&post=3891"},{"taxonomy":"product_tag","embeddable":true,"href":"https:\/\/etagro.com\/index.php?rest_route=%2Fwp%2Fv2%2Fproduct_tag&post=3891"}],"curies":[{"name":"wp","href":"https:\/\/api.w.org\/{rel}","templated":true}]}}