{"id":3878,"date":"2025-10-13T21:52:26","date_gmt":"2025-10-14T02:52:26","guid":{"rendered":"https:\/\/etagro.com\/new\/?product=bomba-jet-autocebante-pearl-jsp-07f16s"},"modified":"2025-10-13T22:12:16","modified_gmt":"2025-10-14T03:12:16","slug":"bomba-jet-autocebante-pearl-jsp-07f16s","status":"publish","type":"product","link":"https:\/\/etagro.com\/?product=bomba-jet-autocebante-pearl-jsp-07f16s","title":{"rendered":"Bomba Jet Autocebante Pearl JSP 07F16S"},"content":{"rendered":"<p>La electrobomba Pearl JSP 07F16S de 0.7 HP est\u00e1 fabricada completamente en acero inoxidable, con impulsor cerrado y rodamientos NSK. Succi\u00f3n m\u00e1xima de 9 metros, selector de voltaje 110\/220V y protector t\u00e9rmico incluido. Ideal para uso dom\u00e9stico e industrial donde se requiera alta resistencia a la corrosi\u00f3n.<\/p>\n","protected":false},"excerpt":{"rendered":"<p>Bomba jet autocebante de 0.7 HP completamente en acero inoxidable.<\/p>\n","protected":false},"featured_media":3882,"comment_status":"open","ping_status":"closed","template":"","meta":{"_joinchat":[]},"product_brand":[],"product_cat":[25],"product_tag":[],"class_list":{"0":"post-3878","1":"product","2":"type-product","3":"status-publish","4":"has-post-thumbnail","6":"product_cat-motobombas","8":"first","9":"instock","10":"taxable","11":"shipping-taxable","12":"purchasable","13":"product-type-simple"},"_links":{"self":[{"href":"https:\/\/etagro.com\/index.php?rest_route=\/wp\/v2\/product\/3878","targetHints":{"allow":["GET"]}}],"collection":[{"href":"https:\/\/etagro.com\/index.php?rest_route=\/wp\/v2\/product"}],"about":[{"href":"https:\/\/etagro.com\/index.php?rest_route=\/wp\/v2\/types\/product"}],"replies":[{"embeddable":true,"href":"https:\/\/etagro.com\/index.php?rest_route=%2Fwp%2Fv2%2Fcomments&post=3878"}],"wp:featuredmedia":[{"embeddable":true,"href":"https:\/\/etagro.com\/index.php?rest_route=\/wp\/v2\/media\/3882"}],"wp:attachment":[{"href":"https:\/\/etagro.com\/index.php?rest_route=%2Fwp%2Fv2%2Fmedia&parent=3878"}],"wp:term":[{"taxonomy":"product_brand","embeddable":true,"href":"https:\/\/etagro.com\/index.php?rest_route=%2Fwp%2Fv2%2Fproduct_brand&post=3878"},{"taxonomy":"product_cat","embeddable":true,"href":"https:\/\/etagro.com\/index.php?rest_route=%2Fwp%2Fv2%2Fproduct_cat&post=3878"},{"taxonomy":"product_tag","embeddable":true,"href":"https:\/\/etagro.com\/index.php?rest_route=%2Fwp%2Fv2%2Fproduct_tag&post=3878"}],"curies":[{"name":"wp","href":"https:\/\/api.w.org\/{rel}","templated":true}]}}