{"id":3874,"date":"2025-10-13T21:52:25","date_gmt":"2025-10-14T02:52:25","guid":{"rendered":"https:\/\/etagro.com\/new\/?product=bomba-jet-autocebante-pearl-jcp-07f16s"},"modified":"2025-10-13T22:11:51","modified_gmt":"2025-10-14T03:11:51","slug":"bomba-jet-autocebante-pearl-jcp-07f16s","status":"publish","type":"product","link":"https:\/\/etagro.com\/?product=bomba-jet-autocebante-pearl-jcp-07f16s","title":{"rendered":"Bomba Jet Autocebante Pearl JCP 07F16S"},"content":{"rendered":"<p>La Pearl JCP 07F16S es una bomba jet autocebante con cuerpo en hierro y eje en acero inoxidable, impulsor cerrado en acero inoxidable y rodamientos NSK. Ofrece una potencia de 0.7 HP, altura m\u00e1xima de 45 metros y caudal m\u00e1ximo de 50 LPM. Cuenta con protector t\u00e9rmico y selector de voltaje 110V. Ideal para mejorar presi\u00f3n en sistemas dom\u00e9sticos e industriales.<\/p>\n","protected":false},"excerpt":{"rendered":"<p>Bomba jet autocebante de 0.7 HP con cuerpo en hierro y succi\u00f3n m\u00e1xima de 9 metros.<\/p>\n","protected":false},"featured_media":3880,"comment_status":"open","ping_status":"closed","template":"","meta":{"_joinchat":[]},"product_brand":[],"product_cat":[25],"product_tag":[],"class_list":{"0":"post-3874","1":"product","2":"type-product","3":"status-publish","4":"has-post-thumbnail","6":"product_cat-motobombas","8":"first","9":"instock","10":"taxable","11":"shipping-taxable","12":"purchasable","13":"product-type-simple"},"_links":{"self":[{"href":"https:\/\/etagro.com\/index.php?rest_route=\/wp\/v2\/product\/3874","targetHints":{"allow":["GET"]}}],"collection":[{"href":"https:\/\/etagro.com\/index.php?rest_route=\/wp\/v2\/product"}],"about":[{"href":"https:\/\/etagro.com\/index.php?rest_route=\/wp\/v2\/types\/product"}],"replies":[{"embeddable":true,"href":"https:\/\/etagro.com\/index.php?rest_route=%2Fwp%2Fv2%2Fcomments&post=3874"}],"wp:featuredmedia":[{"embeddable":true,"href":"https:\/\/etagro.com\/index.php?rest_route=\/wp\/v2\/media\/3880"}],"wp:attachment":[{"href":"https:\/\/etagro.com\/index.php?rest_route=%2Fwp%2Fv2%2Fmedia&parent=3874"}],"wp:term":[{"taxonomy":"product_brand","embeddable":true,"href":"https:\/\/etagro.com\/index.php?rest_route=%2Fwp%2Fv2%2Fproduct_brand&post=3874"},{"taxonomy":"product_cat","embeddable":true,"href":"https:\/\/etagro.com\/index.php?rest_route=%2Fwp%2Fv2%2Fproduct_cat&post=3874"},{"taxonomy":"product_tag","embeddable":true,"href":"https:\/\/etagro.com\/index.php?rest_route=%2Fwp%2Fv2%2Fproduct_tag&post=3874"}],"curies":[{"name":"wp","href":"https:\/\/api.w.org\/{rel}","templated":true}]}}