{"id":3873,"date":"2025-10-13T21:52:25","date_gmt":"2025-10-14T02:52:25","guid":{"rendered":"https:\/\/etagro.com\/new\/?product=bomba-jet-autocebante-pearl-jcp-05a16s"},"modified":"2025-10-13T22:11:45","modified_gmt":"2025-10-14T03:11:45","slug":"bomba-jet-autocebante-pearl-jcp-05a16s","status":"publish","type":"product","link":"https:\/\/etagro.com\/?product=bomba-jet-autocebante-pearl-jcp-05a16s","title":{"rendered":"Bomba Jet Autocebante Pearl JCP 05A16S"},"content":{"rendered":"<p>La electrobomba Pearl JCP 05A16S es una bomba jet autocebante de 0.5 HP con cuerpo en hierro fundido y eje en acero inoxidable. Cuenta con impulsor cerrado en acero inoxidable, rodamientos NSK, y protecci\u00f3n t\u00e9rmica incluida. Succi\u00f3n m\u00e1xima de 9 metros y selector de voltaje 110V. Ideal para uso dom\u00e9stico, llenado de tanques y sistemas de presi\u00f3n.<\/p>\n","protected":false},"excerpt":{"rendered":"<p>Bomba jet autocebante de 0.5 HP con cuerpo en hierro y eje en acero inoxidable.<\/p>\n","protected":false},"featured_media":3880,"comment_status":"open","ping_status":"closed","template":"","meta":{"_joinchat":[]},"product_brand":[],"product_cat":[25],"product_tag":[],"class_list":{"0":"post-3873","1":"product","2":"type-product","3":"status-publish","4":"has-post-thumbnail","6":"product_cat-motobombas","8":"first","9":"instock","10":"taxable","11":"shipping-taxable","12":"purchasable","13":"product-type-simple"},"_links":{"self":[{"href":"https:\/\/etagro.com\/index.php?rest_route=\/wp\/v2\/product\/3873","targetHints":{"allow":["GET"]}}],"collection":[{"href":"https:\/\/etagro.com\/index.php?rest_route=\/wp\/v2\/product"}],"about":[{"href":"https:\/\/etagro.com\/index.php?rest_route=\/wp\/v2\/types\/product"}],"replies":[{"embeddable":true,"href":"https:\/\/etagro.com\/index.php?rest_route=%2Fwp%2Fv2%2Fcomments&post=3873"}],"wp:featuredmedia":[{"embeddable":true,"href":"https:\/\/etagro.com\/index.php?rest_route=\/wp\/v2\/media\/3880"}],"wp:attachment":[{"href":"https:\/\/etagro.com\/index.php?rest_route=%2Fwp%2Fv2%2Fmedia&parent=3873"}],"wp:term":[{"taxonomy":"product_brand","embeddable":true,"href":"https:\/\/etagro.com\/index.php?rest_route=%2Fwp%2Fv2%2Fproduct_brand&post=3873"},{"taxonomy":"product_cat","embeddable":true,"href":"https:\/\/etagro.com\/index.php?rest_route=%2Fwp%2Fv2%2Fproduct_cat&post=3873"},{"taxonomy":"product_tag","embeddable":true,"href":"https:\/\/etagro.com\/index.php?rest_route=%2Fwp%2Fv2%2Fproduct_tag&post=3873"}],"curies":[{"name":"wp","href":"https:\/\/api.w.org\/{rel}","templated":true}]}}