{"id":3815,"date":"2025-10-11T10:09:57","date_gmt":"2025-10-11T15:09:57","guid":{"rendered":"https:\/\/etagro.com\/new\/?post_type=product&#038;p=3815"},"modified":"2025-10-22T01:56:33","modified_gmt":"2025-10-22T06:56:33","slug":"ecoline-800-zs-inox-sm-electrico","status":"publish","type":"product","link":"https:\/\/etagro.com\/?product=ecoline-800-zs-inox-sm-electrico","title":{"rendered":"Ecoline 800 ZS Inox  (SM) &#8211; (El\u00e9ctrico)"},"content":{"rendered":"<p><b>Penagos integra 3 procesos del beneficio en una sola m\u00e1quina y registra el ahorro de agua con el nuevo medidor de agua\u00a0<\/b><b>integrado<\/b><\/p>\n<p>Beneficio Ecol\u00f3gico para caf\u00e9 cereza maduro con tecnolog\u00eda de despulpado horizontal y una criba (zaranda) para separar los granos despulpados de los no despulpados. Incluye un DELVA que remueve mec\u00e1nicamente el muc\u00edlago con poca agua, entregando el caf\u00e9 pergamino listo para el proceso de secado. Cuenta con un medidor de agua integrado el cual mide, registra e indica el volumen de agua en metros c\u00fabicos que ha sido utilizado en el proceso.<\/p>\n<p>Con despulpadora Horizontal DH-6<\/p>\n<p>-Simple y f\u00e1cil de operar.<br \/>\n-Bajo consumo de energ\u00eda.<br \/>\n-Es amigable con el medio ambiente debido a la disminuci\u00f3n del uso del agua en el desmucilaginado (0.2 litros por 1 kilo de caf\u00e9 cereza maduro),<br \/>\n-Incluye sinf\u00edn para transportar y mezclar pulpa y muc\u00edlago.<\/p>\n<p>*Disponible en acero corriente o acero inoxidable<\/p>\n<p>&nbsp;<\/p>\n<table width=\"511\">\n<tbody>\n<tr>\n<td style=\"text-align: center;\" width=\"254\">Modelo<\/td>\n<td style=\"text-align: center;\" width=\"257\">Ecoline-800<\/td>\n<\/tr>\n<tr>\n<td width=\"254\">Capacidad de caf\u00e9 cereza<\/td>\n<td width=\"257\">600 a 800 kg de caf\u00e9 cereza por hora<\/td>\n<\/tr>\n<tr>\n<td width=\"254\">Potencia despulpadora<\/td>\n<td width=\"257\">1 HP<\/td>\n<\/tr>\n<tr>\n<td width=\"254\">Potencia desmucilaginador<\/td>\n<td width=\"257\">3 HP<\/td>\n<\/tr>\n<tr>\n<td width=\"254\">Potencia motor a combusti\u00f3n<\/td>\n<td width=\"257\">6.0 \u2013 8.5 HP<\/td>\n<\/tr>\n<tr>\n<td width=\"254\">Consumo de agua<\/td>\n<td width=\"257\">0.2 litros por 1 kilo de caf\u00e9 cereza maduro<\/td>\n<\/tr>\n<tr>\n<td style=\"text-align: center;\" width=\"254\">Peso neto<\/td>\n<td style=\"text-align: center;\" width=\"257\">220 kg<\/td>\n<\/tr>\n<\/tbody>\n<\/table>\n","protected":false},"excerpt":{"rendered":"<p>\u00abM\u00f3dulo de beneficio ecol\u00f3gico para 800 kgs de caf\u00e9 cereza\/hora. Incluye zaranda<br \/>\nclasificadora, sinf\u00edn para mezcla de pulpa y muc\u00edlago, lavador o desmucilaginador en acero<br \/>\ninoxidable y 1 despulpadora DH-6.<br \/>\nPara motores el\u00e9ctricos. No Incluye tablero de control el\u00e9ctrico. No incluye motores\u00bb<\/p>\n","protected":false},"featured_media":807,"comment_status":"open","ping_status":"closed","template":"","meta":{"_joinchat":[]},"product_brand":[],"product_cat":[30,15],"product_tag":[],"class_list":{"0":"post-3815","1":"product","2":"type-product","3":"status-publish","4":"has-post-thumbnail","6":"product_cat-cafe-y-panela","7":"product_cat-tienda","9":"first","10":"instock","11":"taxable","12":"shipping-taxable","13":"purchasable","14":"product-type-simple"},"_links":{"self":[{"href":"https:\/\/etagro.com\/index.php?rest_route=\/wp\/v2\/product\/3815","targetHints":{"allow":["GET"]}}],"collection":[{"href":"https:\/\/etagro.com\/index.php?rest_route=\/wp\/v2\/product"}],"about":[{"href":"https:\/\/etagro.com\/index.php?rest_route=\/wp\/v2\/types\/product"}],"replies":[{"embeddable":true,"href":"https:\/\/etagro.com\/index.php?rest_route=%2Fwp%2Fv2%2Fcomments&post=3815"}],"wp:featuredmedia":[{"embeddable":true,"href":"https:\/\/etagro.com\/index.php?rest_route=\/wp\/v2\/media\/807"}],"wp:attachment":[{"href":"https:\/\/etagro.com\/index.php?rest_route=%2Fwp%2Fv2%2Fmedia&parent=3815"}],"wp:term":[{"taxonomy":"product_brand","embeddable":true,"href":"https:\/\/etagro.com\/index.php?rest_route=%2Fwp%2Fv2%2Fproduct_brand&post=3815"},{"taxonomy":"product_cat","embeddable":true,"href":"https:\/\/etagro.com\/index.php?rest_route=%2Fwp%2Fv2%2Fproduct_cat&post=3815"},{"taxonomy":"product_tag","embeddable":true,"href":"https:\/\/etagro.com\/index.php?rest_route=%2Fwp%2Fv2%2Fproduct_tag&post=3815"}],"curies":[{"name":"wp","href":"https:\/\/api.w.org\/{rel}","templated":true}]}}