{"id":3792,"date":"2025-10-11T09:45:03","date_gmt":"2025-10-11T14:45:03","guid":{"rendered":"https:\/\/etagro.com\/new\/?product=mc-4-1-2-cobre"},"modified":"2025-10-11T09:58:44","modified_gmt":"2025-10-11T14:58:44","slug":"mc-4-1-2-cobre","status":"publish","type":"product","link":"https:\/\/etagro.com\/?product=mc-4-1-2-cobre","title":{"rendered":"MC-4 1\/2 Cobre"},"content":{"rendered":"<p>El m\u00f3dulo clasificador MC 4 \u00bd es una soluci\u00f3n para el procesamiento de caf\u00e9 cereza maduro, ideal para caficultores que buscan optimizar su producci\u00f3n sin comprometer la calidad del grano. Este m\u00f3dulo combina en un solo equipo una despulpadora horizontal y un sistema de clasificaci\u00f3n eficiente, que permite separar con precisi\u00f3n el caf\u00e9 pergamino de la pasilla, sin necesidad de usar agua.<\/p>\n<p>Est\u00e1 equipado con:<\/p>\n<ul>\n<li aria-level=\"1\"><b>Zaranda en l\u00e1mina de acero inoxidable troquelada<\/b>, que clasifica con precisi\u00f3n.<\/li>\n<li aria-level=\"1\"><b>Limpiador de criba<\/b>, que mantiene un flujo constante durante el proceso.<\/li>\n<li aria-level=\"1\"><b>Bandeja met\u00e1lica deflectora<\/b>, que direcciona el grano directamente hacia los tanques de fermentaci\u00f3n.<\/li>\n<li aria-level=\"1\"><b>Salidas laterales para pulpa y pasilla<\/b>, facilitando la recolecci\u00f3n de subproductos.<\/li>\n<li aria-level=\"1\"><b>Base met\u00e1lica para instalaci\u00f3n de motor<\/b>, adaptable a motor el\u00e9ctrico o de combusti\u00f3n.<\/li>\n<\/ul>\n","protected":false},"excerpt":{"rendered":"<p>M\u00f3dulo para despulpar y clasificar caf\u00e9 para 1,100-1.300 kilos de caf\u00e9 cereza\/hora. Incluye: Despulpadora<br \/>\nHorizontal DH-4 1\/2, costados y cilindro en fundici\u00f3n, camisa en cobre, zaranda en l\u00e1mina troquelada, bandeja<br \/>\nsalida de caf\u00e9 despulpado, canal salida pulpa, canal salida caf\u00e9 pasilla en acero inoxidable, estructura en<br \/>\n\u00e1ngulo, base para motor el\u00e9ctrico y\/o gasolina. No incluye motor, ni polea, ni correa<\/p>\n","protected":false},"featured_media":3805,"comment_status":"open","ping_status":"closed","template":"","meta":{"_joinchat":[]},"product_brand":[],"product_cat":[18,30,15],"product_tag":[],"class_list":{"0":"post-3792","1":"product","2":"type-product","3":"status-publish","4":"has-post-thumbnail","6":"product_cat-agropecuario","7":"product_cat-cafe-y-panela","8":"product_cat-tienda","10":"first","11":"instock","12":"taxable","13":"shipping-taxable","14":"purchasable","15":"product-type-simple"},"_links":{"self":[{"href":"https:\/\/etagro.com\/index.php?rest_route=\/wp\/v2\/product\/3792","targetHints":{"allow":["GET"]}}],"collection":[{"href":"https:\/\/etagro.com\/index.php?rest_route=\/wp\/v2\/product"}],"about":[{"href":"https:\/\/etagro.com\/index.php?rest_route=\/wp\/v2\/types\/product"}],"replies":[{"embeddable":true,"href":"https:\/\/etagro.com\/index.php?rest_route=%2Fwp%2Fv2%2Fcomments&post=3792"}],"wp:featuredmedia":[{"embeddable":true,"href":"https:\/\/etagro.com\/index.php?rest_route=\/wp\/v2\/media\/3805"}],"wp:attachment":[{"href":"https:\/\/etagro.com\/index.php?rest_route=%2Fwp%2Fv2%2Fmedia&parent=3792"}],"wp:term":[{"taxonomy":"product_brand","embeddable":true,"href":"https:\/\/etagro.com\/index.php?rest_route=%2Fwp%2Fv2%2Fproduct_brand&post=3792"},{"taxonomy":"product_cat","embeddable":true,"href":"https:\/\/etagro.com\/index.php?rest_route=%2Fwp%2Fv2%2Fproduct_cat&post=3792"},{"taxonomy":"product_tag","embeddable":true,"href":"https:\/\/etagro.com\/index.php?rest_route=%2Fwp%2Fv2%2Fproduct_tag&post=3792"}],"curies":[{"name":"wp","href":"https:\/\/api.w.org\/{rel}","templated":true}]}}