{"id":3790,"date":"2025-10-11T09:45:03","date_gmt":"2025-10-11T14:45:03","guid":{"rendered":"https:\/\/etagro.com\/new\/?product=mc-3-1-2-cobre"},"modified":"2025-10-11T09:49:23","modified_gmt":"2025-10-11T14:49:23","slug":"mc-3-1-2-cobre","status":"publish","type":"product","link":"https:\/\/etagro.com\/?product=mc-3-1-2-cobre","title":{"rendered":"MC-3 1\/2 Cobre"},"content":{"rendered":"<p>Decidimos optimizar el proceso del caf\u00e9 fermentado.<br \/>\nEl m\u00f3dulo clasificador despulpa el caf\u00e9 cereza maduro sin usar agua (clasificando los granos no despulpados de los despulpados), separa la pulpa en un sentido y la pasilla en otro, dejando el grano listo para el proceso de fermentaci\u00f3n.<br \/>\nCon despulpadora Horizontal DH \u2013 3 1\/2<br \/>\n\u2013 Despulpa y clasifica el caf\u00e9 cereza mejorando la calidad del caf\u00e9.<br \/>\n\u2013 Ideal para peque\u00f1os caficultores.<br \/>\n\u2013 F\u00e1cil operaci\u00f3n y mantenimiento.<\/p>\n<table width=\"372\">\n<tbody>\n<tr>\n<td width=\"182\">Modelo<\/td>\n<td width=\"190\">MC-3 1\/2<\/td>\n<\/tr>\n<tr>\n<td width=\"182\">Producci\u00f3n con motor<\/td>\n<td width=\"190\">700-1000 kg cereza\/h<\/td>\n<\/tr>\n<tr>\n<td width=\"182\">Potencia el\u00e9ctrica requerida<\/td>\n<td width=\"190\">1 HP<\/td>\n<\/tr>\n<tr>\n<td width=\"182\">Potencia motor a combusti\u00f3n<\/td>\n<td width=\"190\">6.5 HP<\/td>\n<\/tr>\n<tr>\n<td width=\"182\">Despulpadora<\/td>\n<td width=\"190\">DH-3 1\/2<\/td>\n<\/tr>\n<tr>\n<td width=\"182\">Cilindro<\/td>\n<td width=\"190\">Hierro<\/td>\n<\/tr>\n<tr>\n<td width=\"182\">Capacidad tanque<\/td>\n<td width=\"190\">350 lt x 2<\/td>\n<\/tr>\n<tr>\n<td width=\"182\">Camisa<\/td>\n<td width=\"190\">Cobre\/inox<\/td>\n<\/tr>\n<tr>\n<td width=\"182\">Peso<\/td>\n<td width=\"190\">100 kg<\/td>\n<\/tr>\n<\/tbody>\n<\/table>\n","protected":false},"excerpt":{"rendered":"<p>M\u00f3dulo para despulpar y clasificar caf\u00e9 para 700-1.000 kilos de caf\u00e9 cereza\/hora. Incluye: Despulpadora<br \/>\nHorizontal DH-3 1\/2, costados y cilindro en fundici\u00f3n, camisa en acero inoxidable, zaranda en l\u00e1mina<br \/>\ntroquelada, bandeja salida de caf\u00e9 despulpado, canal salida pulpa, canal salida caf\u00e9 pasilla en acero<br \/>\ninoxidable, estructura en \u00e1ngulo, base para motor el\u00e9ctrico y\/o gasolina. No incluye motor, ni polea, ni correa.<\/p>\n","protected":false},"featured_media":3794,"comment_status":"open","ping_status":"closed","template":"","meta":{"_joinchat":[]},"product_brand":[],"product_cat":[30,15],"product_tag":[],"class_list":{"0":"post-3790","1":"product","2":"type-product","3":"status-publish","4":"has-post-thumbnail","6":"product_cat-cafe-y-panela","7":"product_cat-tienda","9":"first","10":"instock","11":"taxable","12":"shipping-taxable","13":"purchasable","14":"product-type-simple"},"_links":{"self":[{"href":"https:\/\/etagro.com\/index.php?rest_route=\/wp\/v2\/product\/3790","targetHints":{"allow":["GET"]}}],"collection":[{"href":"https:\/\/etagro.com\/index.php?rest_route=\/wp\/v2\/product"}],"about":[{"href":"https:\/\/etagro.com\/index.php?rest_route=\/wp\/v2\/types\/product"}],"replies":[{"embeddable":true,"href":"https:\/\/etagro.com\/index.php?rest_route=%2Fwp%2Fv2%2Fcomments&post=3790"}],"wp:featuredmedia":[{"embeddable":true,"href":"https:\/\/etagro.com\/index.php?rest_route=\/wp\/v2\/media\/3794"}],"wp:attachment":[{"href":"https:\/\/etagro.com\/index.php?rest_route=%2Fwp%2Fv2%2Fmedia&parent=3790"}],"wp:term":[{"taxonomy":"product_brand","embeddable":true,"href":"https:\/\/etagro.com\/index.php?rest_route=%2Fwp%2Fv2%2Fproduct_brand&post=3790"},{"taxonomy":"product_cat","embeddable":true,"href":"https:\/\/etagro.com\/index.php?rest_route=%2Fwp%2Fv2%2Fproduct_cat&post=3790"},{"taxonomy":"product_tag","embeddable":true,"href":"https:\/\/etagro.com\/index.php?rest_route=%2Fwp%2Fv2%2Fproduct_tag&post=3790"}],"curies":[{"name":"wp","href":"https:\/\/api.w.org\/{rel}","templated":true}]}}