{"id":3786,"date":"2025-10-11T09:30:58","date_gmt":"2025-10-11T14:30:58","guid":{"rendered":"https:\/\/etagro.com\/new\/?post_type=product&#038;p=3786"},"modified":"2025-10-11T09:38:06","modified_gmt":"2025-10-11T14:38:06","slug":"modulo-clasificador-mc-2-1-2-inox","status":"publish","type":"product","link":"https:\/\/etagro.com\/?product=modulo-clasificador-mc-2-1-2-inox","title":{"rendered":"M\u00f3dulo Clasificador MC-2 1\/2 Inox"},"content":{"rendered":"<p>Decidimos optimizar el proceso del caf\u00e9 fermentado.<br \/>\nEl m\u00f3dulo clasificador despulpa el caf\u00e9 cereza maduro sin usar agua (clasificando los granos no despulpados de los despulpados), separa la pulpa en un sentido y la pasilla en otro, dejando el grano listo para el proceso de fermentaci\u00f3n.<br \/>\nCon despulpadora Horizontal DH \u2013 2 1\/2<br \/>\n\u2013 Despulpa y clasifica el caf\u00e9 cereza mejorando la calidad del caf\u00e9.<br \/>\n\u2013 Ideal para peque\u00f1os caficultores.<br \/>\n\u2013 F\u00e1cil operaci\u00f3n y mantenimiento.<\/p>\n<table dir=\"ltr\" border=\"1\" cellspacing=\"0\" cellpadding=\"0\">\n<tbody>\n<tr>\n<td data-sheets-value=\"{&quot;1&quot;:2,&quot;2&quot;:&quot;Modelo&quot;}\">Modelo<\/td>\n<td data-sheets-value=\"{&quot;1&quot;:2,&quot;2&quot;:&quot;MC-2 1\/2 &quot;}\">MC-2 1\/2<\/td>\n<\/tr>\n<tr>\n<td data-sheets-value=\"{&quot;1&quot;:2,&quot;2&quot;:&quot;Producci\u00f3n con motor&quot;}\">Producci\u00f3n con motor<\/td>\n<td data-sheets-value=\"{&quot;1&quot;:2,&quot;2&quot;:&quot;300 - 400 kg de caf\u00e9 cereza por hora&quot;}\">300 \u2013 400 kg de caf\u00e9 cereza por hora<\/td>\n<\/tr>\n<tr>\n<td data-sheets-value=\"{&quot;1&quot;:2,&quot;2&quot;:&quot;Potencia el\u00e9ctrica requerida&quot;}\">Potencia el\u00e9ctrica requerida<\/td>\n<td data-sheets-value=\"{&quot;1&quot;:2,&quot;2&quot;:&quot;0.5 HP&quot;}\">0.5 HP<\/td>\n<\/tr>\n<tr>\n<td data-sheets-value=\"{&quot;1&quot;:2,&quot;2&quot;:&quot;Potencia motor a combusti\u00f3n&quot;}\">Potencia motor a combusti\u00f3n<\/td>\n<td data-sheets-value=\"{&quot;1&quot;:2,&quot;2&quot;:&quot;6.5 HP&quot;}\">6.5 HP<\/td>\n<\/tr>\n<tr>\n<td data-sheets-value=\"{&quot;1&quot;:2,&quot;2&quot;:&quot;Despulpadora&quot;}\">Despulpadora<\/td>\n<td data-sheets-value=\"{&quot;1&quot;:2,&quot;2&quot;:&quot;DH-2 1\/2&quot;}\">DH-2 1\/2<\/td>\n<\/tr>\n<tr>\n<td data-sheets-value=\"{&quot;1&quot;:2,&quot;2&quot;:&quot;Cilindro&quot;}\">Cilindro<\/td>\n<td data-sheets-value=\"{&quot;1&quot;:2,&quot;2&quot;:&quot;Hierro&quot;}\">Hierro<\/td>\n<\/tr>\n<tr>\n<td data-sheets-value=\"{&quot;1&quot;:2,&quot;2&quot;:&quot;Capacidad tanque&quot;}\">Capacidad tanque<\/td>\n<td data-sheets-value=\"{&quot;1&quot;:2,&quot;2&quot;:&quot;350 lt x 2&quot;}\">350 lt x 2<\/td>\n<\/tr>\n<tr>\n<td data-sheets-value=\"{&quot;1&quot;:2,&quot;2&quot;:&quot;Camisa&quot;}\">Camisa<\/td>\n<td data-sheets-value=\"{&quot;1&quot;:2,&quot;2&quot;:&quot;Cobre o inox&quot;}\">Cobre o inox<\/td>\n<\/tr>\n<tr>\n<td data-sheets-value=\"{&quot;1&quot;:2,&quot;2&quot;:&quot;Peso&quot;}\">Peso<\/td>\n<td data-sheets-value=\"{&quot;1&quot;:2,&quot;2&quot;:&quot;70 kg&quot;}\">70 kg<\/td>\n<\/tr>\n<\/tbody>\n<\/table>\n","protected":false},"excerpt":{"rendered":"<p>M\u00f3dulo para despulpar y clasificar caf\u00e9 para 300-400 kilos de caf\u00e9 cereza\/hora. Incluye: Despulpadora<br \/>\nHorizontal DH-2 1\/2, costados y cilindro en fundici\u00f3n, camisa en acero inoxidable, zaranda en l\u00e1mina<br \/>\ntroquelada, bandeja salida de caf\u00e9 despulpado, canal salida pulpa, canal salida caf\u00e9 pasilla, en acero<br \/>\ninoxidable, estructura en \u00e1ngulo, base para motor el\u00e9ctrico y\/o gasolina. No incluye motor, ni polea, ni correa<\/p>\n","protected":false},"featured_media":2070,"comment_status":"open","ping_status":"closed","template":"","meta":{"_joinchat":[]},"product_brand":[],"product_cat":[30],"product_tag":[],"class_list":{"0":"post-3786","1":"product","2":"type-product","3":"status-publish","4":"has-post-thumbnail","6":"product_cat-cafe-y-panela","8":"first","9":"instock","10":"taxable","11":"shipping-taxable","12":"purchasable","13":"product-type-simple"},"_links":{"self":[{"href":"https:\/\/etagro.com\/index.php?rest_route=\/wp\/v2\/product\/3786","targetHints":{"allow":["GET"]}}],"collection":[{"href":"https:\/\/etagro.com\/index.php?rest_route=\/wp\/v2\/product"}],"about":[{"href":"https:\/\/etagro.com\/index.php?rest_route=\/wp\/v2\/types\/product"}],"replies":[{"embeddable":true,"href":"https:\/\/etagro.com\/index.php?rest_route=%2Fwp%2Fv2%2Fcomments&post=3786"}],"wp:featuredmedia":[{"embeddable":true,"href":"https:\/\/etagro.com\/index.php?rest_route=\/wp\/v2\/media\/2070"}],"wp:attachment":[{"href":"https:\/\/etagro.com\/index.php?rest_route=%2Fwp%2Fv2%2Fmedia&parent=3786"}],"wp:term":[{"taxonomy":"product_brand","embeddable":true,"href":"https:\/\/etagro.com\/index.php?rest_route=%2Fwp%2Fv2%2Fproduct_brand&post=3786"},{"taxonomy":"product_cat","embeddable":true,"href":"https:\/\/etagro.com\/index.php?rest_route=%2Fwp%2Fv2%2Fproduct_cat&post=3786"},{"taxonomy":"product_tag","embeddable":true,"href":"https:\/\/etagro.com\/index.php?rest_route=%2Fwp%2Fv2%2Fproduct_tag&post=3786"}],"curies":[{"name":"wp","href":"https:\/\/api.w.org\/{rel}","templated":true}]}}