{"id":3781,"date":"2025-10-10T23:50:59","date_gmt":"2025-10-11T04:50:59","guid":{"rendered":"https:\/\/etagro.com\/new\/?post_type=product&#038;p=3781"},"modified":"2025-10-10T23:50:59","modified_gmt":"2025-10-11T04:50:59","slug":"motobomba-pearl-centrifuga-c2p-55h36s","status":"publish","type":"product","link":"https:\/\/etagro.com\/?product=motobomba-pearl-centrifuga-c2p-55h36s","title":{"rendered":"Motobomba Pearl Centr\u00edfuga C2P 55H36S"},"content":{"rendered":"<p>Con este tipo de bomba de superficie centr\u00edfuga se puede trasvasar agua o l\u00edquidos, siempre que sean limpios y no abrasivos, para usos, tanto dom\u00e9sticos como industriales. Aptas para caudales y presiones medias, se recomienda su uso para grupos de presi\u00f3n, riegos de aspersi\u00f3n, etc.<\/p>\n<p><strong>La Electrobomba de Superficie Centr\u00edfuga Pearl C2P 55H36S 5.5HP 220\/440V Trif\u00e1sica se utiliza para el bombeo de agua limpia y otros l\u00edquidos que sean parecidos fisioqu\u00edmicamente al agua.<\/strong>\u00a0Las principales recomendaciones de uso del producto son el suministro de agua en viviendas, edificios y la industria, en sistemas hidroneum\u00e1ticos, en sistemas de riego para jardines, trasiego de agua y sistemas de aire acondicionad.<\/p>\n<p>La bomba tambi\u00e9n se puede usar para suministrar agua al hogar, en equipos hidroneum\u00e1ticos, presurizaci\u00f3n de tuber\u00edas, riego de jardines e invernaderos, irrigaci\u00f3n agr\u00edcola, piscicultura y lavado de galpones, para uso industrial y minero, suministro de agua y drenaje de edificios, sistemas de aire acondicionado y calefacci\u00f3n, entre otros usos.<\/p>\n<p>Con la Electrobomba de Superficie Centr\u00edfuga Pearl C2P 55H36S 5.5HP 220\/440V Trif\u00e1sica puede transferir agua limpia y l\u00edquidos, en general, que no sean corrosivos, de baja viscosidad, no inflamables.\u00a0<strong>Estos l\u00edquidos tampoco han de ser explosivos, ni con contenidos de gas ni part\u00edculas solidas o fibrosas, siendo su valor de pH entre 6.5 y 8.5.<\/strong><\/p>\n","protected":false},"excerpt":{"rendered":"<p>La Electrobomba de Superficie Centr\u00edfuga Pearl C2P 55H36S 5.5HP 220\/440V Trif\u00e1sica\u00a0para ser usadas moviendo agua limpia u otros l\u00edquidos similares al agua en propiedades f\u00edsicas y qu\u00edmicas sin part\u00edculas abrasivas. Recomendadas para suministro de agua a peque\u00f1as unidades residenciales, peque\u00f1os sistemas de riego, sistemas de aire acondicionado y peque\u00f1os sistemas hidroneum\u00e1ticos.<\/p>\n","protected":false},"featured_media":3770,"comment_status":"open","ping_status":"closed","template":"","meta":{"_joinchat":[]},"product_brand":[],"product_cat":[89,25],"product_tag":[],"class_list":{"0":"post-3781","1":"product","2":"type-product","3":"status-publish","4":"has-post-thumbnail","6":"product_cat-electricas","7":"product_cat-motobombas","9":"first","10":"instock","11":"taxable","12":"shipping-taxable","13":"purchasable","14":"product-type-simple"},"_links":{"self":[{"href":"https:\/\/etagro.com\/index.php?rest_route=\/wp\/v2\/product\/3781","targetHints":{"allow":["GET"]}}],"collection":[{"href":"https:\/\/etagro.com\/index.php?rest_route=\/wp\/v2\/product"}],"about":[{"href":"https:\/\/etagro.com\/index.php?rest_route=\/wp\/v2\/types\/product"}],"replies":[{"embeddable":true,"href":"https:\/\/etagro.com\/index.php?rest_route=%2Fwp%2Fv2%2Fcomments&post=3781"}],"wp:featuredmedia":[{"embeddable":true,"href":"https:\/\/etagro.com\/index.php?rest_route=\/wp\/v2\/media\/3770"}],"wp:attachment":[{"href":"https:\/\/etagro.com\/index.php?rest_route=%2Fwp%2Fv2%2Fmedia&parent=3781"}],"wp:term":[{"taxonomy":"product_brand","embeddable":true,"href":"https:\/\/etagro.com\/index.php?rest_route=%2Fwp%2Fv2%2Fproduct_brand&post=3781"},{"taxonomy":"product_cat","embeddable":true,"href":"https:\/\/etagro.com\/index.php?rest_route=%2Fwp%2Fv2%2Fproduct_cat&post=3781"},{"taxonomy":"product_tag","embeddable":true,"href":"https:\/\/etagro.com\/index.php?rest_route=%2Fwp%2Fv2%2Fproduct_tag&post=3781"}],"curies":[{"name":"wp","href":"https:\/\/api.w.org\/{rel}","templated":true}]}}