{"id":3779,"date":"2025-10-10T23:09:40","date_gmt":"2025-10-11T04:09:40","guid":{"rendered":"https:\/\/etagro.com\/new\/?post_type=product&#038;p=3779"},"modified":"2025-10-10T23:31:38","modified_gmt":"2025-10-11T04:31:38","slug":"motobomba-pearl-centrifuga-c2p-30h36s-2","status":"publish","type":"product","link":"https:\/\/etagro.com\/?product=motobomba-pearl-centrifuga-c2p-30h36s-2","title":{"rendered":"Motobomba Pearl Centr\u00edfuga C2P 30H36S"},"content":{"rendered":"<p>La\u00a0<strong>Bomba Centr\u00edfuga Pearl C2P 30H36S 3HP 220\/440V Trif\u00e1sica<\/strong>\u00a0y esta familia de modelos de bombas de superficie centr\u00edfugas est\u00e1n dise\u00f1adas para consentir el trasvase de aguas o de l\u00edquidos, en este caso limpios y no abrasivos, en usos principalmente dom\u00e9sticos e industriales. La bomba de agua ha sido fabricada y se aconsejada para que se utilice con grupos de presi\u00f3n, riegos de aspersi\u00f3n, entre otros. Tambi\u00e9n son aptas para caudales y presiones medias.<\/p>\n<p><strong>Puede ser usada para el bombeo de agua limpia o bien, de otros l\u00edquidos de propiedades fisicoqu\u00edmicas similares a las del agua.<\/strong>\u00a0Desde AutoSolar, se recomiendan para casos que requieran del suministro de agua en edificios, viviendas y la industria, en sistemas hidroneum\u00e1ticos, en sistemas de riego para jardines, trasiego de agua y sistemas de aire acondicionado.<\/p>\n<p>Adem\u00e1s, este equipo se puede usar tambi\u00e9n para el suministro dom\u00e9stico de agua, en equipos de tipo hidroneum\u00e1ticos, presurizaci\u00f3n de tuber\u00edas, riego de jardines e invernaderos, irrigaci\u00f3n agr\u00edcola, piscicultura y lavado de galpones, para uso industrial y minero, suministro de agua y drenaje de edificios, sistemas de aire acondicionado y calefacci\u00f3n, entre otros usos.\u00a0<strong>Le aconsejamos que contacte con nuestros t\u00e9cnicos si tiene dudas sobre el uso que va a realizar de la Bomba Centr\u00edfuga Pearl C2P 30H36S 3HP 220\/440V Trif\u00e1sica.<\/strong><\/p>\n","protected":false},"excerpt":{"rendered":"<p>La\u00a0<strong>Bomba Centr\u00edfuga Pearl C2P 30H36S 3HP 220\/440V Trif\u00e1sica<\/strong>\u00a0para ser usadas moviendo agua limpia u otros l\u00edquidos similares al agua en propiedades f\u00edsicas y qu\u00edmicas sin part\u00edculas abrasivas. Recomendadas para suministro de agua a peque\u00f1as unidades residenciales, peque\u00f1os sistemas de riego, sistemas de aire acondicionado y peque\u00f1os sistemas hidroneum\u00e1ticos.<\/p>\n","protected":false},"featured_media":3773,"comment_status":"open","ping_status":"closed","template":"","meta":{"_joinchat":[]},"product_brand":[],"product_cat":[89,25],"product_tag":[],"class_list":{"0":"post-3779","1":"product","2":"type-product","3":"status-publish","4":"has-post-thumbnail","6":"product_cat-electricas","7":"product_cat-motobombas","9":"first","10":"instock","11":"taxable","12":"shipping-taxable","13":"purchasable","14":"product-type-simple"},"_links":{"self":[{"href":"https:\/\/etagro.com\/index.php?rest_route=\/wp\/v2\/product\/3779","targetHints":{"allow":["GET"]}}],"collection":[{"href":"https:\/\/etagro.com\/index.php?rest_route=\/wp\/v2\/product"}],"about":[{"href":"https:\/\/etagro.com\/index.php?rest_route=\/wp\/v2\/types\/product"}],"replies":[{"embeddable":true,"href":"https:\/\/etagro.com\/index.php?rest_route=%2Fwp%2Fv2%2Fcomments&post=3779"}],"wp:featuredmedia":[{"embeddable":true,"href":"https:\/\/etagro.com\/index.php?rest_route=\/wp\/v2\/media\/3773"}],"wp:attachment":[{"href":"https:\/\/etagro.com\/index.php?rest_route=%2Fwp%2Fv2%2Fmedia&parent=3779"}],"wp:term":[{"taxonomy":"product_brand","embeddable":true,"href":"https:\/\/etagro.com\/index.php?rest_route=%2Fwp%2Fv2%2Fproduct_brand&post=3779"},{"taxonomy":"product_cat","embeddable":true,"href":"https:\/\/etagro.com\/index.php?rest_route=%2Fwp%2Fv2%2Fproduct_cat&post=3779"},{"taxonomy":"product_tag","embeddable":true,"href":"https:\/\/etagro.com\/index.php?rest_route=%2Fwp%2Fv2%2Fproduct_tag&post=3779"}],"curies":[{"name":"wp","href":"https:\/\/api.w.org\/{rel}","templated":true}]}}