{"id":3775,"date":"2025-10-10T22:44:32","date_gmt":"2025-10-11T03:44:32","guid":{"rendered":"https:\/\/etagro.com\/new\/?post_type=product&#038;p=3775"},"modified":"2025-10-10T22:44:32","modified_gmt":"2025-10-11T03:44:32","slug":"motobomba-pearl-centrifuga-c2p-20f16s","status":"publish","type":"product","link":"https:\/\/etagro.com\/?product=motobomba-pearl-centrifuga-c2p-20f16s","title":{"rendered":"Motobomba Pearl Centr\u00edfuga C2P 20F16S"},"content":{"rendered":"<p>La<strong>\u00a0Electrobomba Pearl Centr\u00edfuga de 2.0 Hp<\/strong>\u00a0mueve agua eficientemente. Funciona a 110V o 220V, ideal para hogares o negocios peque\u00f1os. Su construcci\u00f3n de hierro asegura durabilidad. Sirve para llenar tanques, riego o aumentar la presi\u00f3n del agua.<\/p>\n","protected":false},"excerpt":{"rendered":"<div class=\"elementor-element elementor-element-86afb0c elementor-widget elementor-widget-jet-listing-dynamic-terms\" data-id=\"86afb0c\" data-element_type=\"widget\" data-settings=\"{&quot;ekit_we_effect_on&quot;:&quot;none&quot;}\" data-widget_type=\"jet-listing-dynamic-terms.default\">\n<div class=\"elementor-widget-container\">\n<div class=\"jet-listing jet-listing-dynamic-terms\"><span class=\"jet-listing-dynamic-terms__prefix\">Energ\u00eda :\u00a0<\/span><span class=\"jet-listing-dynamic-terms__link\">El\u00e9ctrica Monof\u00e1sica<\/span><\/div>\n<\/div>\n<\/div>\n<div class=\"elementor-element elementor-element-722773a elementor-widget elementor-widget-jet-listing-dynamic-terms\" data-id=\"722773a\" data-element_type=\"widget\" data-settings=\"{&quot;ekit_we_effect_on&quot;:&quot;none&quot;}\" data-widget_type=\"jet-listing-dynamic-terms.default\">\n<div class=\"elementor-widget-container\">\n<div class=\"jet-listing jet-listing-dynamic-terms\"><span class=\"jet-listing-dynamic-terms__prefix\">Marca:\u00a0<\/span><span class=\"jet-listing-dynamic-terms__link\">Pearl<\/span><\/div>\n<\/div>\n<\/div>\n<div class=\"elementor-element elementor-element-379b2ec elementor-widget elementor-widget-jet-listing-dynamic-terms\" data-id=\"379b2ec\" data-element_type=\"widget\" data-settings=\"{&quot;ekit_we_effect_on&quot;:&quot;none&quot;}\" data-widget_type=\"jet-listing-dynamic-terms.default\">\n<div class=\"elementor-widget-container\">\n<div class=\"jet-listing jet-listing-dynamic-terms\"><span class=\"jet-listing-dynamic-terms__prefix\">Potencia (HP) :\u00a0<\/span><span class=\"jet-listing-dynamic-terms__link\">Hasta 2Hp<\/span><\/div>\n<\/div>\n<\/div>\n<div class=\"elementor-element elementor-element-8ca37e5 elementor-widget elementor-widget-jet-listing-dynamic-terms\" data-id=\"8ca37e5\" data-element_type=\"widget\" data-settings=\"{&quot;ekit_we_effect_on&quot;:&quot;none&quot;}\" data-widget_type=\"jet-listing-dynamic-terms.default\">\n<div class=\"elementor-widget-container\">\n<div class=\"jet-listing jet-listing-dynamic-terms\"><span class=\"jet-listing-dynamic-terms__prefix\">Presi\u00f3n (MCA) :\u00a0<\/span><span class=\"jet-listing-dynamic-terms__link\">31-50 mca<\/span><\/div>\n<\/div>\n<\/div>\n<div class=\"elementor-element elementor-element-b06ad90 elementor-widget elementor-widget-jet-listing-dynamic-terms\" data-id=\"b06ad90\" data-element_type=\"widget\" data-settings=\"{&quot;ekit_we_effect_on&quot;:&quot;none&quot;}\" data-widget_type=\"jet-listing-dynamic-terms.default\">\n<div class=\"elementor-widget-container\">\n<div class=\"jet-listing jet-listing-dynamic-terms\"><span class=\"jet-listing-dynamic-terms__prefix\">Caudal (GPM) :\u00a0<\/span><span class=\"jet-listing-dynamic-terms__link\">21-30 gpm<\/span><\/div>\n<\/div>\n<\/div>\n<div class=\"elementor-element elementor-element-7da3da8 elementor-widget elementor-widget-jet-listing-dynamic-terms\" data-id=\"7da3da8\" data-element_type=\"widget\" data-settings=\"{&quot;ekit_we_effect_on&quot;:&quot;none&quot;}\" data-widget_type=\"jet-listing-dynamic-terms.default\">\n<div class=\"elementor-widget-container\">\n<div class=\"jet-listing jet-listing-dynamic-terms\"><span class=\"jet-listing-dynamic-terms__prefix\">Material de Fabricaci\u00f3n :\u00a0<\/span><span class=\"jet-listing-dynamic-terms__link\">Hierro<\/span><\/div>\n<\/div>\n<\/div>\n<div class=\"elementor-element elementor-element-ca5cb00 elementor-widget elementor-widget-jet-listing-dynamic-terms\" data-id=\"ca5cb00\" data-element_type=\"widget\" data-settings=\"{&quot;ekit_we_effect_on&quot;:&quot;none&quot;}\" data-widget_type=\"jet-listing-dynamic-terms.default\">\n<div class=\"elementor-widget-container\">\n<div class=\"jet-listing jet-listing-dynamic-terms\"><span class=\"jet-listing-dynamic-terms__prefix\">Liquido Fluido :\u00a0<\/span><span class=\"jet-listing-dynamic-terms__link\">Agua limpia<\/span><\/div>\n<\/div>\n<\/div>\n<div class=\"elementor-element elementor-element-83fa98c elementor-widget elementor-widget-jet-listing-dynamic-terms\" data-id=\"83fa98c\" data-element_type=\"widget\" data-settings=\"{&quot;ekit_we_effect_on&quot;:&quot;none&quot;}\" data-widget_type=\"jet-listing-dynamic-terms.default\">\n<div class=\"elementor-widget-container\">\n<div class=\"jet-listing jet-listing-dynamic-terms\"><span class=\"jet-listing-dynamic-terms__prefix\">Voltaje (VAC) :\u00a0<\/span><span class=\"jet-listing-dynamic-terms__link\">110\/220 Vac<\/span><\/div>\n<\/div>\n<\/div>\n","protected":false},"featured_media":3773,"comment_status":"open","ping_status":"closed","template":"","meta":{"_joinchat":[]},"product_brand":[],"product_cat":[89,25],"product_tag":[],"class_list":{"0":"post-3775","1":"product","2":"type-product","3":"status-publish","4":"has-post-thumbnail","6":"product_cat-electricas","7":"product_cat-motobombas","9":"first","10":"instock","11":"taxable","12":"shipping-taxable","13":"purchasable","14":"product-type-simple"},"_links":{"self":[{"href":"https:\/\/etagro.com\/index.php?rest_route=\/wp\/v2\/product\/3775","targetHints":{"allow":["GET"]}}],"collection":[{"href":"https:\/\/etagro.com\/index.php?rest_route=\/wp\/v2\/product"}],"about":[{"href":"https:\/\/etagro.com\/index.php?rest_route=\/wp\/v2\/types\/product"}],"replies":[{"embeddable":true,"href":"https:\/\/etagro.com\/index.php?rest_route=%2Fwp%2Fv2%2Fcomments&post=3775"}],"wp:featuredmedia":[{"embeddable":true,"href":"https:\/\/etagro.com\/index.php?rest_route=\/wp\/v2\/media\/3773"}],"wp:attachment":[{"href":"https:\/\/etagro.com\/index.php?rest_route=%2Fwp%2Fv2%2Fmedia&parent=3775"}],"wp:term":[{"taxonomy":"product_brand","embeddable":true,"href":"https:\/\/etagro.com\/index.php?rest_route=%2Fwp%2Fv2%2Fproduct_brand&post=3775"},{"taxonomy":"product_cat","embeddable":true,"href":"https:\/\/etagro.com\/index.php?rest_route=%2Fwp%2Fv2%2Fproduct_cat&post=3775"},{"taxonomy":"product_tag","embeddable":true,"href":"https:\/\/etagro.com\/index.php?rest_route=%2Fwp%2Fv2%2Fproduct_tag&post=3775"}],"curies":[{"name":"wp","href":"https:\/\/api.w.org\/{rel}","templated":true}]}}