{"id":3755,"date":"2025-10-09T00:51:34","date_gmt":"2025-10-09T05:51:34","guid":{"rendered":"https:\/\/etagro.com\/new\/?post_type=product&#038;p=3755"},"modified":"2025-10-09T00:53:53","modified_gmt":"2025-10-09T05:53:53","slug":"motobomba-centrifuga-pearl-cep-15f16s-1-5hp-2","status":"publish","type":"product","link":"https:\/\/etagro.com\/?product=motobomba-centrifuga-pearl-cep-15f16s-1-5hp-2","title":{"rendered":"Motobomba Centr\u00edfuga Pearl CEP 15F16S 1.5HP"},"content":{"rendered":"<p>Est\u00e1 dise\u00f1ada para bombear l\u00edquidos o aguas limpias y no abrasivas, es perfecta para ser utilizada en usos dom\u00e9sticos e industriales. Esta especialmente recomendada para presiones y caudales medianos como grupos de presi\u00f3n de riego o riesgos por aspersi\u00f3n.<\/p>\n<p><strong>Se recomienda el uso de la bomba para: sistemas de riego para jardines, recirculaci\u00f3n de agua, trasiego de agua, sistemas de aire acondicionado y suministrar el agua de viviendas, edificios y la industria, en sistemas hidroneum\u00e1ticos.<\/strong>\u00a0La finalidad de esta bomba es el bombeo de aguas limpias o l\u00edquidos de propiedades fisicoqu\u00edmicas parecidas al del agua.<\/p>\n<p>Otra de las funciones que puede desarrollar es como sistema autom\u00e1tico de presi\u00f3n, para esta opci\u00f3n necesita adquirir otro dispositivo como puede ser un regulador el\u00e9ctrico de presi\u00f3n o un tanque de hidroneum\u00e1tico, etc. Funciona de la siguiente manera: Primero deber\u00e1 encender el equipo, seguidamente abrir el grifo de agua y la bomba arrancar\u00e1 de forma autom\u00e1tica, en el momento en el cual cierre el grifo la bomba se desconectar\u00e1 autom\u00e1ticamente. En caso de que la utilidad que le quiera dar a esta bomba sea para llenar un tanque elevado necesitar\u00e1 instalar un flotador el\u00e9ctrico en el tanque, esto har\u00e1 que la bomba se enchufe o apague autom\u00e1ticamente dependiendo del nivel de agua que haya en el tanque.<\/p>\n","protected":false},"excerpt":{"rendered":"<p>La\u00a0<strong>Bomba Centr\u00edfuga Pearl CEP 15F16S 1.5HP 110\/220V<\/strong>\u00a0para ser usadas moviendo agua limpia u otros l\u00edquidos similares al agua en propiedades f\u00edsicas y qu\u00edmicas sin part\u00edculas abrasivas. Recomendadas para suministro de agua a peque\u00f1as unidades residenciales, peque\u00f1os sistemas de riego, sistemas de aire acondicionado y peque\u00f1os sistemas hidroneum\u00e1ticos.<\/p>\n","protected":false},"featured_media":3756,"comment_status":"open","ping_status":"closed","template":"","meta":{"_joinchat":[]},"product_brand":[],"product_cat":[89,25],"product_tag":[],"class_list":{"0":"post-3755","1":"product","2":"type-product","3":"status-publish","4":"has-post-thumbnail","6":"product_cat-electricas","7":"product_cat-motobombas","9":"first","10":"instock","11":"taxable","12":"shipping-taxable","13":"purchasable","14":"product-type-simple"},"_links":{"self":[{"href":"https:\/\/etagro.com\/index.php?rest_route=\/wp\/v2\/product\/3755","targetHints":{"allow":["GET"]}}],"collection":[{"href":"https:\/\/etagro.com\/index.php?rest_route=\/wp\/v2\/product"}],"about":[{"href":"https:\/\/etagro.com\/index.php?rest_route=\/wp\/v2\/types\/product"}],"replies":[{"embeddable":true,"href":"https:\/\/etagro.com\/index.php?rest_route=%2Fwp%2Fv2%2Fcomments&post=3755"}],"wp:featuredmedia":[{"embeddable":true,"href":"https:\/\/etagro.com\/index.php?rest_route=\/wp\/v2\/media\/3756"}],"wp:attachment":[{"href":"https:\/\/etagro.com\/index.php?rest_route=%2Fwp%2Fv2%2Fmedia&parent=3755"}],"wp:term":[{"taxonomy":"product_brand","embeddable":true,"href":"https:\/\/etagro.com\/index.php?rest_route=%2Fwp%2Fv2%2Fproduct_brand&post=3755"},{"taxonomy":"product_cat","embeddable":true,"href":"https:\/\/etagro.com\/index.php?rest_route=%2Fwp%2Fv2%2Fproduct_cat&post=3755"},{"taxonomy":"product_tag","embeddable":true,"href":"https:\/\/etagro.com\/index.php?rest_route=%2Fwp%2Fv2%2Fproduct_tag&post=3755"}],"curies":[{"name":"wp","href":"https:\/\/api.w.org\/{rel}","templated":true}]}}