{"id":3751,"date":"2025-10-09T00:49:42","date_gmt":"2025-10-09T05:49:42","guid":{"rendered":"https:\/\/etagro.com\/new\/?post_type=product&#038;p=3751"},"modified":"2025-10-09T00:49:42","modified_gmt":"2025-10-09T05:49:42","slug":"motobomba-centrifuga-pearl-cep-07f16s-0-7hp","status":"publish","type":"product","link":"https:\/\/etagro.com\/?product=motobomba-centrifuga-pearl-cep-07f16s-0-7hp","title":{"rendered":"Motobomba Centr\u00edfuga Pearl CEP 07F16S 0.7HP"},"content":{"rendered":"<p><strong>Gracias a estas bombas de superficie centr\u00edfugas se puede trasvasar aguas o l\u00edquido, siempre que sean limpios y no abrasivos, tanto para uso dom\u00e9stico como uso industrial.<\/strong>\u00a0Se recomienda especialmente para grupos de presi\u00f3n, riegos por aspersi\u00f3n entre otros. Soporta caudales y presiones medias.<\/p>\n<p>Para bombear agua limpia u otros l\u00edquidos de propiedades fisicoqu\u00edmicas parecidas a las del agua tambi\u00e9n se puede utilizar la bomba.\u00a0<strong>Las principales recomendaciones para el uso del producto son para el suministro de agua en viviendas, edificios y la industria, en sistemas hidroneum\u00e1ticos, en sistemas de riego para jardines, trasiego de agua, sistemas de aire acondicionado y recirculaci\u00f3n de agua.<\/strong><\/p>\n<p>Estas bombas tambi\u00e9n se pueden usar como sistema autom\u00e1tico de presi\u00f3n, la cual cosa se consigue gracias a un aparato externo como regulador electr\u00f3nico de presi\u00f3n, tanque hidroneum\u00e1tico, entre otros. El funcionamiento es el siguiente: cuando ya est\u00e1 encendido el equipo, una vez abra el grifo de agua, la bomba se pondr\u00e1 en funcionamiento de manera autom\u00e1tica, apag\u00e1ndose al cerrarlo. Para llenar tanques elevados le recomendamos instalar un flotador el\u00e9ctrico en el tanque. As\u00ed, la bomba se encender\u00e1 y se apagar\u00e1 de forma autom\u00e1tica dependiendo del nivel de agua que haya en el tanque.<\/p>\n","protected":false},"excerpt":{"rendered":"<p>La\u00a0<strong>Bomba Centr\u00edfuga Pearl CEP 07F16S 0.7HP 110\/220V<\/strong>\u00a0para ser usadas moviendo agua limpia u otros l\u00edquidos similares al agua en propiedades f\u00edsicas y qu\u00edmicas sin part\u00edculas abrasivas. Recomendadas para suministro de agua a peque\u00f1as unidades residenciales, peque\u00f1os sistemas de riego, sistemas de aire acondicionado y peque\u00f1os sistemas hidroneum\u00e1ticos.<\/p>\n","protected":false},"featured_media":3752,"comment_status":"open","ping_status":"closed","template":"","meta":{"_joinchat":[]},"product_brand":[],"product_cat":[89,25],"product_tag":[],"class_list":{"0":"post-3751","1":"product","2":"type-product","3":"status-publish","4":"has-post-thumbnail","6":"product_cat-electricas","7":"product_cat-motobombas","9":"first","10":"instock","11":"taxable","12":"shipping-taxable","13":"purchasable","14":"product-type-simple"},"_links":{"self":[{"href":"https:\/\/etagro.com\/index.php?rest_route=\/wp\/v2\/product\/3751","targetHints":{"allow":["GET"]}}],"collection":[{"href":"https:\/\/etagro.com\/index.php?rest_route=\/wp\/v2\/product"}],"about":[{"href":"https:\/\/etagro.com\/index.php?rest_route=\/wp\/v2\/types\/product"}],"replies":[{"embeddable":true,"href":"https:\/\/etagro.com\/index.php?rest_route=%2Fwp%2Fv2%2Fcomments&post=3751"}],"wp:featuredmedia":[{"embeddable":true,"href":"https:\/\/etagro.com\/index.php?rest_route=\/wp\/v2\/media\/3752"}],"wp:attachment":[{"href":"https:\/\/etagro.com\/index.php?rest_route=%2Fwp%2Fv2%2Fmedia&parent=3751"}],"wp:term":[{"taxonomy":"product_brand","embeddable":true,"href":"https:\/\/etagro.com\/index.php?rest_route=%2Fwp%2Fv2%2Fproduct_brand&post=3751"},{"taxonomy":"product_cat","embeddable":true,"href":"https:\/\/etagro.com\/index.php?rest_route=%2Fwp%2Fv2%2Fproduct_cat&post=3751"},{"taxonomy":"product_tag","embeddable":true,"href":"https:\/\/etagro.com\/index.php?rest_route=%2Fwp%2Fv2%2Fproduct_tag&post=3751"}],"curies":[{"name":"wp","href":"https:\/\/api.w.org\/{rel}","templated":true}]}}