{"id":3740,"date":"2025-10-09T00:31:57","date_gmt":"2025-10-09T05:31:57","guid":{"rendered":"https:\/\/etagro.com\/new\/?post_type=product&#038;p=3740"},"modified":"2025-10-22T01:55:30","modified_gmt":"2025-10-22T06:55:30","slug":"motobomba-periferica-pearl-pep-07f16s-0-7hp","status":"publish","type":"product","link":"https:\/\/etagro.com\/?product=motobomba-periferica-pearl-pep-07f16s-0-7hp","title":{"rendered":"Motobomba Perif\u00e9rica Pearl PEP 07F16S 0.7HP"},"content":{"rendered":"<p>La\u00a0<strong>Bomba Periferica Pearl PEP 07F16S 0.7HP 110\/220V<\/strong>\u00a0esta hecha para ser utilizada en la agricultura y la industria. Tambi\u00e9n sirve con creces para suministros en chalets, casas de campo, peque\u00f1as aplicaciones sanitarias, entre otros. Se trata de un producto ideal para la distribuci\u00f3n autom\u00e1tica del agua como equipo de presi\u00f3n. Para usos intensivos, recomendamos las bombas de perif\u00e9ricas PEARL.<\/p>\n<p>El material de construcci\u00f3n de la\u00a0<strong>Bomba Periferica Pearl PEP 07F16S 0.7HP 110\/220V<\/strong>\u00a0es el hierro de fundici\u00f3n gris, con un soporte motor con sistema antibloqueo.<\/p>\n<p>La\u00a0<strong>Bomba Periferica Pearl PEP 07F16S 0.7HP 110\/220V<\/strong>\u00a0cuenta con una protecci\u00f3n de motor IP44. Capaz de bombear hasta 3 m3\/h, es una bomba fabricada para transportar un caudal grande a alturas m\u00e1ximas de 50 metros, con aspiraci\u00f3n de l\u00edquido a menos de 8 metros.<\/p>\n<p>Si usted va a adquirir una bomba para un uso constante y diario, durante un tiempo prolongado, debe tener en cuenta la garant\u00eda de fabricaci\u00f3n de 2 a\u00f1os que les ofrecen las bombas PEARL. Se trata de una bomba perif\u00e9rica de impulsi\u00f3n.<\/p>\n<p>El di\u00e1metro de la boca en la parte de impulsi\u00f3n como la de expulsi\u00f3n, construidas en 1 pulgada, siempre coincide en todas las bombas CPA de PEARL.<\/p>\n<p>Los modelos de PEARL pesan entre 6 y 16,5 kilos. Seg\u00fan qu\u00e9 modelo, tienen una potencia entre los 0,5 y 2HP.\u00a0<strong>Para ver m\u00e1s detalles sobre caracter\u00edsticas t\u00e9cnicas, puede consultar la ficha t\u00e9cnica de este modelo de bomba.<\/strong><\/p>\n","protected":false},"excerpt":{"rendered":"<p>La\u00a0<strong>Bomba perif\u00e9rica Pearl PEP 07F16S 0.7HP 110\/220V<\/strong>\u00a0para ser usadas moviendo agua limpia u otros l\u00edquidos similares al agua en propiedades f\u00edsicas y qu\u00edmicas sin part\u00edculas abrasivas. Recomendadas para suministro de agua a peque\u00f1as unidades residenciales, peque\u00f1os sistemas de riego, sistemas de aire acondicionado y peque\u00f1os sistemas hidroneum\u00e1ticos.<\/p>\n","protected":false},"featured_media":3741,"comment_status":"open","ping_status":"closed","template":"","meta":{"_joinchat":[]},"product_brand":[],"product_cat":[89,25],"product_tag":[],"class_list":{"0":"post-3740","1":"product","2":"type-product","3":"status-publish","4":"has-post-thumbnail","6":"product_cat-electricas","7":"product_cat-motobombas","9":"first","10":"instock","11":"taxable","12":"shipping-taxable","13":"purchasable","14":"product-type-simple"},"_links":{"self":[{"href":"https:\/\/etagro.com\/index.php?rest_route=\/wp\/v2\/product\/3740","targetHints":{"allow":["GET"]}}],"collection":[{"href":"https:\/\/etagro.com\/index.php?rest_route=\/wp\/v2\/product"}],"about":[{"href":"https:\/\/etagro.com\/index.php?rest_route=\/wp\/v2\/types\/product"}],"replies":[{"embeddable":true,"href":"https:\/\/etagro.com\/index.php?rest_route=%2Fwp%2Fv2%2Fcomments&post=3740"}],"wp:featuredmedia":[{"embeddable":true,"href":"https:\/\/etagro.com\/index.php?rest_route=\/wp\/v2\/media\/3741"}],"wp:attachment":[{"href":"https:\/\/etagro.com\/index.php?rest_route=%2Fwp%2Fv2%2Fmedia&parent=3740"}],"wp:term":[{"taxonomy":"product_brand","embeddable":true,"href":"https:\/\/etagro.com\/index.php?rest_route=%2Fwp%2Fv2%2Fproduct_brand&post=3740"},{"taxonomy":"product_cat","embeddable":true,"href":"https:\/\/etagro.com\/index.php?rest_route=%2Fwp%2Fv2%2Fproduct_cat&post=3740"},{"taxonomy":"product_tag","embeddable":true,"href":"https:\/\/etagro.com\/index.php?rest_route=%2Fwp%2Fv2%2Fproduct_tag&post=3740"}],"curies":[{"name":"wp","href":"https:\/\/api.w.org\/{rel}","templated":true}]}}