{"id":3731,"date":"2025-10-08T06:05:32","date_gmt":"2025-10-08T11:05:32","guid":{"rendered":"https:\/\/etagro.com\/new\/?post_type=product&#038;p=3731"},"modified":"2025-10-08T06:05:32","modified_gmt":"2025-10-08T11:05:32","slug":"conectores-solares-mc4-tuv","status":"publish","type":"product","link":"https:\/\/etagro.com\/?product=conectores-solares-mc4-tuv","title":{"rendered":"Conectores Solares MC4 TUV"},"content":{"rendered":"<p>Pareja de conectores solares MC4 certificados TUV, compuesta por un conector macho y uno hembra. Dise\u00f1ados para facilitar conexiones seguras y confiables en sistemas fotovoltaicos. Fabricados con materiales resistentes a los rayos UV, humedad y altas temperaturas, ideales para instalaciones solares en exteriores.<\/p>\n","protected":false},"excerpt":{"rendered":"<p>Su dise\u00f1o permite una conexi\u00f3n r\u00e1pida, segura y con bloqueo para evitar desconexiones accidentales.<\/p>\n","protected":false},"featured_media":3732,"comment_status":"open","ping_status":"closed","template":"","meta":{"_joinchat":[]},"product_brand":[],"product_cat":[26],"product_tag":[],"class_list":{"0":"post-3731","1":"product","2":"type-product","3":"status-publish","4":"has-post-thumbnail","6":"product_cat-potencia-y-energia","8":"first","9":"instock","10":"taxable","11":"shipping-taxable","12":"purchasable","13":"product-type-simple"},"_links":{"self":[{"href":"https:\/\/etagro.com\/index.php?rest_route=\/wp\/v2\/product\/3731","targetHints":{"allow":["GET"]}}],"collection":[{"href":"https:\/\/etagro.com\/index.php?rest_route=\/wp\/v2\/product"}],"about":[{"href":"https:\/\/etagro.com\/index.php?rest_route=\/wp\/v2\/types\/product"}],"replies":[{"embeddable":true,"href":"https:\/\/etagro.com\/index.php?rest_route=%2Fwp%2Fv2%2Fcomments&post=3731"}],"wp:featuredmedia":[{"embeddable":true,"href":"https:\/\/etagro.com\/index.php?rest_route=\/wp\/v2\/media\/3732"}],"wp:attachment":[{"href":"https:\/\/etagro.com\/index.php?rest_route=%2Fwp%2Fv2%2Fmedia&parent=3731"}],"wp:term":[{"taxonomy":"product_brand","embeddable":true,"href":"https:\/\/etagro.com\/index.php?rest_route=%2Fwp%2Fv2%2Fproduct_brand&post=3731"},{"taxonomy":"product_cat","embeddable":true,"href":"https:\/\/etagro.com\/index.php?rest_route=%2Fwp%2Fv2%2Fproduct_cat&post=3731"},{"taxonomy":"product_tag","embeddable":true,"href":"https:\/\/etagro.com\/index.php?rest_route=%2Fwp%2Fv2%2Fproduct_tag&post=3731"}],"curies":[{"name":"wp","href":"https:\/\/api.w.org\/{rel}","templated":true}]}}