{"id":3729,"date":"2025-10-08T06:01:01","date_gmt":"2025-10-08T11:01:01","guid":{"rendered":"https:\/\/etagro.com\/new\/?post_type=product&#038;p=3729"},"modified":"2025-10-08T06:03:00","modified_gmt":"2025-10-08T11:03:00","slug":"3729","status":"publish","type":"product","link":"https:\/\/etagro.com\/?product=3729","title":{"rendered":"EGE-410W-108M-(M10)"},"content":{"rendered":"<table class=\"overflow-hidden bg-white rounded-2xl enf-compare-pages-table mk-main-table\">\n<tbody>\n<tr>\n<th>Potencia M\u00e1xima (Pmax)<\/th>\n<td class=\"mk-td-visible\">\n<div>\n<table>\n<tbody>\n<tr>\n<td class=\"enf-api-spec-cell !p-[9px] ar:number-direction active\" data-id=\"186369\">400 Wp<\/td>\n<td class=\"enf-api-spec-cell !p-[9px] ar:number-direction \" data-id=\"186370\">405 Wp<\/td>\n<td class=\"enf-api-spec-cell !p-[9px] ar:number-direction \" data-id=\"186371\">410 Wp<\/td>\n<\/tr>\n<\/tbody>\n<\/table>\n<\/div>\n<\/td>\n<\/tr>\n<tr>\n<th>Tensi\u00f3n en el Punto de M\u00e1xima Potencia (Vmax)<\/th>\n<td class=\"mk-td-visible\">\n<div>\n<table>\n<tbody>\n<tr>\n<td class=\"enf-api-spec-cell !p-[9px] ar:number-direction active\" data-id=\"186369\">30,23 V<\/td>\n<td class=\"enf-api-spec-cell !p-[9px] ar:number-direction \" data-id=\"186370\">30,41 V<\/td>\n<td class=\"enf-api-spec-cell !p-[9px] ar:number-direction \" data-id=\"186371\">30,57 V<\/td>\n<\/tr>\n<\/tbody>\n<\/table>\n<\/div>\n<\/td>\n<\/tr>\n<tr>\n<th>Corriente en el Punto de M\u00e1xima Potencia (Imax)<\/th>\n<td class=\"mk-td-visible\">\n<div>\n<table>\n<tbody>\n<tr>\n<td class=\"enf-api-spec-cell !p-[9px] ar:number-direction active\" data-id=\"186369\">12,94 A<\/td>\n<td class=\"enf-api-spec-cell !p-[9px] ar:number-direction \" data-id=\"186370\">13 A<\/td>\n<td class=\"enf-api-spec-cell !p-[9px] ar:number-direction \" data-id=\"186371\">13,06 A<\/td>\n<\/tr>\n<\/tbody>\n<\/table>\n<\/div>\n<\/td>\n<\/tr>\n<tr>\n<th>Tensi\u00f3n en Circuito Abierto (Voc)<\/th>\n<td class=\"mk-td-visible\">\n<div>\n<table>\n<tbody>\n<tr>\n<td class=\"enf-api-spec-cell !p-[9px] ar:number-direction active\" data-id=\"186369\">36,77 V<\/td>\n<td class=\"enf-api-spec-cell !p-[9px] ar:number-direction \" data-id=\"186370\">36,94 V<\/td>\n<td class=\"enf-api-spec-cell !p-[9px] ar:number-direction \" data-id=\"186371\">37,11 V<\/td>\n<\/tr>\n<\/tbody>\n<\/table>\n<\/div>\n<\/td>\n<\/tr>\n<tr>\n<th>Corriente de Cortocircuito (Isc)<\/th>\n<td class=\"mk-td-visible\">\n<div>\n<table>\n<tbody>\n<tr>\n<td class=\"enf-api-spec-cell !p-[9px] ar:number-direction active\" data-id=\"186369\">13,84 A<\/td>\n<td class=\"enf-api-spec-cell !p-[9px] ar:number-direction \" data-id=\"186370\">13,93 A<\/td>\n<td class=\"enf-api-spec-cell !p-[9px] ar:number-direction \" data-id=\"186371\">14,02 A<\/td>\n<\/tr>\n<\/tbody>\n<\/table>\n<\/div>\n<\/td>\n<\/tr>\n<tr>\n<th>Eficiencia<\/th>\n<td class=\"mk-td-visible\">\n<div>\n<table>\n<tbody>\n<tr>\n<td class=\"enf-api-spec-cell !p-[9px] ar:number-direction active\" data-id=\"186369\">20,46 %<\/td>\n<td class=\"enf-api-spec-cell !p-[9px] ar:number-direction \" data-id=\"186370\">20,72 %<\/td>\n<td class=\"enf-api-spec-cell !p-[9px] ar:number-direction \" data-id=\"186371\">20,97 %<\/td>\n<\/tr>\n<\/tbody>\n<\/table>\n<\/div>\n<\/td>\n<\/tr>\n<\/tbody>\n<\/table>\n","protected":false},"excerpt":{"rendered":"<p>Panel solar monocristalino media celda y doble vidrio de 410W marca Risen. Referencia RSM144-6-410M. Garant\u00eda de 12 a\u00f1os del fabricante y 25 a\u00f1os de potencia garantizada.<\/p>\n","protected":false},"featured_media":3730,"comment_status":"open","ping_status":"closed","template":"","meta":{"_joinchat":[]},"product_brand":[],"product_cat":[26],"product_tag":[],"class_list":{"0":"post-3729","1":"product","2":"type-product","3":"status-publish","4":"has-post-thumbnail","6":"product_cat-potencia-y-energia","8":"first","9":"instock","10":"taxable","11":"shipping-taxable","12":"purchasable","13":"product-type-simple"},"_links":{"self":[{"href":"https:\/\/etagro.com\/index.php?rest_route=\/wp\/v2\/product\/3729","targetHints":{"allow":["GET"]}}],"collection":[{"href":"https:\/\/etagro.com\/index.php?rest_route=\/wp\/v2\/product"}],"about":[{"href":"https:\/\/etagro.com\/index.php?rest_route=\/wp\/v2\/types\/product"}],"replies":[{"embeddable":true,"href":"https:\/\/etagro.com\/index.php?rest_route=%2Fwp%2Fv2%2Fcomments&post=3729"}],"wp:featuredmedia":[{"embeddable":true,"href":"https:\/\/etagro.com\/index.php?rest_route=\/wp\/v2\/media\/3730"}],"wp:attachment":[{"href":"https:\/\/etagro.com\/index.php?rest_route=%2Fwp%2Fv2%2Fmedia&parent=3729"}],"wp:term":[{"taxonomy":"product_brand","embeddable":true,"href":"https:\/\/etagro.com\/index.php?rest_route=%2Fwp%2Fv2%2Fproduct_brand&post=3729"},{"taxonomy":"product_cat","embeddable":true,"href":"https:\/\/etagro.com\/index.php?rest_route=%2Fwp%2Fv2%2Fproduct_cat&post=3729"},{"taxonomy":"product_tag","embeddable":true,"href":"https:\/\/etagro.com\/index.php?rest_route=%2Fwp%2Fv2%2Fproduct_tag&post=3729"}],"curies":[{"name":"wp","href":"https:\/\/api.w.org\/{rel}","templated":true}]}}