{"id":3721,"date":"2025-10-08T05:46:32","date_gmt":"2025-10-08T10:46:32","guid":{"rendered":"https:\/\/etagro.com\/new\/?post_type=product&#038;p=3721"},"modified":"2025-10-08T05:46:32","modified_gmt":"2025-10-08T10:46:32","slug":"inversor-bombeo-inv-el-2-2k-220v-3g2","status":"publish","type":"product","link":"https:\/\/etagro.com\/?product=inversor-bombeo-inv-el-2-2k-220v-3g2","title":{"rendered":"Inversor Bombeo INV-EL-2.2K-220V-3G2"},"content":{"rendered":"<p>El inversor variador para bombeo es un equipo ideal para convertir una electrobomba trif\u00e1sica convencional en una solar con energ\u00eda el\u00e9ctrica fotovoltaica.<\/p>\n<p>La aplicaci\u00f3n esta sujeta a la misma aplicaci\u00f3n de su bomba, es decir es completamente flexible.<\/p>\n","protected":false},"excerpt":{"rendered":"<p>Tecnigreen\u00a0<strong>Sistema de salida:<\/strong>\u00a0Trif\u00e1sico-Monof\u00e1sico\u00a0<strong>Potencia (kW):<\/strong>\u00a02.2\u00a0<strong>Voltaje entrada (V-DC):<\/strong>\u00a0150-400\u00a0<strong>Voltaje Salida (V-AC):<\/strong>\u00a0220<\/p>\n","protected":false},"featured_media":3722,"comment_status":"open","ping_status":"closed","template":"","meta":{"_joinchat":[]},"product_brand":[],"product_cat":[26],"product_tag":[],"class_list":{"0":"post-3721","1":"product","2":"type-product","3":"status-publish","4":"has-post-thumbnail","6":"product_cat-potencia-y-energia","8":"first","9":"instock","10":"taxable","11":"shipping-taxable","12":"purchasable","13":"product-type-simple"},"_links":{"self":[{"href":"https:\/\/etagro.com\/index.php?rest_route=\/wp\/v2\/product\/3721","targetHints":{"allow":["GET"]}}],"collection":[{"href":"https:\/\/etagro.com\/index.php?rest_route=\/wp\/v2\/product"}],"about":[{"href":"https:\/\/etagro.com\/index.php?rest_route=\/wp\/v2\/types\/product"}],"replies":[{"embeddable":true,"href":"https:\/\/etagro.com\/index.php?rest_route=%2Fwp%2Fv2%2Fcomments&post=3721"}],"wp:featuredmedia":[{"embeddable":true,"href":"https:\/\/etagro.com\/index.php?rest_route=\/wp\/v2\/media\/3722"}],"wp:attachment":[{"href":"https:\/\/etagro.com\/index.php?rest_route=%2Fwp%2Fv2%2Fmedia&parent=3721"}],"wp:term":[{"taxonomy":"product_brand","embeddable":true,"href":"https:\/\/etagro.com\/index.php?rest_route=%2Fwp%2Fv2%2Fproduct_brand&post=3721"},{"taxonomy":"product_cat","embeddable":true,"href":"https:\/\/etagro.com\/index.php?rest_route=%2Fwp%2Fv2%2Fproduct_cat&post=3721"},{"taxonomy":"product_tag","embeddable":true,"href":"https:\/\/etagro.com\/index.php?rest_route=%2Fwp%2Fv2%2Fproduct_tag&post=3721"}],"curies":[{"name":"wp","href":"https:\/\/api.w.org\/{rel}","templated":true}]}}