{"id":3688,"date":"2025-10-08T04:49:38","date_gmt":"2025-10-08T09:49:38","guid":{"rendered":"https:\/\/etagro.com\/new\/?post_type=product&#038;p=3688"},"modified":"2025-10-22T01:53:43","modified_gmt":"2025-10-22T06:53:43","slug":"controlador-fotovoltaico-nv-sd2460s","status":"publish","type":"product","link":"https:\/\/etagro.com\/?product=controlador-fotovoltaico-nv-sd2460s","title":{"rendered":"Controlador Fotovoltaico NV-SD2460S"},"content":{"rendered":"<p>Control de la carga y descarga de la bater\u00eda o bater\u00edas del sistema solar fotovoltaico, Previene el da\u00f1o y alarga la vida \u00fatil de las bater\u00edas. Excelente desempe\u00f1o y econ\u00f3mico.<\/p>\n<p>Controlador fotovoltaico de carga de bater\u00edas, para trabajo desconectado de la red (OFF-GRID), con TECNOLOG\u00cdA PWM. Excelente para sistemas aislados de la red con aplicaciones de cargas resistivas, como iluminaci\u00f3n y carga de celulares.<\/p>\n","protected":false},"excerpt":{"rendered":"<p>Tecnigreen\u00a0<strong>USB:<\/strong>\u00a0SI\u00a0<strong>INDICADOR:<\/strong>\u00a0LCD con Corriente de Carga y Voltaje<\/p>\n","protected":false},"featured_media":3686,"comment_status":"open","ping_status":"closed","template":"","meta":{"_joinchat":[]},"product_brand":[],"product_cat":[26],"product_tag":[],"class_list":{"0":"post-3688","1":"product","2":"type-product","3":"status-publish","4":"has-post-thumbnail","6":"product_cat-potencia-y-energia","8":"first","9":"instock","10":"taxable","11":"shipping-taxable","12":"purchasable","13":"product-type-simple"},"_links":{"self":[{"href":"https:\/\/etagro.com\/index.php?rest_route=\/wp\/v2\/product\/3688","targetHints":{"allow":["GET"]}}],"collection":[{"href":"https:\/\/etagro.com\/index.php?rest_route=\/wp\/v2\/product"}],"about":[{"href":"https:\/\/etagro.com\/index.php?rest_route=\/wp\/v2\/types\/product"}],"replies":[{"embeddable":true,"href":"https:\/\/etagro.com\/index.php?rest_route=%2Fwp%2Fv2%2Fcomments&post=3688"}],"wp:featuredmedia":[{"embeddable":true,"href":"https:\/\/etagro.com\/index.php?rest_route=\/wp\/v2\/media\/3686"}],"wp:attachment":[{"href":"https:\/\/etagro.com\/index.php?rest_route=%2Fwp%2Fv2%2Fmedia&parent=3688"}],"wp:term":[{"taxonomy":"product_brand","embeddable":true,"href":"https:\/\/etagro.com\/index.php?rest_route=%2Fwp%2Fv2%2Fproduct_brand&post=3688"},{"taxonomy":"product_cat","embeddable":true,"href":"https:\/\/etagro.com\/index.php?rest_route=%2Fwp%2Fv2%2Fproduct_cat&post=3688"},{"taxonomy":"product_tag","embeddable":true,"href":"https:\/\/etagro.com\/index.php?rest_route=%2Fwp%2Fv2%2Fproduct_tag&post=3688"}],"curies":[{"name":"wp","href":"https:\/\/api.w.org\/{rel}","templated":true}]}}