{"id":3660,"date":"2025-10-08T04:20:09","date_gmt":"2025-10-08T09:20:09","guid":{"rendered":"https:\/\/etagro.com\/new\/?post_type=product&#038;p=3660"},"modified":"2025-10-22T01:55:02","modified_gmt":"2025-10-22T06:55:02","slug":"bateria-solar-bs-agm-150ah-12v-89","status":"publish","type":"product","link":"https:\/\/etagro.com\/?product=bateria-solar-bs-agm-150ah-12v-89","title":{"rendered":"Bater\u00eda Solar BS-AGM-150AH-12V-89"},"content":{"rendered":"<p>Bater\u00eda Ciclo Profundo, Plomo acido, libre de mantenimiento v\u00e1lvula VRLA, para aplicaciones con energ\u00eda solar. Dise\u00f1adas para trabajar con descargas profundas de acuerdo a la gr\u00e1fica<\/p>\n<p>Bater\u00eda para sistemas solares, adicionalmente sirve para alimentar herramientas el\u00e9ctricas, cortadoras de c\u00e9sped, aparatos port\u00e1tiles, luces e instrumentos, juguetes el\u00e9ctricos, iluminaci\u00f3n, alarmas contra-incendios, sillas de ruedas, equipos m\u00e9dicos.<\/p>\n","protected":false},"excerpt":{"rendered":"<p>Tecnigreen\u00a0<strong>Capacidad (Ah):<\/strong>\u00a0150\u00a0<strong>Voltaje (VDC):<\/strong>\u00a012<\/p>\n","protected":false},"featured_media":3661,"comment_status":"open","ping_status":"closed","template":"","meta":{"_joinchat":[]},"product_brand":[],"product_cat":[26],"product_tag":[],"class_list":{"0":"post-3660","1":"product","2":"type-product","3":"status-publish","4":"has-post-thumbnail","6":"product_cat-potencia-y-energia","8":"first","9":"instock","10":"taxable","11":"shipping-taxable","12":"purchasable","13":"product-type-simple"},"_links":{"self":[{"href":"https:\/\/etagro.com\/index.php?rest_route=\/wp\/v2\/product\/3660","targetHints":{"allow":["GET"]}}],"collection":[{"href":"https:\/\/etagro.com\/index.php?rest_route=\/wp\/v2\/product"}],"about":[{"href":"https:\/\/etagro.com\/index.php?rest_route=\/wp\/v2\/types\/product"}],"replies":[{"embeddable":true,"href":"https:\/\/etagro.com\/index.php?rest_route=%2Fwp%2Fv2%2Fcomments&post=3660"}],"wp:featuredmedia":[{"embeddable":true,"href":"https:\/\/etagro.com\/index.php?rest_route=\/wp\/v2\/media\/3661"}],"wp:attachment":[{"href":"https:\/\/etagro.com\/index.php?rest_route=%2Fwp%2Fv2%2Fmedia&parent=3660"}],"wp:term":[{"taxonomy":"product_brand","embeddable":true,"href":"https:\/\/etagro.com\/index.php?rest_route=%2Fwp%2Fv2%2Fproduct_brand&post=3660"},{"taxonomy":"product_cat","embeddable":true,"href":"https:\/\/etagro.com\/index.php?rest_route=%2Fwp%2Fv2%2Fproduct_cat&post=3660"},{"taxonomy":"product_tag","embeddable":true,"href":"https:\/\/etagro.com\/index.php?rest_route=%2Fwp%2Fv2%2Fproduct_tag&post=3660"}],"curies":[{"name":"wp","href":"https:\/\/api.w.org\/{rel}","templated":true}]}}