{"id":3626,"date":"2025-10-08T03:48:48","date_gmt":"2025-10-08T08:48:48","guid":{"rendered":"https:\/\/etagro.com\/new\/?post_type=product&#038;p=3626"},"modified":"2025-10-22T01:51:57","modified_gmt":"2025-10-22T06:51:57","slug":"generador-diesel-kde6500e","status":"publish","type":"product","link":"https:\/\/etagro.com\/?product=generador-diesel-kde6500e","title":{"rendered":"Generador Di\u00e9sel KDE6500E"},"content":{"rendered":"<p>Los generadores Di\u00e9sel KAMA Constituyen la marca m\u00e1s reconocida en Colombia que brinda alto rendimiento, gran autonom\u00eda y permiten el ahorro de operaci\u00f3n y mantenimiento, gracias al uso de un combustible de mayor poder; Adem\u00e1s cuenta con repuestos econ\u00f3micos de alta calidad. Estos generadores atienden las necesidades de generaci\u00f3n de energ\u00eda con eficiencia y confiabilidad y gracias a su sistema AVR (regulaci\u00f3n electr\u00f3nica de voltaje), aportan un excelente desempe\u00f1o con cargas variables; su tablero incluye breaker de protecci\u00f3n, salidas de doble voltaje con selector en las versiones monof\u00e1sicas y tomas y enchufes machos entre sus accesorios; en potencias superiores a 6.5kVA; en su mayor\u00eda cuentan con KIT de ruedas que permiten un f\u00e1cil desplazamiento.<\/p>\n","protected":false},"excerpt":{"rendered":"<p>Kama\u00a0<strong>Potencia Stby (kVA):<\/strong>\u00a05.5\u00a0<strong>rpm:<\/strong>\u00a03600\u00a0<strong>Cabina:<\/strong>\u00a0NO\u00a0<strong>Motor Marca:<\/strong>\u00a0Kama\u00a0<strong>MARCA:<\/strong>\u00a0Kama\u00a0<strong>Potencia Stby (kVA):<\/strong>\u00a05.5\u00a0<strong>rpm:<\/strong>\u00a03600\u00a0<strong>Cabina:<\/strong>\u00a0NO\u00a0<strong>Motor Marca:<\/strong>\u00a0Kama<\/p>\n","protected":false},"featured_media":3630,"comment_status":"open","ping_status":"closed","template":"","meta":{"_joinchat":[]},"product_brand":[],"product_cat":[26],"product_tag":[],"class_list":{"0":"post-3626","1":"product","2":"type-product","3":"status-publish","4":"has-post-thumbnail","6":"product_cat-potencia-y-energia","8":"first","9":"instock","10":"taxable","11":"shipping-taxable","12":"purchasable","13":"product-type-simple"},"_links":{"self":[{"href":"https:\/\/etagro.com\/index.php?rest_route=\/wp\/v2\/product\/3626","targetHints":{"allow":["GET"]}}],"collection":[{"href":"https:\/\/etagro.com\/index.php?rest_route=\/wp\/v2\/product"}],"about":[{"href":"https:\/\/etagro.com\/index.php?rest_route=\/wp\/v2\/types\/product"}],"replies":[{"embeddable":true,"href":"https:\/\/etagro.com\/index.php?rest_route=%2Fwp%2Fv2%2Fcomments&post=3626"}],"wp:featuredmedia":[{"embeddable":true,"href":"https:\/\/etagro.com\/index.php?rest_route=\/wp\/v2\/media\/3630"}],"wp:attachment":[{"href":"https:\/\/etagro.com\/index.php?rest_route=%2Fwp%2Fv2%2Fmedia&parent=3626"}],"wp:term":[{"taxonomy":"product_brand","embeddable":true,"href":"https:\/\/etagro.com\/index.php?rest_route=%2Fwp%2Fv2%2Fproduct_brand&post=3626"},{"taxonomy":"product_cat","embeddable":true,"href":"https:\/\/etagro.com\/index.php?rest_route=%2Fwp%2Fv2%2Fproduct_cat&post=3626"},{"taxonomy":"product_tag","embeddable":true,"href":"https:\/\/etagro.com\/index.php?rest_route=%2Fwp%2Fv2%2Fproduct_tag&post=3626"}],"curies":[{"name":"wp","href":"https:\/\/api.w.org\/{rel}","templated":true}]}}