{"id":3621,"date":"2025-10-08T03:44:40","date_gmt":"2025-10-08T08:44:40","guid":{"rendered":"https:\/\/etagro.com\/new\/?post_type=product&#038;p=3621"},"modified":"2025-10-22T01:52:02","modified_gmt":"2025-10-22T06:52:02","slug":"generador-gasolina-ge8000e-k","status":"publish","type":"product","link":"https:\/\/etagro.com\/?product=generador-gasolina-ge8000e-k","title":{"rendered":"Generador Gasolina GE8000E-K"},"content":{"rendered":"<p>Los generadores gasolina ECOMAX permiten atender las necesidades de generaci\u00f3n de energ\u00eda con eficiencia, econom\u00eda en su precio y gracias a su sistema AVR (regulaci\u00f3n electr\u00f3nica de voltaje), aportan un excelente desempe\u00f1o con cargas variables; su tablero incluye breaker de protecci\u00f3n, salidas de doble voltaje con selector en las versiones monof\u00e1sicas y tomas y enchufes machos entre sus accesorios; en potencias superiores a 6.5kVA; cuentan con KIT de ruedas que permiten un f\u00e1cil desplazamiento.<\/p>\n","protected":false},"excerpt":{"rendered":"<p>Ecomax\u00a0<strong>Potencia Stby (kVA):<\/strong>\u00a08\u00a0<strong>rpm:<\/strong>\u00a03600\u00a0<strong>Cabina:<\/strong>\u00a0NO\u00a0<strong>Motor Marca:<\/strong>\u00a0Ecomax<\/p>\n","protected":false},"featured_media":3622,"comment_status":"open","ping_status":"closed","template":"","meta":{"_joinchat":[]},"product_brand":[],"product_cat":[26],"product_tag":[],"class_list":{"0":"post-3621","1":"product","2":"type-product","3":"status-publish","4":"has-post-thumbnail","6":"product_cat-potencia-y-energia","8":"first","9":"instock","10":"taxable","11":"shipping-taxable","12":"purchasable","13":"product-type-simple"},"_links":{"self":[{"href":"https:\/\/etagro.com\/index.php?rest_route=\/wp\/v2\/product\/3621","targetHints":{"allow":["GET"]}}],"collection":[{"href":"https:\/\/etagro.com\/index.php?rest_route=\/wp\/v2\/product"}],"about":[{"href":"https:\/\/etagro.com\/index.php?rest_route=\/wp\/v2\/types\/product"}],"replies":[{"embeddable":true,"href":"https:\/\/etagro.com\/index.php?rest_route=%2Fwp%2Fv2%2Fcomments&post=3621"}],"wp:featuredmedia":[{"embeddable":true,"href":"https:\/\/etagro.com\/index.php?rest_route=\/wp\/v2\/media\/3622"}],"wp:attachment":[{"href":"https:\/\/etagro.com\/index.php?rest_route=%2Fwp%2Fv2%2Fmedia&parent=3621"}],"wp:term":[{"taxonomy":"product_brand","embeddable":true,"href":"https:\/\/etagro.com\/index.php?rest_route=%2Fwp%2Fv2%2Fproduct_brand&post=3621"},{"taxonomy":"product_cat","embeddable":true,"href":"https:\/\/etagro.com\/index.php?rest_route=%2Fwp%2Fv2%2Fproduct_cat&post=3621"},{"taxonomy":"product_tag","embeddable":true,"href":"https:\/\/etagro.com\/index.php?rest_route=%2Fwp%2Fv2%2Fproduct_tag&post=3621"}],"curies":[{"name":"wp","href":"https:\/\/api.w.org\/{rel}","templated":true}]}}