{"id":3585,"date":"2025-10-08T02:28:32","date_gmt":"2025-10-08T07:28:32","guid":{"rendered":"https:\/\/etagro.com\/new\/?post_type=product&#038;p=3585"},"modified":"2025-10-22T01:52:40","modified_gmt":"2025-10-22T06:52:40","slug":"generador-gasolina-eu30is","status":"publish","type":"product","link":"https:\/\/etagro.com\/?product=generador-gasolina-eu30is","title":{"rendered":"Generador Gasolina EU30IS"},"content":{"rendered":"<p>Gracias a la tecnolog\u00eda de los generadores gasolina HONDA del tipo \u00abINVERTER\u00bb y Control de \u00abECO-THROTTLE\u00bb, ofrecemos los generadores port\u00e1tiles m\u00e1s avanzados del mundo que garantizan la mejor calidad de la energ\u00eda el\u00e9ctrica (frecuencia y voltaje), es decir, sin importar la velocidad a la que gire el motor mantienen voltaje y frecuencia; esto trae como beneficios adicionales: la econom\u00eda de combustible en bajas cargas y la gran velocidad de ajuste a los cambios bruscos. Caracter\u00edsticas que los hacen ideales en cargas cr\u00edticas como: laboratorios port\u00e1tiles, equipos electr\u00f3nicos, enlaces satelitales o de radio, TV o similares. Adem\u00e1s, son los equipos m\u00e1s silenciosos del mercado y la marca m\u00e1s prestigiosa en productos de potencia (HONDA).<\/p>\n","protected":false},"excerpt":{"rendered":"<p>Honda\u00a0<strong>Potencia Stby (kVA):<\/strong>\u00a03\u00a0<strong>rpm:<\/strong>\u00a03600\u00a0<strong>Cabina:<\/strong>\u00a0SI\u00a0<strong>Motor Marca:<\/strong>\u00a0Honda<\/p>\n","protected":false},"featured_media":3586,"comment_status":"open","ping_status":"closed","template":"","meta":{"_joinchat":[]},"product_brand":[],"product_cat":[26],"product_tag":[],"class_list":{"0":"post-3585","1":"product","2":"type-product","3":"status-publish","4":"has-post-thumbnail","6":"product_cat-potencia-y-energia","8":"first","9":"instock","10":"taxable","11":"shipping-taxable","12":"purchasable","13":"product-type-simple"},"_links":{"self":[{"href":"https:\/\/etagro.com\/index.php?rest_route=\/wp\/v2\/product\/3585","targetHints":{"allow":["GET"]}}],"collection":[{"href":"https:\/\/etagro.com\/index.php?rest_route=\/wp\/v2\/product"}],"about":[{"href":"https:\/\/etagro.com\/index.php?rest_route=\/wp\/v2\/types\/product"}],"replies":[{"embeddable":true,"href":"https:\/\/etagro.com\/index.php?rest_route=%2Fwp%2Fv2%2Fcomments&post=3585"}],"wp:featuredmedia":[{"embeddable":true,"href":"https:\/\/etagro.com\/index.php?rest_route=\/wp\/v2\/media\/3586"}],"wp:attachment":[{"href":"https:\/\/etagro.com\/index.php?rest_route=%2Fwp%2Fv2%2Fmedia&parent=3585"}],"wp:term":[{"taxonomy":"product_brand","embeddable":true,"href":"https:\/\/etagro.com\/index.php?rest_route=%2Fwp%2Fv2%2Fproduct_brand&post=3585"},{"taxonomy":"product_cat","embeddable":true,"href":"https:\/\/etagro.com\/index.php?rest_route=%2Fwp%2Fv2%2Fproduct_cat&post=3585"},{"taxonomy":"product_tag","embeddable":true,"href":"https:\/\/etagro.com\/index.php?rest_route=%2Fwp%2Fv2%2Fproduct_tag&post=3585"}],"curies":[{"name":"wp","href":"https:\/\/api.w.org\/{rel}","templated":true}]}}