{"id":3567,"date":"2025-10-07T18:28:15","date_gmt":"2025-10-07T23:28:15","guid":{"rendered":"https:\/\/etagro.com\/new\/?post_type=product&#038;p=3567"},"modified":"2025-10-07T18:28:15","modified_gmt":"2025-10-07T23:28:15","slug":"modulo-clasificador-mc-4","status":"publish","type":"product","link":"https:\/\/etagro.com\/?product=modulo-clasificador-mc-4","title":{"rendered":"M\u00f3dulo Clasificador MC-4"},"content":{"rendered":"<p>Decidimos optimizar el proceso del caf\u00e9 fermentado.<br \/>\nEl m\u00f3dulo clasificador despulpa el caf\u00e9 cereza maduro sin usar agua (clasificando los granos no despulpados de los despulpados), separa la pulpa en un sentido y la pasilla en otro, dejando el grano listo para el proceso de fermentaci\u00f3n.<br \/>\nCon despulpadora Horizontal DH \u2013 4<br \/>\n\u2013 Despulpa y clasifica el caf\u00e9 cereza mejorando la calidad del caf\u00e9.<br \/>\n\u2013 Ideal para peque\u00f1os caficultores.<br \/>\n\u2013 F\u00e1cil operaci\u00f3n y mantenimiento.<\/p>\n<table width=\"372\">\n<tbody>\n<tr>\n<td width=\"182\">Modelo<\/td>\n<td width=\"190\">MC-4<\/td>\n<\/tr>\n<tr>\n<td width=\"182\">Producci\u00f3n manual<\/td>\n<td width=\"190\">300-350 kg de caf\u00e9 cereza por hora<\/td>\n<\/tr>\n<tr>\n<td width=\"182\">Producci\u00f3n con motor<\/td>\n<td width=\"190\">400-450 kg de caf\u00e9 cereza por hora<\/td>\n<\/tr>\n<tr>\n<td width=\"182\">Potencia el\u00e9ctrica requerida<\/td>\n<td width=\"190\">0.75 HP<\/td>\n<\/tr>\n<tr>\n<td width=\"182\">Potencia motor a combusti\u00f3n<\/td>\n<td width=\"190\">6.5 HP<\/td>\n<\/tr>\n<tr>\n<td width=\"182\">Despulpadora<\/td>\n<td width=\"190\">DH-4<\/td>\n<\/tr>\n<tr>\n<td width=\"182\">Cilindro<\/td>\n<td width=\"190\">Tubo PVC<\/td>\n<\/tr>\n<tr>\n<td width=\"182\">Capacidad tanque<\/td>\n<td width=\"190\">350 lt x 2<\/td>\n<\/tr>\n<tr>\n<td width=\"182\">Camisa<\/td>\n<td width=\"190\">Inox<\/td>\n<\/tr>\n<tr>\n<td width=\"182\">Peso<\/td>\n<td width=\"190\">63 kg<\/td>\n<\/tr>\n<\/tbody>\n<\/table>\n","protected":false},"excerpt":{"rendered":"<p>M\u00f3dulo para despulpar y clasificar caf\u00e9 para 500 kilos de caf\u00e9 cereza\/hora. Incluye: Despulpadora Horizontal<br \/>\nDH-4 (cilindro en tubo pvc y camisa en inoxidable), costados en l\u00e1mina, zaranda en l\u00e1mina troquelada,<br \/>\nbandeja salida de caf\u00e9 despulpado, canal salida pulpa, canal salida caf\u00e9 pasilla en acero inoxidable, estructura<br \/>\nen \u00e1ngulo, base para motor el\u00e9ctrico y\/o gasolina. No incluye motor, ni polea, ni correa.<\/p>\n","protected":false},"featured_media":3568,"comment_status":"open","ping_status":"closed","template":"","meta":{"_joinchat":[]},"product_brand":[],"product_cat":[30],"product_tag":[],"class_list":{"0":"post-3567","1":"product","2":"type-product","3":"status-publish","4":"has-post-thumbnail","6":"product_cat-cafe-y-panela","8":"first","9":"instock","10":"taxable","11":"shipping-taxable","12":"purchasable","13":"product-type-simple"},"_links":{"self":[{"href":"https:\/\/etagro.com\/index.php?rest_route=\/wp\/v2\/product\/3567","targetHints":{"allow":["GET"]}}],"collection":[{"href":"https:\/\/etagro.com\/index.php?rest_route=\/wp\/v2\/product"}],"about":[{"href":"https:\/\/etagro.com\/index.php?rest_route=\/wp\/v2\/types\/product"}],"replies":[{"embeddable":true,"href":"https:\/\/etagro.com\/index.php?rest_route=%2Fwp%2Fv2%2Fcomments&post=3567"}],"wp:featuredmedia":[{"embeddable":true,"href":"https:\/\/etagro.com\/index.php?rest_route=\/wp\/v2\/media\/3568"}],"wp:attachment":[{"href":"https:\/\/etagro.com\/index.php?rest_route=%2Fwp%2Fv2%2Fmedia&parent=3567"}],"wp:term":[{"taxonomy":"product_brand","embeddable":true,"href":"https:\/\/etagro.com\/index.php?rest_route=%2Fwp%2Fv2%2Fproduct_brand&post=3567"},{"taxonomy":"product_cat","embeddable":true,"href":"https:\/\/etagro.com\/index.php?rest_route=%2Fwp%2Fv2%2Fproduct_cat&post=3567"},{"taxonomy":"product_tag","embeddable":true,"href":"https:\/\/etagro.com\/index.php?rest_route=%2Fwp%2Fv2%2Fproduct_tag&post=3567"}],"curies":[{"name":"wp","href":"https:\/\/api.w.org\/{rel}","templated":true}]}}