{"id":3558,"date":"2025-10-07T18:14:12","date_gmt":"2025-10-07T23:14:12","guid":{"rendered":"https:\/\/etagro.com\/new\/?post_type=product&#038;p=3558"},"modified":"2025-10-07T18:14:12","modified_gmt":"2025-10-07T23:14:12","slug":"despulpadora-horizontal-dh-4-%c2%bd-cobre","status":"publish","type":"product","link":"https:\/\/etagro.com\/?product=despulpadora-horizontal-dh-4-%c2%bd-cobre","title":{"rendered":"Despulpadora Horizontal DH-4 \u00bd Cobre"},"content":{"rendered":"<p><b>Potencia, eficiencia y durabilidad en una sola m\u00e1quina<\/b><\/p>\n<p>Dise\u00f1ada para ofrecer un proceso de despulpado eficiente, y de bajo mantenimiento. Fabricada con componentes principales como costados, pechero, cilindro volante y pi\u00f1ones del alimentador en hierro gris, esta m\u00e1quina garantiza alta resistencia al desgaste y larga vida \u00fatil, incluso en condiciones exigentes.<\/p>\n<ul>\n<li aria-level=\"1\"><b>Tolva con deflectores<\/b>\u00a0que mejora el flujo del caf\u00e9, evita atascamientos y asegura una alimentaci\u00f3n constante.<\/li>\n<li aria-level=\"1\"><b>Durabilidad<\/b>\u00a0y\u00a0<b>fiabilidad<\/b>\u00a0para caficultores que buscan mejorar la eficiencia en su finca sin comprometer la calidad del grano.<br \/>\n<table width=\"372\">\n<tbody>\n<tr>\n<td width=\"182\">Modelo<\/td>\n<td width=\"190\">DH-4 1\/2<\/td>\n<\/tr>\n<tr>\n<td width=\"182\">Producci\u00f3n con motor<\/td>\n<td width=\"190\">1100-1300* kg de caf\u00e9 cereza por hora<\/td>\n<\/tr>\n<tr>\n<td width=\"182\">Potencia el\u00e9ctrica requerida<\/td>\n<td width=\"190\">1 HP<\/td>\n<\/tr>\n<tr>\n<td width=\"182\">Potencia motor a combusti\u00f3n<\/td>\n<td width=\"190\">6.5 HP<\/td>\n<\/tr>\n<tr>\n<td width=\"182\">Cilindro<\/td>\n<td width=\"190\">Hierro<\/td>\n<\/tr>\n<tr>\n<td width=\"182\">Camisa<\/td>\n<td width=\"190\">Cobre o Inox<\/td>\n<\/tr>\n<tr>\n<td width=\"182\">N\u00famero de chorros<\/td>\n<td width=\"190\">4<\/td>\n<\/tr>\n<tr>\n<td width=\"182\">Peso Neto<\/td>\n<td width=\"190\">125 kg<\/td>\n<\/tr>\n<\/tbody>\n<\/table>\n<\/li>\n<\/ul>\n","protected":false},"excerpt":{"rendered":"<p>Despulpadora horizontal para 1100-1.300 kgs. de caf\u00e9 cereza\/hora, costados y cilindro en<br \/>\nfundici\u00f3n. Camisa en cobre. 4 chorros.<\/p>\n","protected":false},"featured_media":3559,"comment_status":"open","ping_status":"closed","template":"","meta":{"_joinchat":[]},"product_brand":[],"product_cat":[30],"product_tag":[],"class_list":{"0":"post-3558","1":"product","2":"type-product","3":"status-publish","4":"has-post-thumbnail","6":"product_cat-cafe-y-panela","8":"first","9":"instock","10":"taxable","11":"shipping-taxable","12":"purchasable","13":"product-type-simple"},"_links":{"self":[{"href":"https:\/\/etagro.com\/index.php?rest_route=\/wp\/v2\/product\/3558","targetHints":{"allow":["GET"]}}],"collection":[{"href":"https:\/\/etagro.com\/index.php?rest_route=\/wp\/v2\/product"}],"about":[{"href":"https:\/\/etagro.com\/index.php?rest_route=\/wp\/v2\/types\/product"}],"replies":[{"embeddable":true,"href":"https:\/\/etagro.com\/index.php?rest_route=%2Fwp%2Fv2%2Fcomments&post=3558"}],"wp:featuredmedia":[{"embeddable":true,"href":"https:\/\/etagro.com\/index.php?rest_route=\/wp\/v2\/media\/3559"}],"wp:attachment":[{"href":"https:\/\/etagro.com\/index.php?rest_route=%2Fwp%2Fv2%2Fmedia&parent=3558"}],"wp:term":[{"taxonomy":"product_brand","embeddable":true,"href":"https:\/\/etagro.com\/index.php?rest_route=%2Fwp%2Fv2%2Fproduct_brand&post=3558"},{"taxonomy":"product_cat","embeddable":true,"href":"https:\/\/etagro.com\/index.php?rest_route=%2Fwp%2Fv2%2Fproduct_cat&post=3558"},{"taxonomy":"product_tag","embeddable":true,"href":"https:\/\/etagro.com\/index.php?rest_route=%2Fwp%2Fv2%2Fproduct_tag&post=3558"}],"curies":[{"name":"wp","href":"https:\/\/api.w.org\/{rel}","templated":true}]}}